{"id":4794,"date":"2015-08-30T16:19:19","date_gmt":"2015-08-30T16:19:19","guid":{"rendered":"http:\/\/www.kufsteinermusikhaus.com\/store\/?page_id=4794"},"modified":"2015-09-07T14:32:51","modified_gmt":"2015-09-07T14:32:51","slug":"westerngitarren","status":"publish","type":"page","link":"https:\/\/www.kufsteinermusikhaus.com\/store\/westerngitarren\/","title":{"rendered":"Westerngitarren"},"content":{"rendered":"<p>Auch im Segment der Westerngitarren k\u00f6nnen wir ein stattliches Sortiment vorweisen. Besonders zu nennen w\u00e4re, das wir CF Martin Guitars St\u00fctzpunkth\u00e4ndler sind. Wir haben auch immer um die 10-15 Martin Gitarren vorr\u00e4tig. Weiterhin f\u00fchren wir auch folgende Marken:<\/p>\n<p>Sigma, Cort, Fender, Blueridge, Furch sowie auch Ovation und Takamine. Hier gilt auch wie bei den E- Gitarren, einfach mal anfragen und wir k\u00f6nnen in der Regel weiterhelfen.<br \/>\nNat\u00fcrlich f\u00fchren wir auch Ukulelen in allen Varianten + die dazugeh\u00f6rige Literatur<\/p>\n<p>&nbsp;<\/p>\n<p><a href=\"http:\/\/www.kufsteinermusikhaus.com\/store\/wp-content\/uploads\/2015\/08\/RaumAkustik1.jpg\"><img loading=\"lazy\" decoding=\"async\" class=\"alignnone size-medium wp-image-4957\" src=\"http:\/\/www.kufsteinermusikhaus.com\/store\/wp-content\/uploads\/2015\/08\/RaumAkustik1-300x200.jpg\" alt=\"RaumAkustik1\" width=\"300\" height=\"200\" srcset=\"https:\/\/www.kufsteinermusikhaus.com\/store\/wp-content\/uploads\/2015\/08\/RaumAkustik1-300x200.jpg 300w, https:\/\/www.kufsteinermusikhaus.com\/store\/wp-content\/uploads\/2015\/08\/RaumAkustik1-250x166.jpg 250w, https:\/\/www.kufsteinermusikhaus.com\/store\/wp-content\/uploads\/2015\/08\/RaumAkustik1.jpg 1000w, https:\/\/www.kufsteinermusikhaus.com\/store\/wp-content\/uploads\/2015\/08\/RaumAkustik1-745x495.jpg 745w\" sizes=\"auto, (max-width: 300px) 100vw, 300px\" \/><\/a>\u00a0<a href=\"http:\/\/www.kufsteinermusikhaus.com\/store\/wp-content\/uploads\/2015\/08\/RaumAkustik9.jpg\"><img loading=\"lazy\" decoding=\"async\" class=\"alignnone size-medium wp-image-4960\" src=\"http:\/\/www.kufsteinermusikhaus.com\/store\/wp-content\/uploads\/2015\/08\/RaumAkustik9-300x200.jpg\" alt=\"RaumAkustik9\" width=\"300\" height=\"200\" srcset=\"https:\/\/www.kufsteinermusikhaus.com\/store\/wp-content\/uploads\/2015\/08\/RaumAkustik9-300x200.jpg 300w, https:\/\/www.kufsteinermusikhaus.com\/store\/wp-content\/uploads\/2015\/08\/RaumAkustik9-250x166.jpg 250w, https:\/\/www.kufsteinermusikhaus.com\/store\/wp-content\/uploads\/2015\/08\/RaumAkustik9.jpg 1000w, https:\/\/www.kufsteinermusikhaus.com\/store\/wp-content\/uploads\/2015\/08\/RaumAkustik9-745x495.jpg 745w\" sizes=\"auto, (max-width: 300px) 100vw, 300px\" \/><\/a><\/p>\n<p><a href=\"http:\/\/www.kufsteinermusikhaus.com\/store\/wp-content\/uploads\/2015\/08\/RaumAkustik5.jpg\"><img loading=\"lazy\" decoding=\"async\" class=\"alignnone size-medium wp-image-4958\" src=\"http:\/\/www.kufsteinermusikhaus.com\/store\/wp-content\/uploads\/2015\/08\/RaumAkustik5-300x200.jpg\" alt=\"RaumAkustik5\" width=\"300\" height=\"200\" srcset=\"https:\/\/www.kufsteinermusikhaus.com\/store\/wp-content\/uploads\/2015\/08\/RaumAkustik5-300x200.jpg 300w, https:\/\/www.kufsteinermusikhaus.com\/store\/wp-content\/uploads\/2015\/08\/RaumAkustik5-250x166.jpg 250w, https:\/\/www.kufsteinermusikhaus.com\/store\/wp-content\/uploads\/2015\/08\/RaumAkustik5.jpg 1000w, https:\/\/www.kufsteinermusikhaus.com\/store\/wp-content\/uploads\/2015\/08\/RaumAkustik5-745x495.jpg 745w\" sizes=\"auto, (max-width: 300px) 100vw, 300px\" \/><\/a> <a href=\"http:\/\/www.kufsteinermusikhaus.com\/store\/wp-content\/uploads\/2015\/08\/RaumAkustik8.jpg\"><img loading=\"lazy\" decoding=\"async\" class=\"alignnone size-medium wp-image-4959\" src=\"http:\/\/www.kufsteinermusikhaus.com\/store\/wp-content\/uploads\/2015\/08\/RaumAkustik8-300x200.jpg\" alt=\"RaumAkustik8\" width=\"300\" height=\"200\" srcset=\"https:\/\/www.kufsteinermusikhaus.com\/store\/wp-content\/uploads\/2015\/08\/RaumAkustik8-300x200.jpg 300w, https:\/\/www.kufsteinermusikhaus.com\/store\/wp-content\/uploads\/2015\/08\/RaumAkustik8-250x166.jpg 250w, https:\/\/www.kufsteinermusikhaus.com\/store\/wp-content\/uploads\/2015\/08\/RaumAkustik8.jpg 1000w, https:\/\/www.kufsteinermusikhaus.com\/store\/wp-content\/uploads\/2015\/08\/RaumAkustik8-745x495.jpg 745w\" sizes=\"auto, (max-width: 300px) 100vw, 300px\" \/><\/a><\/p>\n","protected":false},"excerpt":{"rendered":"<p>Auch im Segment der Westerngitarren k\u00f6nnen wir ein stattliches Sortiment vorweisen. Besonders zu nennen w\u00e4re, das wir CF Martin Guitars St\u00fctzpunkth\u00e4ndler sind. Wir haben auch immer um die 10-15 Martin Gitarren vorr\u00e4tig. Weiterhin f\u00fchren wir auch folgende Marken: Sigma, Cort, Fender, Blueridge, Furch sowie auch Ovation und Takamine. Hier gilt auch wie bei den E- [&hellip;]<\/p>\n","protected":false},"author":1,"featured_media":0,"parent":0,"menu_order":0,"comment_status":"closed","ping_status":"closed","template":"","meta":{"_uag_custom_page_level_css":"","site-sidebar-layout":"default","site-content-layout":"","ast-site-content-layout":"default","site-content-style":"default","site-sidebar-style":"default","ast-global-header-display":"","ast-banner-title-visibility":"","ast-main-header-display":"","ast-hfb-above-header-display":"","ast-hfb-below-header-display":"","ast-hfb-mobile-header-display":"","site-post-title":"","ast-breadcrumbs-content":"","ast-featured-img":"","footer-sml-layout":"","ast-disable-related-posts":"","theme-transparent-header-meta":"","adv-header-id-meta":"","stick-header-meta":"","header-above-stick-meta":"","header-main-stick-meta":"","header-below-stick-meta":"","astra-migrate-meta-layouts":"default","ast-page-background-enabled":"default","ast-page-background-meta":{"desktop":{"background-color":"var(--ast-global-color-4)","background-image":"","background-repeat":"repeat","background-position":"center center","background-size":"auto","background-attachment":"scroll","background-type":"","background-media":"","overlay-type":"","overlay-color":"","overlay-opacity":"","overlay-gradient":""},"tablet":{"background-color":"","background-image":"","background-repeat":"repeat","background-position":"center center","background-size":"auto","background-attachment":"scroll","background-type":"","background-media":"","overlay-type":"","overlay-color":"","overlay-opacity":"","overlay-gradient":""},"mobile":{"background-color":"","background-image":"","background-repeat":"repeat","background-position":"center center","background-size":"auto","background-attachment":"scroll","background-type":"","background-media":"","overlay-type":"","overlay-color":"","overlay-opacity":"","overlay-gradient":""}},"ast-content-background-meta":{"desktop":{"background-color":"var(--ast-global-color-5)","background-image":"","background-repeat":"repeat","background-position":"center center","background-size":"auto","background-attachment":"scroll","background-type":"","background-media":"","overlay-type":"","overlay-color":"","overlay-opacity":"","overlay-gradient":""},"tablet":{"background-color":"var(--ast-global-color-5)","background-image":"","background-repeat":"repeat","background-position":"center center","background-size":"auto","background-attachment":"scroll","background-type":"","background-media":"","overlay-type":"","overlay-color":"","overlay-opacity":"","overlay-gradient":""},"mobile":{"background-color":"var(--ast-global-color-5)","background-image":"","background-repeat":"repeat","background-position":"center center","background-size":"auto","background-attachment":"scroll","background-type":"","background-media":"","overlay-type":"","overlay-color":"","overlay-opacity":"","overlay-gradient":""}},"footnotes":""},"class_list":["post-4794","page","type-page","status-publish","hentry"],"uagb_featured_image_src":{"full":false,"thumbnail":false,"medium":false,"medium_large":false,"large":false,"1536x1536":false,"2048x2048":false,"woocommerce_thumbnail":false,"woocommerce_single":false,"woocommerce_gallery_thumbnail":false},"uagb_author_info":{"display_name":"wordpressadmin","author_link":"https:\/\/www.kufsteinermusikhaus.com\/store\/author\/wordpressadmin\/"},"uagb_comment_info":0,"uagb_excerpt":"Auch im Segment der Westerngitarren k\u00f6nnen wir ein stattliches Sortiment vorweisen. Besonders zu nennen w\u00e4re, das wir CF Martin Guitars St\u00fctzpunkth\u00e4ndler sind. Wir haben auch immer um die 10-15 Martin Gitarren vorr\u00e4tig. Weiterhin f\u00fchren wir auch folgende Marken: Sigma, Cort, Fender, Blueridge, Furch sowie auch Ovation und Takamine. Hier gilt auch wie bei den E-&hellip;","_links":{"self":[{"href":"https:\/\/www.kufsteinermusikhaus.com\/store\/wp-json\/wp\/v2\/pages\/4794","targetHints":{"allow":["GET"]}}],"collection":[{"href":"https:\/\/www.kufsteinermusikhaus.com\/store\/wp-json\/wp\/v2\/pages"}],"about":[{"href":"https:\/\/www.kufsteinermusikhaus.com\/store\/wp-json\/wp\/v2\/types\/page"}],"author":[{"embeddable":true,"href":"https:\/\/www.kufsteinermusikhaus.com\/store\/wp-json\/wp\/v2\/users\/1"}],"replies":[{"embeddable":true,"href":"https:\/\/www.kufsteinermusikhaus.com\/store\/wp-json\/wp\/v2\/comments?post=4794"}],"version-history":[{"count":0,"href":"https:\/\/www.kufsteinermusikhaus.com\/store\/wp-json\/wp\/v2\/pages\/4794\/revisions"}],"wp:attachment":[{"href":"https:\/\/www.kufsteinermusikhaus.com\/store\/wp-json\/wp\/v2\/media?parent=4794"}],"curies":[{"name":"wp","href":"https:\/\/api.w.org\/{rel}","templated":true}]}}