{"id":10398,"date":"2021-11-25T12:37:28","date_gmt":"2021-11-25T11:37:28","guid":{"rendered":"https:\/\/www.kufsteinermusikhaus.com\/store\/?post_type=product&#038;p=10398"},"modified":"2024-01-29T16:02:54","modified_gmt":"2024-01-29T14:02:54","slug":"austrian-audio-hi-x65","status":"publish","type":"product","link":"https:\/\/www.kufsteinermusikhaus.com\/store\/produkt\/austrian-audio-hi-x65\/","title":{"rendered":"Austrian Audio Hi-X65"},"content":{"rendered":"<p><strong>Begeisternd. Ehrlich. <\/strong><\/p>\n<p>Unser neuer offener Kopfh\u00f6rer Hi-X65 wurde speziell f\u00fcr das Mischen und Mastern entwickelt. Er wurde entwickelt, um das Bed\u00fcrfnis nach genauem, pr\u00e4zisem H\u00f6ren in diesen kritischen Phasen des Audioproduktionsprozesses zu erf\u00fcllen. Die gleichen Qualit\u00e4ten, die ihn f\u00fcr die professionelle Audioproduktion pr\u00e4destinieren, machen ihn auch zum idealen Kopfh\u00f6rer f\u00fcr Audiophile, die es sch\u00e4tzen, jede Nuance ihrer Lieblingsmusik zu h\u00f6ren. Hohe Pr\u00e4zision trifft auf puren Genuss. Der Hi-X65-Kopfh\u00f6rer ist mit einem Treiber ausgestattet, der urspr\u00fcnglich f\u00fcr offene Kopfh\u00f6rer entwickelt wurde. Das H\u00f6ren dieses Kopfh\u00f6rers ist wie das \u00d6ffnen eines neuen Fensters f\u00fcr Ihre Musik. Das offene Design sorgt f\u00fcr einen nat\u00fcrlichen und r\u00e4umlichen Klang, der die Positionierung und den Charakter der einzelnen Elemente in neuer Klarheit erscheinen l\u00e4sst. Der Hi-X65-Kopfh\u00f6rer bietet eine hochaufl\u00f6sende, pr\u00e4zise Klangperspektive und ist ein wichtiges neues Werkzeug f\u00fcr professionelles Mixing und Mastering. Made in Austria. Sie werden die Qualit\u00e4t Ihres neuen Hi-X65-Kopfh\u00f6rers in dem Moment verstehen, in dem Sie ihn aus der Verpackung nehmen, noch bevor Sie den ersten Ton geh\u00f6rt haben. Er liegt gut in der Hand und gut auf den Ohren, und die Verarbeitungsqualit\u00e4t ist, wie zu erwarten, au\u00dfergew\u00f6hnlich. Die Hi-X65 Kopfh\u00f6rer werden in \u00d6sterreich von einem Team begeisterter Experten mit langj\u00e4hriger Erfahrung in der Herstellung von hochwertigen Mikrofonen und Kopfh\u00f6rern f\u00fcr anspruchsvolle Audioprofis entwickelt, konstruiert und gefertigt. Nat\u00fcrlich liegt der endg\u00fcltige Test der Qualit\u00e4t im H\u00f6ren. Setzen Sie den Kopfh\u00f6rer auf, schalten Sie Ihre Musik ein und erleben Sie selbst die Klarheit und Pr\u00e4zision der Hi-X Technologie in einem offenen Design. Sie werden genau h\u00f6ren, was wir meinen.<\/p>\n<p>Hauptmerkmale<\/p>\n<p>Propriet\u00e4re High-Excursion-Treiber Perfekt auf die Musikproduktion von heute zugeschnitten 2x Abnehmbares Kabel 1x 3m + 1x 1.2m. F\u00fcr erh\u00f6hte Sicherheit und einfaches Austauschen Inklusive 3,5 mm auf 6,3 mm Adapter Perfekt f\u00fcrs Studio oder f\u00fcr unterwegs Kopfb\u00fcgel und Scharniere aus Metall Lange Haltbarkeit auch unter den h\u00e4rtesten Bedingungen im Studio oder unterwegs Ausgekl\u00fcgelte Faltkonstruktion F\u00fcr maximale Mobilit\u00e4t und einfache Aufbewahrung Ohrpolster aus speziellem Memory Foam Reduzieren Erm\u00fcdungserscheinungen bei langen Aufnahme- oder Abh\u00f6r-Sessions<\/p>\n<p>High-Excursion-Technologie Der brandneue 44mm Hi-X-Treiber wurde von unseren Akustikern von Grund auf neu entwickelt. Diese neu entwickelte \u201eHigh Excursion\u201c-Technologie erm\u00f6glicht einen verbesserten Luftstrom und das st\u00e4rkste Magnetfeld seiner Klasse. Das Ringmagnetsystem in Verbindung mit einer kupferummantelten Aluminiumschwingspule reduziert das Gewicht der bewegten Massen. Auf diese Weise erm\u00f6glicht diese Konstruktion deutlich schnellere Bewegungen und Richtungswechsel. Das Ergebnis ist eine stark verbesserte Wiedergabe von Transienten und Pegelspitzen, was von zentraler Bedeutung bei der Arbeit auf heutigen digitalen Recording- und Mischsystemen ist, und au\u00dferdem eine pr\u00e4zise Wiedergabe des Tiefbassbereichs garantiert.<\/p>\n<p>Technische Spezifikationen Bauform:<\/p>\n<p>ohrumschlie\u00dfend System: offen Frequenzbereich: 5 Hz \u2013 28 kHz Empfindlichkeit: 110 dBspl\/V Klirrfaktor (@ 1kHz): &lt; 0.1% Impedanz: 25 \u03a9 Nennbelastbarkeit: 150 mW Kabel (abnehmbar): 3 m + 1.2 m Stecker: 3.5 mm (1\/8\u201d) Adapter (inklusive): 3.5 mm to 6.3 mm (1\/8\u201d to 1\/4&#8243;) Abmessungen: 200 x 170 x 85 mm Gewicht (ohne Kabel): 310 g<\/p>\n","protected":false},"excerpt":{"rendered":"<h1 class=\"js-slide-up\">Hi-X65<\/h1>\n<p class=\"js-slide-up a\">Professioneller offener, ohrumschlie\u00dfender Kopfh\u00f6rer<\/p>\n<h2 class=\"js-slide-up b\">Begeisternd. Ehrlich.<\/h2>\n[embed]https:\/\/youtu.be\/BTLu3-37tnI[\/embed]\n","protected":false},"featured_media":10404,"template":"","meta":{"_uag_custom_page_level_css":"","site-sidebar-layout":"default","site-content-layout":"","ast-site-content-layout":"default","site-content-style":"default","site-sidebar-style":"default","ast-global-header-display":"","ast-banner-title-visibility":"","ast-main-header-display":"","ast-hfb-above-header-display":"","ast-hfb-below-header-display":"","ast-hfb-mobile-header-display":"","site-post-title":"","ast-breadcrumbs-content":"","ast-featured-img":"","footer-sml-layout":"","ast-disable-related-posts":"","theme-transparent-header-meta":"","adv-header-id-meta":"","stick-header-meta":"","header-above-stick-meta":"","header-main-stick-meta":"","header-below-stick-meta":"","astra-migrate-meta-layouts":"default","ast-page-background-enabled":"default","ast-page-background-meta":{"desktop":{"background-color":"var(--ast-global-color-4)","background-image":"","background-repeat":"repeat","background-position":"center center","background-size":"auto","background-attachment":"scroll","background-type":"","background-media":"","overlay-type":"","overlay-color":"","overlay-opacity":"","overlay-gradient":""},"tablet":{"background-color":"","background-image":"","background-repeat":"repeat","background-position":"center center","background-size":"auto","background-attachment":"scroll","background-type":"","background-media":"","overlay-type":"","overlay-color":"","overlay-opacity":"","overlay-gradient":""},"mobile":{"background-color":"","background-image":"","background-repeat":"repeat","background-position":"center center","background-size":"auto","background-attachment":"scroll","background-type":"","background-media":"","overlay-type":"","overlay-color":"","overlay-opacity":"","overlay-gradient":""}},"ast-content-background-meta":{"desktop":{"background-color":"var(--ast-global-color-5)","background-image":"","background-repeat":"repeat","background-position":"center center","background-size":"auto","background-attachment":"scroll","background-type":"","background-media":"","overlay-type":"","overlay-color":"","overlay-opacity":"","overlay-gradient":""},"tablet":{"background-color":"var(--ast-global-color-5)","background-image":"","background-repeat":"repeat","background-position":"center center","background-size":"auto","background-attachment":"scroll","background-type":"","background-media":"","overlay-type":"","overlay-color":"","overlay-opacity":"","overlay-gradient":""},"mobile":{"background-color":"var(--ast-global-color-5)","background-image":"","background-repeat":"repeat","background-position":"center center","background-size":"auto","background-attachment":"scroll","background-type":"","background-media":"","overlay-type":"","overlay-color":"","overlay-opacity":"","overlay-gradient":""}}},"product_brand":[],"product_cat":[249,130],"product_tag":[],"class_list":{"0":"post-10398","1":"product","2":"type-product","3":"status-publish","4":"has-post-thumbnail","6":"product_cat-austrian-audio","7":"product_cat-mikrofone-kopfhoerer","8":"product_shipping_class-laenge-bis-50cm","9":"desktop-align-center","10":"tablet-align-left","11":"mobile-align-left","12":"ast-product-gallery-layout-horizontal-slider","13":"ast-product-tabs-layout-accordion","15":"first","16":"instock","17":"sale","18":"featured","19":"taxable","20":"shipping-taxable","21":"purchasable","22":"product-type-simple"},"uagb_featured_image_src":{"full":["https:\/\/www.kufsteinermusikhaus.com\/store\/wp-content\/uploads\/2021\/11\/Austrian-hix65-1.jpg",800,800,false],"thumbnail":["https:\/\/www.kufsteinermusikhaus.com\/store\/wp-content\/uploads\/2021\/11\/Austrian-hix65-1-150x150.jpg",150,150,true],"medium":["https:\/\/www.kufsteinermusikhaus.com\/store\/wp-content\/uploads\/2021\/11\/Austrian-hix65-1-300x300.jpg",300,300,true],"medium_large":["https:\/\/www.kufsteinermusikhaus.com\/store\/wp-content\/uploads\/2021\/11\/Austrian-hix65-1.jpg",800,800,false],"large":["https:\/\/www.kufsteinermusikhaus.com\/store\/wp-content\/uploads\/2021\/11\/Austrian-hix65-1.jpg",800,800,false],"1536x1536":["https:\/\/www.kufsteinermusikhaus.com\/store\/wp-content\/uploads\/2021\/11\/Austrian-hix65-1.jpg",800,800,false],"2048x2048":["https:\/\/www.kufsteinermusikhaus.com\/store\/wp-content\/uploads\/2021\/11\/Austrian-hix65-1.jpg",800,800,false],"woocommerce_thumbnail":["https:\/\/www.kufsteinermusikhaus.com\/store\/wp-content\/uploads\/2021\/11\/Austrian-hix65-1-250x250.jpg",250,250,true],"woocommerce_single":["https:\/\/www.kufsteinermusikhaus.com\/store\/wp-content\/uploads\/2021\/11\/Austrian-hix65-1.jpg",800,800,false],"woocommerce_gallery_thumbnail":["https:\/\/www.kufsteinermusikhaus.com\/store\/wp-content\/uploads\/2021\/11\/Austrian-hix65-1-100x100.jpg",100,100,true]},"uagb_author_info":{"display_name":"wordpressadmin","author_link":"https:\/\/www.kufsteinermusikhaus.com\/store\/author\/"},"uagb_comment_info":0,"uagb_excerpt":"Hi-X65 Professioneller offener, ohrumschlie\u00dfender Kopfh\u00f6rer Begeisternd. Ehrlich. [embed]https:\/\/youtu.be\/BTLu3-37tnI[\/embed]","_links":{"self":[{"href":"https:\/\/www.kufsteinermusikhaus.com\/store\/wp-json\/wp\/v2\/product\/10398","targetHints":{"allow":["GET"]}}],"collection":[{"href":"https:\/\/www.kufsteinermusikhaus.com\/store\/wp-json\/wp\/v2\/product"}],"about":[{"href":"https:\/\/www.kufsteinermusikhaus.com\/store\/wp-json\/wp\/v2\/types\/product"}],"wp:featuredmedia":[{"embeddable":true,"href":"https:\/\/www.kufsteinermusikhaus.com\/store\/wp-json\/wp\/v2\/media\/10404"}],"wp:attachment":[{"href":"https:\/\/www.kufsteinermusikhaus.com\/store\/wp-json\/wp\/v2\/media?parent=10398"}],"wp:term":[{"taxonomy":"product_brand","embeddable":true,"href":"https:\/\/www.kufsteinermusikhaus.com\/store\/wp-json\/wp\/v2\/product_brand?post=10398"},{"taxonomy":"product_cat","embeddable":true,"href":"https:\/\/www.kufsteinermusikhaus.com\/store\/wp-json\/wp\/v2\/product_cat?post=10398"},{"taxonomy":"product_tag","embeddable":true,"href":"https:\/\/www.kufsteinermusikhaus.com\/store\/wp-json\/wp\/v2\/product_tag?post=10398"}],"curies":[{"name":"wp","href":"https:\/\/api.w.org\/{rel}","templated":true}]}}