{"id":10766,"date":"2021-12-09T19:51:33","date_gmt":"2021-12-09T18:51:33","guid":{"rendered":"https:\/\/www.kufsteinermusikhaus.com\/store\/?post_type=product&#038;p=10766"},"modified":"2021-12-09T20:06:22","modified_gmt":"2021-12-09T19:06:22","slug":"ibanez-az2204n-bk-neu","status":"publish","type":"product","link":"https:\/\/www.kufsteinermusikhaus.com\/store\/produkt\/ibanez-az2204n-bk-neu\/","title":{"rendered":"Ibanez AZ2204N-BK NEU!!"},"content":{"rendered":"<div>Ibanez AZ2204N-BK<\/div>\n<div>\n<ul>\n<li>Oval C S-TECH WOOD ger\u00f6steter Ahorn Hals<\/li>\n<li>Palisander Griffbrett<\/li>\n<li>Jumbo-Edelstahl-B\u00fcnde mit Prestige Bundkantenbehandlung<\/li>\n<li>Erle-Korpus<\/li>\n<li>Gotoh\u00ae Magnum Lock mit H.A.P. Machine Heads<\/li>\n<li>Gotoh\u00ae T1702B<\/li>\n<li>dyna-MIX9 Switching System mit Alter Switch<\/li>\n<li>Lumineszierende Side Dots<\/li>\n<li>Inklusive Hartschalenkoffer<\/li>\n<li>\u00d6limpr\u00e4gnierter Knochensattel<\/li>\n<li>Ergonomische hintere Korpuskontur<\/li>\n<\/ul>\n<p>SPEZIFIKATIONEN Saitenabstand (mm) 10,5 Farbe Black Hals AZ Oval C Hals-Korpus-\u00dcbergang Bolt-On Halsmaterial S-TECH WOOD ger\u00f6steter Ahorn Hals-Finish \u00d6l Halsdicke 1. Bund (mm) 20,5 Halsdicke 12. Bund (mm) 22,5 Mensur (mm) 648 Halsbreite Sattel (mm) 42 Halsbreite Ende (mm) 56,4 Anzahl der B\u00fcnde 22 Griffbrett Palisander Griffbrettradius (mm) 228 to 305 COMMPOUND B\u00fcnde Jumbo Stainless Steel Bundkantenbehandlung Prestige fret edge treatment Inlay Mother of Pearl dot Korpus Erle Finish Gloss Polyester Br\u00fccke Gotoh\u00ae T1702 Nut Knochen Stimmmechaniken Gotoh \u00ae Magnum Lock machine heads w\/H.A.P. Farbe Hardware Chrome PU Hals Seymour Duncan\u00ae Fortuna (S) PU Mitte Seymour Duncan\u00ae Fortuna (S) PU Br\u00fccke Seymour Duncan\u00ae Fortuna (H) Schaltung Lautst\u00e4rke, Ton, F\u00fcnfwegeschalter Weitere Schaltung dyna-MIX9 Switching-System mit Alter Switch Einlagen Halsseite Luminlay side dots Saitenst\u00e4rke .010\/.013\/.017\/.026\/.036\/.046 Stimmung ab Werk 1E,2B,3G,4D,5A,6E Case oder Gigbag inklusive Hardshell case included Empfohlenes Case oder Gigbag IGB724-BK Weitere inklusiv-Produkte Tremoloarm, Multitool<\/p>\n<\/div>\n","protected":false},"excerpt":{"rendered":"<div>Brandneu und bei uns lagernd und ja, wir verwenden nur Org Fotos. <strong>What you see is what you get.<\/strong><\/div>\n<div>F\u00fcr alle die mit reinen Maple Necks nicht ganz Freund werden, hier die Rosewood Variante.<\/div>\n","protected":false},"featured_media":10759,"template":"","meta":{"_uag_custom_page_level_css":"","site-sidebar-layout":"default","site-content-layout":"","ast-site-content-layout":"default","site-content-style":"default","site-sidebar-style":"default","ast-global-header-display":"","ast-banner-title-visibility":"","ast-main-header-display":"","ast-hfb-above-header-display":"","ast-hfb-below-header-display":"","ast-hfb-mobile-header-display":"","site-post-title":"","ast-breadcrumbs-content":"","ast-featured-img":"","footer-sml-layout":"","ast-disable-related-posts":"","theme-transparent-header-meta":"","adv-header-id-meta":"","stick-header-meta":"","header-above-stick-meta":"","header-main-stick-meta":"","header-below-stick-meta":"","astra-migrate-meta-layouts":"default","ast-page-background-enabled":"default","ast-page-background-meta":{"desktop":{"background-color":"var(--ast-global-color-4)","background-image":"","background-repeat":"repeat","background-position":"center center","background-size":"auto","background-attachment":"scroll","background-type":"","background-media":"","overlay-type":"","overlay-color":"","overlay-opacity":"","overlay-gradient":""},"tablet":{"background-color":"","background-image":"","background-repeat":"repeat","background-position":"center center","background-size":"auto","background-attachment":"scroll","background-type":"","background-media":"","overlay-type":"","overlay-color":"","overlay-opacity":"","overlay-gradient":""},"mobile":{"background-color":"","background-image":"","background-repeat":"repeat","background-position":"center center","background-size":"auto","background-attachment":"scroll","background-type":"","background-media":"","overlay-type":"","overlay-color":"","overlay-opacity":"","overlay-gradient":""}},"ast-content-background-meta":{"desktop":{"background-color":"var(--ast-global-color-5)","background-image":"","background-repeat":"repeat","background-position":"center center","background-size":"auto","background-attachment":"scroll","background-type":"","background-media":"","overlay-type":"","overlay-color":"","overlay-opacity":"","overlay-gradient":""},"tablet":{"background-color":"var(--ast-global-color-5)","background-image":"","background-repeat":"repeat","background-position":"center center","background-size":"auto","background-attachment":"scroll","background-type":"","background-media":"","overlay-type":"","overlay-color":"","overlay-opacity":"","overlay-gradient":""},"mobile":{"background-color":"var(--ast-global-color-5)","background-image":"","background-repeat":"repeat","background-position":"center center","background-size":"auto","background-attachment":"scroll","background-type":"","background-media":"","overlay-type":"","overlay-color":"","overlay-opacity":"","overlay-gradient":""}}},"product_brand":[],"product_cat":[80,245],"product_tag":[],"class_list":{"0":"post-10766","1":"product","2":"type-product","3":"status-publish","4":"has-post-thumbnail","6":"product_cat-e-gitarre","7":"product_cat-ibanez","8":"product_shipping_class-laenge-ueber-100cm","9":"desktop-align-center","10":"tablet-align-left","11":"mobile-align-left","12":"ast-product-gallery-layout-horizontal-slider","13":"ast-product-tabs-layout-accordion","15":"first","16":"instock","17":"taxable","18":"shipping-taxable","19":"purchasable","20":"product-type-simple"},"uagb_featured_image_src":{"full":["https:\/\/www.kufsteinermusikhaus.com\/store\/wp-content\/uploads\/2021\/12\/Ibanez-AZ2204N-BK-11000.jpg",500,1000,false],"thumbnail":["https:\/\/www.kufsteinermusikhaus.com\/store\/wp-content\/uploads\/2021\/12\/Ibanez-AZ2204N-BK-11000-75x150.jpg",75,150,true],"medium":["https:\/\/www.kufsteinermusikhaus.com\/store\/wp-content\/uploads\/2021\/12\/Ibanez-AZ2204N-BK-11000-150x300.jpg",150,300,true],"medium_large":["https:\/\/www.kufsteinermusikhaus.com\/store\/wp-content\/uploads\/2021\/12\/Ibanez-AZ2204N-BK-11000.jpg",500,1000,false],"large":["https:\/\/www.kufsteinermusikhaus.com\/store\/wp-content\/uploads\/2021\/12\/Ibanez-AZ2204N-BK-11000.jpg",500,1000,false],"1536x1536":["https:\/\/www.kufsteinermusikhaus.com\/store\/wp-content\/uploads\/2021\/12\/Ibanez-AZ2204N-BK-11000.jpg",500,1000,false],"2048x2048":["https:\/\/www.kufsteinermusikhaus.com\/store\/wp-content\/uploads\/2021\/12\/Ibanez-AZ2204N-BK-11000.jpg",500,1000,false],"woocommerce_thumbnail":["https:\/\/www.kufsteinermusikhaus.com\/store\/wp-content\/uploads\/2021\/12\/Ibanez-AZ2204N-BK-11000-250x500.jpg",250,500,true],"woocommerce_single":["https:\/\/www.kufsteinermusikhaus.com\/store\/wp-content\/uploads\/2021\/12\/Ibanez-AZ2204N-BK-11000.jpg",500,1000,false],"woocommerce_gallery_thumbnail":["https:\/\/www.kufsteinermusikhaus.com\/store\/wp-content\/uploads\/2021\/12\/Ibanez-AZ2204N-BK-11000-100x100.jpg",100,100,true]},"uagb_author_info":{"display_name":"wordpressadmin","author_link":"https:\/\/www.kufsteinermusikhaus.com\/store\/author\/"},"uagb_comment_info":0,"uagb_excerpt":"Brandneu und bei uns lagernd und ja, wir verwenden nur Org Fotos. What you see is what you get. F\u00fcr alle die mit reinen Maple Necks nicht ganz Freund werden, hier die Rosewood Variante.","_links":{"self":[{"href":"https:\/\/www.kufsteinermusikhaus.com\/store\/wp-json\/wp\/v2\/product\/10766","targetHints":{"allow":["GET"]}}],"collection":[{"href":"https:\/\/www.kufsteinermusikhaus.com\/store\/wp-json\/wp\/v2\/product"}],"about":[{"href":"https:\/\/www.kufsteinermusikhaus.com\/store\/wp-json\/wp\/v2\/types\/product"}],"wp:featuredmedia":[{"embeddable":true,"href":"https:\/\/www.kufsteinermusikhaus.com\/store\/wp-json\/wp\/v2\/media\/10759"}],"wp:attachment":[{"href":"https:\/\/www.kufsteinermusikhaus.com\/store\/wp-json\/wp\/v2\/media?parent=10766"}],"wp:term":[{"taxonomy":"product_brand","embeddable":true,"href":"https:\/\/www.kufsteinermusikhaus.com\/store\/wp-json\/wp\/v2\/product_brand?post=10766"},{"taxonomy":"product_cat","embeddable":true,"href":"https:\/\/www.kufsteinermusikhaus.com\/store\/wp-json\/wp\/v2\/product_cat?post=10766"},{"taxonomy":"product_tag","embeddable":true,"href":"https:\/\/www.kufsteinermusikhaus.com\/store\/wp-json\/wp\/v2\/product_tag?post=10766"}],"curies":[{"name":"wp","href":"https:\/\/api.w.org\/{rel}","templated":true}]}}