{"id":10981,"date":"2022-11-22T18:04:48","date_gmt":"2022-11-22T17:04:48","guid":{"rendered":"https:\/\/www.kufsteinermusikhaus.com\/store\/?post_type=product&#038;p=10981"},"modified":"2023-06-29T17:54:26","modified_gmt":"2023-06-29T16:54:26","slug":"soldano-super-lead-overdrive","status":"publish","type":"product","link":"https:\/\/www.kufsteinermusikhaus.com\/store\/produkt\/soldano-super-lead-overdrive\/","title":{"rendered":"Soldano SUPER LEAD OVERDRIVE"},"content":{"rendered":"<p><strong>Der SLO-100 ist ber\u00fchmt daf\u00fcr, einer der detailreichsten High-Gain-Gitarrenverst\u00e4rker aller Zeiten zu sein. Bisher war es eine Herausforderung, den nuancierten Charakter des Verst\u00e4rkers in einem Pedalformat einzufangen. Das neue Super Lead Overdrive-Pedal \u00e4ndert das mit der perfekten Balance aus Gain, Sustain und Anschlagdynamik, f\u00fcr die der SLO bekannt ist.<\/strong><\/p>\n<p><strong>Das SLO-Pedal wurde unter Verwendung der gleichen kaskadierenden Verst\u00e4rkungsstufen wie der Flaggschiff-Verst\u00e4rker hergestellt und ist der perfekte Weg, um den charakteristischen Soldano-Sound auf Ihr Pedalboard zu bringen. Die Frontplatte des SLO-Pedals verf\u00fcgt \u00fcber die gleichen Regler f\u00fcr Gain, Volume, Presence und einen 3-Band-EQ wie der 100-Watt-R\u00f6hrenverst\u00e4rker. Der seitlich angebrachte Deep-Schalter bringt den Low-End-Punch des Verst\u00e4rkers mit Tiefenregler auf den Punkt. Diese Regler f\u00fchren Sie von harmonisch reichem Crunch zu einigen der ber\u00fchmtesten High-Gain der Geschichte.<\/strong><\/p>\n<p>The SLO-100 is famous for being one of the most detailed-sounding high-gain guitar amplifiers of all time. Until now, it\u2019s been challenging to capture the amp\u2019s nuanced character in a pedal format. The new Super Lead Overdrive pedal changes that, with the perfect balance of gain, sustain, and touch response the SLO is known for.<\/p>\n<p>Crafted using the same cascading gain stages as the flagship amp, the SLO pedal is the perfect way to get that signature Soldano sound on to your pedalboard. The SLO pedal front panel boasts the same controls for Gain, Volume, Presence, and a 3-band EQ as the 100-watt tube amp. The side-mounted Deep switch nails the amp\u2019s depth-knob low-end punch. These controls take you from harmonically rich crunch to some of the most famous high-gain in history.<\/p>\n<ul>\n<li><strong>Volume:<\/strong>\u00a0Controls the total output volume<\/li>\n<li><strong>Presence:<\/strong>\u00a0Filters the output\u2019s high end<\/li>\n<li><strong>Gain:<\/strong>\u00a0Adjusts the total amount of gain that is applied, turning this control clockwise will increase the amount<\/li>\n<li><strong>EQ Section:<\/strong>\u00a0Classic Soldano three band EQ; adjusting each clockwise will increase the output of the relative frequency ranges<\/li>\n<li><strong>Deep:<\/strong>\u00a0Adjusts the overall output low-end punch<\/li>\n<li>\n<h5 class=\"et_pb_toggle_title\">POWER REQUIREMENTS<\/h5>\n<div class=\"et_pb_toggle_content clearfix\">\n<p>To avoid damage to the pedal, DO NOT EXCEED 9V DC, do not use center pin positive adapters, and do not use AC power. Use only a 9V DC power source that is intended for guitar pedals. This pedal draws approximately 32mA at 9V.<\/p>\n<\/div>\n<\/li>\n<li>\n<h5 class=\"et_pb_toggle_title\">DESCRIPTION<\/h5>\n<div class=\"et_pb_toggle_content clearfix\">\n<p>Iconic Soldano look inspired by the legendary Super Lead Overdrive (SLO-100) amplifier. Familiar control layout with gain, volume, 3-band EQ, and presence. As well as a deep voicing select switch.<\/p>\n<\/div>\n<h5 class=\"et_pb_toggle_title\"><\/h5>\n<\/li>\n<li>\n<h5 class=\"et_pb_toggle_title\">WEIGHT \/ Gewicht<\/h5>\n<div class=\"et_pb_toggle_content clearfix\">\n<p>1 lbs ca . 500g<\/p>\n<\/div>\n<h5 class=\"et_pb_toggle_title\"><\/h5>\n<\/li>\n<li>\n<h5 class=\"et_pb_toggle_title\">SIZE \/ Abm.<\/h5>\n<div class=\"et_pb_toggle_content clearfix\">\n<p>2.6\u201d (w) x 4.5\u201d (d) x 2.25\u201d (h)<br \/>\nBxHxT: 66x57x114,3 mm<\/p>\n<\/div>\n<\/li>\n<\/ul>\n","protected":false},"excerpt":{"rendered":"<p>Der legend\u00e4re Sound des SLO im Pedal Format.<\/p>\n","protected":false},"featured_media":10983,"template":"","meta":{"_uag_custom_page_level_css":"","site-sidebar-layout":"default","site-content-layout":"","ast-site-content-layout":"default","site-content-style":"default","site-sidebar-style":"default","ast-global-header-display":"","ast-banner-title-visibility":"","ast-main-header-display":"","ast-hfb-above-header-display":"","ast-hfb-below-header-display":"","ast-hfb-mobile-header-display":"","site-post-title":"","ast-breadcrumbs-content":"","ast-featured-img":"","footer-sml-layout":"","ast-disable-related-posts":"","theme-transparent-header-meta":"","adv-header-id-meta":"","stick-header-meta":"","header-above-stick-meta":"","header-main-stick-meta":"","header-below-stick-meta":"","astra-migrate-meta-layouts":"default","ast-page-background-enabled":"default","ast-page-background-meta":{"desktop":{"background-color":"var(--ast-global-color-4)","background-image":"","background-repeat":"repeat","background-position":"center center","background-size":"auto","background-attachment":"scroll","background-type":"","background-media":"","overlay-type":"","overlay-color":"","overlay-opacity":"","overlay-gradient":""},"tablet":{"background-color":"","background-image":"","background-repeat":"repeat","background-position":"center center","background-size":"auto","background-attachment":"scroll","background-type":"","background-media":"","overlay-type":"","overlay-color":"","overlay-opacity":"","overlay-gradient":""},"mobile":{"background-color":"","background-image":"","background-repeat":"repeat","background-position":"center center","background-size":"auto","background-attachment":"scroll","background-type":"","background-media":"","overlay-type":"","overlay-color":"","overlay-opacity":"","overlay-gradient":""}},"ast-content-background-meta":{"desktop":{"background-color":"var(--ast-global-color-5)","background-image":"","background-repeat":"repeat","background-position":"center center","background-size":"auto","background-attachment":"scroll","background-type":"","background-media":"","overlay-type":"","overlay-color":"","overlay-opacity":"","overlay-gradient":""},"tablet":{"background-color":"var(--ast-global-color-5)","background-image":"","background-repeat":"repeat","background-position":"center center","background-size":"auto","background-attachment":"scroll","background-type":"","background-media":"","overlay-type":"","overlay-color":"","overlay-opacity":"","overlay-gradient":""},"mobile":{"background-color":"var(--ast-global-color-5)","background-image":"","background-repeat":"repeat","background-position":"center center","background-size":"auto","background-attachment":"scroll","background-type":"","background-media":"","overlay-type":"","overlay-color":"","overlay-opacity":"","overlay-gradient":""}}},"product_brand":[],"product_cat":[257,258],"product_tag":[],"class_list":{"0":"post-10981","1":"product","2":"type-product","3":"status-publish","4":"has-post-thumbnail","6":"product_cat-effektpedale","7":"product_cat-verzerrer","8":"desktop-align-center","9":"tablet-align-left","10":"mobile-align-left","11":"ast-product-gallery-layout-horizontal-slider","12":"ast-product-tabs-layout-accordion","14":"first","15":"instock","16":"taxable","17":"shipping-taxable","18":"purchasable","19":"product-type-simple"},"uagb_featured_image_src":{"full":["https:\/\/www.kufsteinermusikhaus.com\/store\/wp-content\/uploads\/2022\/11\/Soldano-SLO-Pedal11000.jpg",1000,1250,false],"thumbnail":["https:\/\/www.kufsteinermusikhaus.com\/store\/wp-content\/uploads\/2022\/11\/Soldano-SLO-Pedal11000-120x150.jpg",120,150,true],"medium":["https:\/\/www.kufsteinermusikhaus.com\/store\/wp-content\/uploads\/2022\/11\/Soldano-SLO-Pedal11000-240x300.jpg",240,300,true],"medium_large":["https:\/\/www.kufsteinermusikhaus.com\/store\/wp-content\/uploads\/2022\/11\/Soldano-SLO-Pedal11000.jpg",1000,1250,false],"large":["https:\/\/www.kufsteinermusikhaus.com\/store\/wp-content\/uploads\/2022\/11\/Soldano-SLO-Pedal11000.jpg",1000,1250,false],"1536x1536":["https:\/\/www.kufsteinermusikhaus.com\/store\/wp-content\/uploads\/2022\/11\/Soldano-SLO-Pedal11000.jpg",1000,1250,false],"2048x2048":["https:\/\/www.kufsteinermusikhaus.com\/store\/wp-content\/uploads\/2022\/11\/Soldano-SLO-Pedal11000.jpg",1000,1250,false],"woocommerce_thumbnail":["https:\/\/www.kufsteinermusikhaus.com\/store\/wp-content\/uploads\/2022\/11\/Soldano-SLO-Pedal11000-250x313.jpg",250,313,true],"woocommerce_single":["https:\/\/www.kufsteinermusikhaus.com\/store\/wp-content\/uploads\/2022\/11\/Soldano-SLO-Pedal11000.jpg",1000,1250,false],"woocommerce_gallery_thumbnail":["https:\/\/www.kufsteinermusikhaus.com\/store\/wp-content\/uploads\/2022\/11\/Soldano-SLO-Pedal11000-100x100.jpg",100,100,true]},"uagb_author_info":{"display_name":"wordpressadmin","author_link":"https:\/\/www.kufsteinermusikhaus.com\/store\/author\/"},"uagb_comment_info":0,"uagb_excerpt":"Der legend\u00e4re Sound des SLO im Pedal Format.","_links":{"self":[{"href":"https:\/\/www.kufsteinermusikhaus.com\/store\/wp-json\/wp\/v2\/product\/10981","targetHints":{"allow":["GET"]}}],"collection":[{"href":"https:\/\/www.kufsteinermusikhaus.com\/store\/wp-json\/wp\/v2\/product"}],"about":[{"href":"https:\/\/www.kufsteinermusikhaus.com\/store\/wp-json\/wp\/v2\/types\/product"}],"wp:featuredmedia":[{"embeddable":true,"href":"https:\/\/www.kufsteinermusikhaus.com\/store\/wp-json\/wp\/v2\/media\/10983"}],"wp:attachment":[{"href":"https:\/\/www.kufsteinermusikhaus.com\/store\/wp-json\/wp\/v2\/media?parent=10981"}],"wp:term":[{"taxonomy":"product_brand","embeddable":true,"href":"https:\/\/www.kufsteinermusikhaus.com\/store\/wp-json\/wp\/v2\/product_brand?post=10981"},{"taxonomy":"product_cat","embeddable":true,"href":"https:\/\/www.kufsteinermusikhaus.com\/store\/wp-json\/wp\/v2\/product_cat?post=10981"},{"taxonomy":"product_tag","embeddable":true,"href":"https:\/\/www.kufsteinermusikhaus.com\/store\/wp-json\/wp\/v2\/product_tag?post=10981"}],"curies":[{"name":"wp","href":"https:\/\/api.w.org\/{rel}","templated":true}]}}