{"id":10990,"date":"2022-11-23T18:43:47","date_gmt":"2022-11-23T17:43:47","guid":{"rendered":"https:\/\/www.kufsteinermusikhaus.com\/store\/?post_type=product&#038;p=10990"},"modified":"2022-12-05T15:01:24","modified_gmt":"2022-12-05T14:01:24","slug":"prs-horsemeat-demo","status":"publish","type":"product","link":"https:\/\/www.kufsteinermusikhaus.com\/store\/produkt\/prs-horsemeat-demo\/","title":{"rendered":"PRS Horsemeat Demo !"},"content":{"rendered":"<h2 class=\"text-brand-ivory font-bold uppercase text-3xl mb-4\">DRIVE YOUR TONE<\/h2>\n<p><strong>Das transparente PRS Horsemeat Overdrive-Pedal wurde entwickelt, um Ihren Sound zu verbessern, ohne Ihren Ton zu verf\u00e4rben. Horsemeat f\u00fcgt harmonische Mitten und Overdrives hinzu, ohne Ihre hohen T\u00f6ne zu beschneiden \u2013 und bietet Ihnen gleichzeitig mehr verf\u00fcgbaren Headroom. Es verf\u00fcgt \u00fcber einen\u00a0 EQ-Bereich, mit dem Sie Ihren Ton einstellen k\u00f6nnen, und verf\u00fcgt \u00fcber einen gro\u00dfen Gain-Bereich . Je nach Einstellung kann Horsemeat als sauberer Boost, direkter Overdrive oder zum pushen <\/strong><strong>der Preampsektion des Verst\u00e4rkers benutzt werden.<\/strong><\/p>\n<p><strong>PRS-Pedale wurden als High-End-Audioger\u00e4te entwickelt.<\/strong><\/p>\n<p><strong>Entworfen von PRS Guitars in Stevensville, MD, USA. Hergestellt in den USA.<\/strong><\/p>\n<p>The PRS Horsemeat transparent overdrive pedal is designed to enhance your sound without coloring your tone. Horsemeat adds harmonic midrange richness and overdrives without cutting out your high notes \u2013 all while giving you more available headroom. It features a robust EQ section so you can dial in your tone and has a wide range of gain on tap. Depending on the setting, Horsemeat can be used as a clean boost, straight overdrive, or even enhance your amplifier\u2019s distortion by slightly pushing the front end of the amplifier\u2019s preamp section.<\/p>\n<p>PRS pedals were created to be high-end pieces of audio gear.<\/p>\n<p>Designed by PRS Guitars in Stevensville, MD, USA. Made in the USA.<\/p>\n<p>Specs:<\/p>\n<ul>\n<li>Pedal Type Transparent Overdrive Analog\/Digital<\/li>\n<li>Analog Inputs (1) 1\/4&#8243;<\/li>\n<li>Instrument Outputs (1) 1\/4&#8243;<\/li>\n<li>Instrument Bypass Switching True Bypass<\/li>\n<li>Power 9V<\/li>\n<li>16mA\u00a0 (Battery &amp; Powersupply are not included )<\/li>\n<li>Abmessungen LxBxH ca. 120x94x36 mm<\/li>\n<li>Length 4.7&#8243; Width 3.7&#8243; Height 1.37&#8243;<\/li>\n<li>Weight 1.1 lbs<\/li>\n<li>Gewicht ca 0,5 kg<\/li>\n<li>Made in USA<\/li>\n<\/ul>\n","protected":false},"excerpt":{"rendered":"<h2 class=\"text-brand-ivory uppercase\">TRANSPARENT OVERDRIVE<\/h2>\n","protected":false},"featured_media":10988,"template":"","meta":{"_uag_custom_page_level_css":"","site-sidebar-layout":"default","site-content-layout":"","ast-site-content-layout":"default","site-content-style":"default","site-sidebar-style":"default","ast-global-header-display":"","ast-banner-title-visibility":"","ast-main-header-display":"","ast-hfb-above-header-display":"","ast-hfb-below-header-display":"","ast-hfb-mobile-header-display":"","site-post-title":"","ast-breadcrumbs-content":"","ast-featured-img":"","footer-sml-layout":"","ast-disable-related-posts":"","theme-transparent-header-meta":"","adv-header-id-meta":"","stick-header-meta":"","header-above-stick-meta":"","header-main-stick-meta":"","header-below-stick-meta":"","astra-migrate-meta-layouts":"default","ast-page-background-enabled":"default","ast-page-background-meta":{"desktop":{"background-color":"var(--ast-global-color-4)","background-image":"","background-repeat":"repeat","background-position":"center center","background-size":"auto","background-attachment":"scroll","background-type":"","background-media":"","overlay-type":"","overlay-color":"","overlay-opacity":"","overlay-gradient":""},"tablet":{"background-color":"","background-image":"","background-repeat":"repeat","background-position":"center center","background-size":"auto","background-attachment":"scroll","background-type":"","background-media":"","overlay-type":"","overlay-color":"","overlay-opacity":"","overlay-gradient":""},"mobile":{"background-color":"","background-image":"","background-repeat":"repeat","background-position":"center center","background-size":"auto","background-attachment":"scroll","background-type":"","background-media":"","overlay-type":"","overlay-color":"","overlay-opacity":"","overlay-gradient":""}},"ast-content-background-meta":{"desktop":{"background-color":"var(--ast-global-color-5)","background-image":"","background-repeat":"repeat","background-position":"center center","background-size":"auto","background-attachment":"scroll","background-type":"","background-media":"","overlay-type":"","overlay-color":"","overlay-opacity":"","overlay-gradient":""},"tablet":{"background-color":"var(--ast-global-color-5)","background-image":"","background-repeat":"repeat","background-position":"center center","background-size":"auto","background-attachment":"scroll","background-type":"","background-media":"","overlay-type":"","overlay-color":"","overlay-opacity":"","overlay-gradient":""},"mobile":{"background-color":"var(--ast-global-color-5)","background-image":"","background-repeat":"repeat","background-position":"center center","background-size":"auto","background-attachment":"scroll","background-type":"","background-media":"","overlay-type":"","overlay-color":"","overlay-opacity":"","overlay-gradient":""}}},"product_brand":[],"product_cat":[257,258],"product_tag":[],"class_list":{"0":"post-10990","1":"product","2":"type-product","3":"status-publish","4":"has-post-thumbnail","6":"product_cat-effektpedale","7":"product_cat-verzerrer","8":"product_shipping_class-laenge-bis-50cm","9":"desktop-align-center","10":"tablet-align-left","11":"mobile-align-left","12":"ast-product-gallery-layout-horizontal-slider","13":"ast-product-tabs-layout-accordion","15":"first","16":"instock","17":"taxable","18":"shipping-taxable","19":"purchasable","20":"product-type-simple"},"uagb_featured_image_src":{"full":["https:\/\/www.kufsteinermusikhaus.com\/store\/wp-content\/uploads\/2022\/11\/2PRS-Horsemeat.jpg",820,1024,false],"thumbnail":["https:\/\/www.kufsteinermusikhaus.com\/store\/wp-content\/uploads\/2022\/11\/2PRS-Horsemeat-120x150.jpg",120,150,true],"medium":["https:\/\/www.kufsteinermusikhaus.com\/store\/wp-content\/uploads\/2022\/11\/2PRS-Horsemeat-240x300.jpg",240,300,true],"medium_large":["https:\/\/www.kufsteinermusikhaus.com\/store\/wp-content\/uploads\/2022\/11\/2PRS-Horsemeat.jpg",820,1024,false],"large":["https:\/\/www.kufsteinermusikhaus.com\/store\/wp-content\/uploads\/2022\/11\/2PRS-Horsemeat.jpg",820,1024,false],"1536x1536":["https:\/\/www.kufsteinermusikhaus.com\/store\/wp-content\/uploads\/2022\/11\/2PRS-Horsemeat.jpg",820,1024,false],"2048x2048":["https:\/\/www.kufsteinermusikhaus.com\/store\/wp-content\/uploads\/2022\/11\/2PRS-Horsemeat.jpg",820,1024,false],"woocommerce_thumbnail":["https:\/\/www.kufsteinermusikhaus.com\/store\/wp-content\/uploads\/2022\/11\/2PRS-Horsemeat-250x312.jpg",250,312,true],"woocommerce_single":["https:\/\/www.kufsteinermusikhaus.com\/store\/wp-content\/uploads\/2022\/11\/2PRS-Horsemeat.jpg",820,1024,false],"woocommerce_gallery_thumbnail":["https:\/\/www.kufsteinermusikhaus.com\/store\/wp-content\/uploads\/2022\/11\/2PRS-Horsemeat-100x100.jpg",100,100,true]},"uagb_author_info":{"display_name":"wordpressadmin","author_link":"https:\/\/www.kufsteinermusikhaus.com\/store\/author\/"},"uagb_comment_info":0,"uagb_excerpt":"TRANSPARENT OVERDRIVE","_links":{"self":[{"href":"https:\/\/www.kufsteinermusikhaus.com\/store\/wp-json\/wp\/v2\/product\/10990","targetHints":{"allow":["GET"]}}],"collection":[{"href":"https:\/\/www.kufsteinermusikhaus.com\/store\/wp-json\/wp\/v2\/product"}],"about":[{"href":"https:\/\/www.kufsteinermusikhaus.com\/store\/wp-json\/wp\/v2\/types\/product"}],"wp:featuredmedia":[{"embeddable":true,"href":"https:\/\/www.kufsteinermusikhaus.com\/store\/wp-json\/wp\/v2\/media\/10988"}],"wp:attachment":[{"href":"https:\/\/www.kufsteinermusikhaus.com\/store\/wp-json\/wp\/v2\/media?parent=10990"}],"wp:term":[{"taxonomy":"product_brand","embeddable":true,"href":"https:\/\/www.kufsteinermusikhaus.com\/store\/wp-json\/wp\/v2\/product_brand?post=10990"},{"taxonomy":"product_cat","embeddable":true,"href":"https:\/\/www.kufsteinermusikhaus.com\/store\/wp-json\/wp\/v2\/product_cat?post=10990"},{"taxonomy":"product_tag","embeddable":true,"href":"https:\/\/www.kufsteinermusikhaus.com\/store\/wp-json\/wp\/v2\/product_tag?post=10990"}],"curies":[{"name":"wp","href":"https:\/\/api.w.org\/{rel}","templated":true}]}}