{"id":11042,"date":"2023-01-02T10:32:27","date_gmt":"2023-01-02T09:32:27","guid":{"rendered":"https:\/\/www.kufsteinermusikhaus.com\/store\/?post_type=product&#038;p=11042"},"modified":"2023-10-20T10:28:46","modified_gmt":"2023-10-20T08:28:46","slug":"austrian-audio-pg-16","status":"publish","type":"product","link":"https:\/\/www.kufsteinermusikhaus.com\/store\/produkt\/austrian-audio-pg-16\/","title":{"rendered":"Austrian Audio PG 16"},"content":{"rendered":"<h2 class=\"with-arrow js-slide-up\">Hochwertiger Pro-Sound f\u00fcr ambitionierte Gamer<\/h2>\n<div class=\"common-content-desc js-slide-up a\">\n<p>Das geschlossene Pro Gaming Headset PG16 bietet Dir alles, was Du als echter Gamer brauchst. An erster Stelle nat\u00fcrlich einen kristallklaren, hochaufl\u00f6senden\u00a0Sound mit einer perfekter R\u00e4umlichkeit, der Dir erlaubt auch die leisesten Klangdetails pr\u00e4zise orten zu k\u00f6nnen. Die robuste Metallkonstruktion von Kopfband und Scharnieren sorgt f\u00fcr maximale Stabilit\u00e4t und extrem lange Haltbarkeit, die weichen Ohrpolster aus speziellem \u201eslow retention\u201c Memory Foam bieten einen optimalen Tragekomfort, auch bei langen Spielsessions. Egal, ob Du auf PC, Mac, PS4, PS5 oder Xbox zockst, mit dem 1,4m langen und mit einem 3,5mm TRRS (Tip Ring Ring Sleeve) Klinkenstecker ausgestatteten Verbindungskabel findest Du immer den richtigen Anschluss.<\/p>\n<p>Technische Spezifikationen des PG16 professionellen Headsets:<\/p>\n<ul>\n<li>Hochpr\u00e4zisionsklang dank der propriet\u00e4ren Hi-X Technologie (High Excursion) f\u00fcr einen hochaufl\u00f6senden Klang der s\u00e4mtliche Details h\u00f6rbar macht\u200b<\/li>\n<li>Spatial Sound Card L. Surround Sound Software von New Audio Technology inkludiert\u200b<\/li>\n<li>Erstklassiger Komfort durch spezielle Memory-Foam-Ohrpolster\u200b<\/li>\n<li>High-end Mikrofon mit omnidirektionaler Richtcharakteristik mit \u201eTilt-To-Mute\u201c-Funktion \u200b<\/li>\n<li>Abnehmbares Kabel \u2013 leicht austauschbar (1\u00d71,4m Kabel im Lieferumfang enthalten)\u200b<\/li>\n<li>Austauschbare Ohrpolster f\u00fcr eine lange Lebensdauer und hygienischen Gebrauch\u200b<\/li>\n<li>Faltbare Konstruktion f\u00fcr maximale Transportf\u00e4higkeit und einfache Aufbewahrung\u200b<\/li>\n<li>Metallscharniere f\u00fcr maximale Stabilit\u00e4t\u200b<\/li>\n<li>Kompatibel mit PC, Mac\u00ae, PS4\u2122, PS5\u2122, Xbox\u2122 \u200b<\/li>\n<li>(Controller mit TRRS Buchse)\u200b<\/li>\n<li>TeamSpeak zertifiziert<\/li>\n<\/ul>\n<h2 class=\"aa-section-title js-slide-up\">Technische Spezifikationen:<\/h2>\n<div class=\"tech-specs-table js-slide-up a\">\n<div class=\"tech-specs-cell\">\n<div class=\"ts-inner-table\">\n<div class=\"ts-inner-cell\">Frequenzbereich:<\/div>\n<div class=\"ts-inner-cell\">12 Hz \u2013 24 kHz<\/div>\n<\/div>\n<\/div>\n<div class=\"tech-specs-cell\">\n<div class=\"ts-inner-table\">\n<div class=\"ts-inner-cell\">Treiber:<\/div>\n<div class=\"ts-inner-cell\">44mm High-Excursion<\/div>\n<\/div>\n<\/div>\n<div class=\"tech-specs-cell\">\n<div class=\"ts-inner-table\">\n<div class=\"ts-inner-cell\">Empfindlichkeit:<\/div>\n<div class=\"ts-inner-cell\">113 dBspl\/V<\/div>\n<\/div>\n<\/div>\n<div class=\"tech-specs-cell\">\n<div class=\"ts-inner-table\">\n<div class=\"ts-inner-cell\">Impedanz:<\/div>\n<div class=\"ts-inner-cell\">25 \u03a9<\/div>\n<\/div>\n<\/div>\n<div class=\"tech-specs-cell\">\n<div class=\"ts-inner-table\">\n<div class=\"ts-inner-cell\">Eingangsleistung:<\/div>\n<div class=\"ts-inner-cell\">150 mW<\/div>\n<\/div>\n<\/div>\n<div class=\"tech-specs-cell\">\n<div class=\"ts-inner-table\">\n<div class=\"ts-inner-cell\">Mikrofonarm:<\/div>\n<div class=\"ts-inner-cell\">Lift to mute<\/div>\n<\/div>\n<\/div>\n<div class=\"tech-specs-cell\">\n<div class=\"ts-inner-table\">\n<div class=\"ts-inner-cell\">Mikrofon Richtcharakteristik:<\/div>\n<div class=\"ts-inner-cell\">omnidirektional<\/div>\n<\/div>\n<\/div>\n<div class=\"tech-specs-cell\">\n<div class=\"ts-inner-table\">\n<div class=\"ts-inner-cell\">Kabel (abnehmbar):<\/div>\n<div class=\"ts-inner-cell\">1.4m<\/div>\n<\/div>\n<\/div>\n<div class=\"tech-specs-cell\">\n<div class=\"ts-inner-table\">\n<div class=\"ts-inner-cell\">Stecker:<\/div>\n<div class=\"ts-inner-cell\">3.5 mm (1\/8\u201d) TRRS<\/div>\n<\/div>\n<\/div>\n<div class=\"tech-specs-cell\">\n<div class=\"ts-inner-table\">\n<div class=\"ts-inner-cell\">Adapter (inklusive):<\/div>\n<div class=\"ts-inner-cell\">3.5 mm (1\/8\u201d) TRRS auf 2x 3.5 mm (1\/8\u201d) TRS<\/div>\n<\/div>\n<\/div>\n<div class=\"tech-specs-cell\">\n<div class=\"ts-inner-table\">\n<div class=\"ts-inner-cell\">Ma\u00dfe:<\/div>\n<div class=\"ts-inner-cell\">205 x 180 x 80 mm<\/div>\n<\/div>\n<\/div>\n<div class=\"tech-specs-cell\">\n<div class=\"ts-inner-table\">\n<div class=\"ts-inner-cell\">Gewicht (ohne Kabel):<\/div>\n<div class=\"ts-inner-cell\">265 g<\/div>\n<\/div>\n<\/div>\n<\/div>\n<\/div>\n","protected":false},"excerpt":{"rendered":"<h1 class=\"js-slide-up\">PG16<\/h1>\n<p class=\"js-slide-up a\">Professionelles Gaming Headset<\/p>\n<p>https:\/\/youtu.be\/l0OMFumUV9Q<\/p>\n","protected":false},"featured_media":11045,"template":"","meta":{"_uag_custom_page_level_css":"","site-sidebar-layout":"default","site-content-layout":"","ast-site-content-layout":"default","site-content-style":"default","site-sidebar-style":"default","ast-global-header-display":"","ast-banner-title-visibility":"","ast-main-header-display":"","ast-hfb-above-header-display":"","ast-hfb-below-header-display":"","ast-hfb-mobile-header-display":"","site-post-title":"","ast-breadcrumbs-content":"","ast-featured-img":"","footer-sml-layout":"","ast-disable-related-posts":"","theme-transparent-header-meta":"","adv-header-id-meta":"","stick-header-meta":"","header-above-stick-meta":"","header-main-stick-meta":"","header-below-stick-meta":"","astra-migrate-meta-layouts":"default","ast-page-background-enabled":"default","ast-page-background-meta":{"desktop":{"background-color":"var(--ast-global-color-4)","background-image":"","background-repeat":"repeat","background-position":"center center","background-size":"auto","background-attachment":"scroll","background-type":"","background-media":"","overlay-type":"","overlay-color":"","overlay-opacity":"","overlay-gradient":""},"tablet":{"background-color":"","background-image":"","background-repeat":"repeat","background-position":"center center","background-size":"auto","background-attachment":"scroll","background-type":"","background-media":"","overlay-type":"","overlay-color":"","overlay-opacity":"","overlay-gradient":""},"mobile":{"background-color":"","background-image":"","background-repeat":"repeat","background-position":"center center","background-size":"auto","background-attachment":"scroll","background-type":"","background-media":"","overlay-type":"","overlay-color":"","overlay-opacity":"","overlay-gradient":""}},"ast-content-background-meta":{"desktop":{"background-color":"var(--ast-global-color-5)","background-image":"","background-repeat":"repeat","background-position":"center center","background-size":"auto","background-attachment":"scroll","background-type":"","background-media":"","overlay-type":"","overlay-color":"","overlay-opacity":"","overlay-gradient":""},"tablet":{"background-color":"var(--ast-global-color-5)","background-image":"","background-repeat":"repeat","background-position":"center center","background-size":"auto","background-attachment":"scroll","background-type":"","background-media":"","overlay-type":"","overlay-color":"","overlay-opacity":"","overlay-gradient":""},"mobile":{"background-color":"var(--ast-global-color-5)","background-image":"","background-repeat":"repeat","background-position":"center center","background-size":"auto","background-attachment":"scroll","background-type":"","background-media":"","overlay-type":"","overlay-color":"","overlay-opacity":"","overlay-gradient":""}}},"product_brand":[],"product_cat":[249,130],"product_tag":[],"class_list":{"0":"post-11042","1":"product","2":"type-product","3":"status-publish","4":"has-post-thumbnail","6":"product_cat-austrian-audio","7":"product_cat-mikrofone-kopfhoerer","8":"product_shipping_class-laenge-bis-50cm","9":"desktop-align-center","10":"tablet-align-left","11":"mobile-align-left","12":"ast-product-gallery-layout-horizontal-slider","13":"ast-product-tabs-layout-accordion","15":"first","16":"onbackorder","17":"taxable","18":"shipping-taxable","19":"purchasable","20":"product-type-simple"},"uagb_featured_image_src":{"full":["https:\/\/www.kufsteinermusikhaus.com\/store\/wp-content\/uploads\/2023\/01\/3Austrian-PG-16.jpg",800,800,false],"thumbnail":["https:\/\/www.kufsteinermusikhaus.com\/store\/wp-content\/uploads\/2023\/01\/3Austrian-PG-16-150x150.jpg",150,150,true],"medium":["https:\/\/www.kufsteinermusikhaus.com\/store\/wp-content\/uploads\/2023\/01\/3Austrian-PG-16-300x300.jpg",300,300,true],"medium_large":["https:\/\/www.kufsteinermusikhaus.com\/store\/wp-content\/uploads\/2023\/01\/3Austrian-PG-16.jpg",800,800,false],"large":["https:\/\/www.kufsteinermusikhaus.com\/store\/wp-content\/uploads\/2023\/01\/3Austrian-PG-16.jpg",800,800,false],"1536x1536":["https:\/\/www.kufsteinermusikhaus.com\/store\/wp-content\/uploads\/2023\/01\/3Austrian-PG-16.jpg",800,800,false],"2048x2048":["https:\/\/www.kufsteinermusikhaus.com\/store\/wp-content\/uploads\/2023\/01\/3Austrian-PG-16.jpg",800,800,false],"woocommerce_thumbnail":["https:\/\/www.kufsteinermusikhaus.com\/store\/wp-content\/uploads\/2023\/01\/3Austrian-PG-16-250x250.jpg",250,250,true],"woocommerce_single":["https:\/\/www.kufsteinermusikhaus.com\/store\/wp-content\/uploads\/2023\/01\/3Austrian-PG-16.jpg",800,800,false],"woocommerce_gallery_thumbnail":["https:\/\/www.kufsteinermusikhaus.com\/store\/wp-content\/uploads\/2023\/01\/3Austrian-PG-16-100x100.jpg",100,100,true]},"uagb_author_info":{"display_name":"wordpressadmin","author_link":"https:\/\/www.kufsteinermusikhaus.com\/store\/author\/"},"uagb_comment_info":0,"uagb_excerpt":"PG16 Professionelles Gaming Headset https:\/\/youtu.be\/l0OMFumUV9Q","_links":{"self":[{"href":"https:\/\/www.kufsteinermusikhaus.com\/store\/wp-json\/wp\/v2\/product\/11042","targetHints":{"allow":["GET"]}}],"collection":[{"href":"https:\/\/www.kufsteinermusikhaus.com\/store\/wp-json\/wp\/v2\/product"}],"about":[{"href":"https:\/\/www.kufsteinermusikhaus.com\/store\/wp-json\/wp\/v2\/types\/product"}],"wp:featuredmedia":[{"embeddable":true,"href":"https:\/\/www.kufsteinermusikhaus.com\/store\/wp-json\/wp\/v2\/media\/11045"}],"wp:attachment":[{"href":"https:\/\/www.kufsteinermusikhaus.com\/store\/wp-json\/wp\/v2\/media?parent=11042"}],"wp:term":[{"taxonomy":"product_brand","embeddable":true,"href":"https:\/\/www.kufsteinermusikhaus.com\/store\/wp-json\/wp\/v2\/product_brand?post=11042"},{"taxonomy":"product_cat","embeddable":true,"href":"https:\/\/www.kufsteinermusikhaus.com\/store\/wp-json\/wp\/v2\/product_cat?post=11042"},{"taxonomy":"product_tag","embeddable":true,"href":"https:\/\/www.kufsteinermusikhaus.com\/store\/wp-json\/wp\/v2\/product_tag?post=11042"}],"curies":[{"name":"wp","href":"https:\/\/api.w.org\/{rel}","templated":true}]}}