{"id":11048,"date":"2023-01-02T10:52:46","date_gmt":"2023-01-02T09:52:46","guid":{"rendered":"https:\/\/www.kufsteinermusikhaus.com\/store\/?post_type=product&#038;p=11048"},"modified":"2023-12-05T12:08:16","modified_gmt":"2023-12-05T10:08:16","slug":"austrian-audio-oc-16","status":"publish","type":"product","link":"https:\/\/www.kufsteinermusikhaus.com\/store\/produkt\/austrian-audio-oc-16\/","title":{"rendered":"Austrian Audio OC 16"},"content":{"rendered":"<h2 class=\"with-arrow js-slide-up\">Exzellenter Klang f\u00fcr jedes Budget<\/h2>\n<div class=\"common-content-desc js-slide-up a\">\n<p>Mit dem OC16 bringt Austrian Audio ein weiteres Mitglied der Open Acoustic Gro\u00dfmembran-Serie auf den Markt.<\/p>\n<p>Das \u00e4u\u00dferst robust gebaute Mikrofon hat Austrian Audios patentierte CKR Keramikkapsel verbaut. Jede einzelne dieser revolution\u00e4ren, per Hand in Wien gefertigten Kapseln wird akribisch getestet, bevor sie das Haus verl\u00e4sst.<\/p>\n<p>Die von Austrian Audio entwickelte \u201eOpen Acoustics\u201c Technologie reduziert akustische Probleme, wie z.B. ungew\u00fcnschte Reflexionen und stehende Wellen, innerhalb des Mikrofons. In Kombination mit der CKR6 Kapsel hat auch das g\u00fcnstige OC16 den bekannten, offenen und nat\u00fcrlichen Austrian Audio OC Klang.<\/p>\n<p>Die extrem hohe Schalldruckvertr\u00e4glichkeit und der edle, nat\u00fcrliche und offene Klang, machen es zu einem vielseitig einsetzbaren Mikrofon. Vom Home Studio \u00fcber den Proberaum bis hin zum Einsatz auf deiner Tour. Das OC16 ist immer die richtige Wahl. Aber auch am Schreibtisch macht das OC16 eine fantastische Figur. Perfekte Sprachaufzeichnung, egal ob f\u00fcr Deinen Podcast, Livestream oder einfach nur f\u00fcr Video-Konferenzen.<\/p>\n<p>Das OC16 setzt mit seinem unschlagbaren Preis-\/Leistungsverh\u00e4ltnis neue Ma\u00dfst\u00e4be.<\/p>\n<h2 class=\"aa-section-title js-slide-up\">Hauptmerkmale<\/h2>\n<div class=\"row js-slide-up a\">\n<div class=\"col-12 col-md-4\">\n<div class=\"key-feature\">\n<h3>Handgefertigte CKR6 Keramik-Kapsel<\/h3>\n<div class=\"key-feature-desc\">\n<p>wie die CKR12-Kapsel, jedoch mit einfacher Membran, in Wien handgefertigt<\/p>\n<\/div>\n<\/div>\n<\/div>\n<div class=\"col-12 col-md-4\">\n<div class=\"key-feature\">\n<h3>Robustes Druckgussgeh\u00e4use<\/h3>\n<div class=\"key-feature-desc\">\n<p>f\u00fcr die anspruchsvollsten Situationen im Proberaum, Studio oder auf der B\u00fchne<\/p>\n<\/div>\n<\/div>\n<\/div>\n<div class=\"col-12 col-md-4\">\n<div class=\"key-feature\">\n<h3>Pr\u00e4zise Nierencharakteristik<\/h3>\n<div class=\"key-feature-desc\">\n<p>f\u00fcr pr\u00e4zise Performance<\/p>\n<\/div>\n<\/div>\n<\/div>\n<div class=\"col-12 col-md-4\">\n<div class=\"key-feature\">\n<h3>Analoger Hochpass Filter<\/h3>\n<div class=\"key-feature-desc\">\n<p>40 Hz (2te Ordnung) 160 Hz (2te Ordnung)<\/p>\n<h2 class=\"aa-section-title js-slide-up\">Technische Spezifikationen<\/h2>\n<div class=\"tech-specs-table js-slide-up a\">\n<div class=\"tech-specs-cell\">\n<div class=\"ts-inner-table\">\n<div class=\"ts-inner-cell\">Richtcharakteristik:<\/div>\n<div class=\"ts-inner-cell\">Niere<\/div>\n<\/div>\n<\/div>\n<div class=\"tech-specs-cell\">\n<div class=\"ts-inner-table\">\n<div class=\"ts-inner-cell\">Frequenzbereich:<\/div>\n<div class=\"ts-inner-cell\">20 Hz &#8211; 20 kHz<\/div>\n<\/div>\n<\/div>\n<div class=\"tech-specs-cell\">\n<div class=\"ts-inner-table\">\n<div class=\"ts-inner-cell\">Empfindlichkeit:<\/div>\n<div class=\"ts-inner-cell\">11 mV\/Pa<\/div>\n<\/div>\n<\/div>\n<div class=\"tech-specs-cell\">\n<div class=\"ts-inner-table\">\n<div class=\"ts-inner-cell\">Eigenrauschen:<\/div>\n<div class=\"ts-inner-cell\">14 dB SPL (A)<\/div>\n<\/div>\n<\/div>\n<div class=\"tech-specs-cell\">\n<div class=\"ts-inner-table\">\n<div class=\"ts-inner-cell\">Max. Schalldruck:<\/div>\n<div class=\"ts-inner-cell\">148 dB SPL<\/div>\n<\/div>\n<\/div>\n<div class=\"tech-specs-cell\">\n<div class=\"ts-inner-table\">\n<div class=\"ts-inner-cell\">Analoger Hochpass Filter:<\/div>\n<div class=\"ts-inner-cell\">40 Hz, 160 Hz<\/div>\n<\/div>\n<\/div>\n<div class=\"tech-specs-cell\">\n<div class=\"ts-inner-table\">\n<div class=\"ts-inner-cell\">Impedanz:<\/div>\n<div class=\"ts-inner-cell\">275 \u03a9 (2x)<\/div>\n<\/div>\n<\/div>\n<div class=\"tech-specs-cell\">\n<div class=\"ts-inner-table\">\n<div class=\"ts-inner-cell\">Lastwiderstand:<\/div>\n<div class=\"ts-inner-cell\">&gt; 1 k\u03a9<\/div>\n<\/div>\n<\/div>\n<div class=\"tech-specs-cell\">\n<div class=\"ts-inner-table\">\n<div class=\"ts-inner-cell\">Spannungsversorgung:<\/div>\n<div class=\"ts-inner-cell\">48 V (&lt; 2.2mA)<\/div>\n<\/div>\n<\/div>\n<div class=\"tech-specs-cell\">\n<div class=\"ts-inner-table\">\n<div class=\"ts-inner-cell\">Anschluss:<\/div>\n<div class=\"ts-inner-cell\">XLR 3 pin<\/div>\n<\/div>\n<\/div>\n<div class=\"tech-specs-cell\">\n<div class=\"ts-inner-table\">\n<div class=\"ts-inner-cell\">Abmessungen:<\/div>\n<div class=\"ts-inner-cell\">157 x 66 x 34 mm<\/div>\n<\/div>\n<\/div>\n<div class=\"tech-specs-cell\">\n<div class=\"ts-inner-table\">\n<div class=\"ts-inner-cell\">Gewicht:<\/div>\n<div class=\"ts-inner-cell\">335 g<\/div>\n<\/div>\n<\/div>\n<\/div>\n<\/div>\n<\/div>\n<\/div>\n<\/div>\n<\/div>\n","protected":false},"excerpt":{"rendered":"<h2 class=\"with-arrow js-slide-up\">Exzellenter Klang f\u00fcr jedes Budget<\/h2>\n<p>https:\/\/youtu.be\/MdR1HnmZy-E<\/p>\n<div class=\"common-content-desc js-slide-up a\"><\/div>\n","protected":false},"featured_media":11050,"template":"","meta":{"_uag_custom_page_level_css":"","site-sidebar-layout":"default","site-content-layout":"","ast-site-content-layout":"default","site-content-style":"default","site-sidebar-style":"default","ast-global-header-display":"","ast-banner-title-visibility":"","ast-main-header-display":"","ast-hfb-above-header-display":"","ast-hfb-below-header-display":"","ast-hfb-mobile-header-display":"","site-post-title":"","ast-breadcrumbs-content":"","ast-featured-img":"","footer-sml-layout":"","ast-disable-related-posts":"","theme-transparent-header-meta":"","adv-header-id-meta":"","stick-header-meta":"","header-above-stick-meta":"","header-main-stick-meta":"","header-below-stick-meta":"","astra-migrate-meta-layouts":"default","ast-page-background-enabled":"default","ast-page-background-meta":{"desktop":{"background-color":"var(--ast-global-color-4)","background-image":"","background-repeat":"repeat","background-position":"center center","background-size":"auto","background-attachment":"scroll","background-type":"","background-media":"","overlay-type":"","overlay-color":"","overlay-opacity":"","overlay-gradient":""},"tablet":{"background-color":"","background-image":"","background-repeat":"repeat","background-position":"center center","background-size":"auto","background-attachment":"scroll","background-type":"","background-media":"","overlay-type":"","overlay-color":"","overlay-opacity":"","overlay-gradient":""},"mobile":{"background-color":"","background-image":"","background-repeat":"repeat","background-position":"center center","background-size":"auto","background-attachment":"scroll","background-type":"","background-media":"","overlay-type":"","overlay-color":"","overlay-opacity":"","overlay-gradient":""}},"ast-content-background-meta":{"desktop":{"background-color":"var(--ast-global-color-5)","background-image":"","background-repeat":"repeat","background-position":"center center","background-size":"auto","background-attachment":"scroll","background-type":"","background-media":"","overlay-type":"","overlay-color":"","overlay-opacity":"","overlay-gradient":""},"tablet":{"background-color":"var(--ast-global-color-5)","background-image":"","background-repeat":"repeat","background-position":"center center","background-size":"auto","background-attachment":"scroll","background-type":"","background-media":"","overlay-type":"","overlay-color":"","overlay-opacity":"","overlay-gradient":""},"mobile":{"background-color":"var(--ast-global-color-5)","background-image":"","background-repeat":"repeat","background-position":"center center","background-size":"auto","background-attachment":"scroll","background-type":"","background-media":"","overlay-type":"","overlay-color":"","overlay-opacity":"","overlay-gradient":""}}},"product_brand":[],"product_cat":[249,130],"product_tag":[],"class_list":{"0":"post-11048","1":"product","2":"type-product","3":"status-publish","4":"has-post-thumbnail","6":"product_cat-austrian-audio","7":"product_cat-mikrofone-kopfhoerer","8":"product_shipping_class-laenge-bis-50cm","9":"desktop-align-center","10":"tablet-align-left","11":"mobile-align-left","12":"ast-product-gallery-layout-horizontal-slider","13":"ast-product-tabs-layout-accordion","15":"first","16":"instock","17":"featured","18":"taxable","19":"shipping-taxable","20":"purchasable","21":"product-type-simple"},"uagb_featured_image_src":{"full":["https:\/\/www.kufsteinermusikhaus.com\/store\/wp-content\/uploads\/2023\/01\/2Austrian-OC-16.jpg",800,800,false],"thumbnail":["https:\/\/www.kufsteinermusikhaus.com\/store\/wp-content\/uploads\/2023\/01\/2Austrian-OC-16-150x150.jpg",150,150,true],"medium":["https:\/\/www.kufsteinermusikhaus.com\/store\/wp-content\/uploads\/2023\/01\/2Austrian-OC-16-300x300.jpg",300,300,true],"medium_large":["https:\/\/www.kufsteinermusikhaus.com\/store\/wp-content\/uploads\/2023\/01\/2Austrian-OC-16.jpg",800,800,false],"large":["https:\/\/www.kufsteinermusikhaus.com\/store\/wp-content\/uploads\/2023\/01\/2Austrian-OC-16.jpg",800,800,false],"1536x1536":["https:\/\/www.kufsteinermusikhaus.com\/store\/wp-content\/uploads\/2023\/01\/2Austrian-OC-16.jpg",800,800,false],"2048x2048":["https:\/\/www.kufsteinermusikhaus.com\/store\/wp-content\/uploads\/2023\/01\/2Austrian-OC-16.jpg",800,800,false],"woocommerce_thumbnail":["https:\/\/www.kufsteinermusikhaus.com\/store\/wp-content\/uploads\/2023\/01\/2Austrian-OC-16-250x250.jpg",250,250,true],"woocommerce_single":["https:\/\/www.kufsteinermusikhaus.com\/store\/wp-content\/uploads\/2023\/01\/2Austrian-OC-16.jpg",800,800,false],"woocommerce_gallery_thumbnail":["https:\/\/www.kufsteinermusikhaus.com\/store\/wp-content\/uploads\/2023\/01\/2Austrian-OC-16-100x100.jpg",100,100,true]},"uagb_author_info":{"display_name":"wordpressadmin","author_link":"https:\/\/www.kufsteinermusikhaus.com\/store\/author\/"},"uagb_comment_info":0,"uagb_excerpt":"Exzellenter Klang f\u00fcr jedes Budget https:\/\/youtu.be\/MdR1HnmZy-E","_links":{"self":[{"href":"https:\/\/www.kufsteinermusikhaus.com\/store\/wp-json\/wp\/v2\/product\/11048","targetHints":{"allow":["GET"]}}],"collection":[{"href":"https:\/\/www.kufsteinermusikhaus.com\/store\/wp-json\/wp\/v2\/product"}],"about":[{"href":"https:\/\/www.kufsteinermusikhaus.com\/store\/wp-json\/wp\/v2\/types\/product"}],"wp:featuredmedia":[{"embeddable":true,"href":"https:\/\/www.kufsteinermusikhaus.com\/store\/wp-json\/wp\/v2\/media\/11050"}],"wp:attachment":[{"href":"https:\/\/www.kufsteinermusikhaus.com\/store\/wp-json\/wp\/v2\/media?parent=11048"}],"wp:term":[{"taxonomy":"product_brand","embeddable":true,"href":"https:\/\/www.kufsteinermusikhaus.com\/store\/wp-json\/wp\/v2\/product_brand?post=11048"},{"taxonomy":"product_cat","embeddable":true,"href":"https:\/\/www.kufsteinermusikhaus.com\/store\/wp-json\/wp\/v2\/product_cat?post=11048"},{"taxonomy":"product_tag","embeddable":true,"href":"https:\/\/www.kufsteinermusikhaus.com\/store\/wp-json\/wp\/v2\/product_tag?post=11048"}],"curies":[{"name":"wp","href":"https:\/\/api.w.org\/{rel}","templated":true}]}}