{"id":13062,"date":"2024-10-20T20:46:55","date_gmt":"2024-10-20T18:46:55","guid":{"rendered":"https:\/\/www.kufsteinermusikhaus.com\/store\/?post_type=product&#038;p=13062"},"modified":"2025-09-03T11:23:34","modified_gmt":"2025-09-03T09:23:34","slug":"prs-john-mayer-silver-sky-venetian-blue","status":"publish","type":"product","link":"https:\/\/www.kufsteinermusikhaus.com\/store\/produkt\/prs-john-mayer-silver-sky-venetian-blue\/","title":{"rendered":"PRS John Mayer Silver Sky Venetian Blue"},"content":{"rendered":"<h6>Die erste Wahl f\u00fcr Hr. Mayer, und nicht unbegr\u00fcndet. Wer auf der Suche nach einer erstklassigen Single Coil Gitarre ist, und nicht dutzende Vintage L\u00e4den abklappern will, der ist mit der Silver Sky absolut richtig. Best\u00fcckt mit dem Besten was auf dem Markt zu kriegen ist, \u00fcberzeugt diese Gitarre jeden auch noch so eingefleischten Strat-Type Spieler.<\/h6>\n<p>&nbsp;<\/p>\n<h1>Reach For The Sky<\/h1>\n<p><em>\u201cIt\u2019s been a dream of mine for years to design a guitar that includes some of my favorite vintage specifications but with a modern spirit and aesthetic. After two years of study and refinement, the Silver Sky is my vision of what a reboot of the electric guitar should look and feel like.\u201d<\/em>\u00a0<strong>\u2013 John Mayer<\/strong><\/p>\n<p>The\u00a0<strong>PRS Silver Sky<\/strong>\u00a0is an idealized version of a vintage single-coil guitar where every detail adds up and sets this guitar apart from the pack and the past. The result of a close collaboration between Grammy Award-winning musician John Mayer and Paul Reed Smith, the Silver Sky is based off of years of development. Incorporating Mayer and Smith\u2019s favorite elements of 1963 and 1964 instruments with an eye toward modern references, the PRS Silver Sky delivers the warmth and familiarity of an old guitar with the finesse of a brand-new instrument.<\/p>\n<p>Some of the more distinctive specifications include, the headstock shape, tuners, bridge, pickups, and neck and fretboard options. The headstock shape is based on PRS\u2019s trademark design, but inverted both to accommodate Mayer\u2019s playing style and also to keep a consistent length of string behind the nut, which makes staying in tune easier. The tuners are a traditional vintage-style, closed-back tuner, but with PRS\u2019s locking design. The steel tremolo takes the patented PRS design and incorporates Gen III knife-edge screws. Setup flush to the body in the neutral position so that the tremolo bridge only goes down in pitch, the bridge\u2019s increased contact with the body allows the guitar itself to be acoustically louder, which in turn improves the signal to noise ratio of the single-coil pickups. The 635JM single-coil pickups are very round and full, with a musical high end that is never \u201cice-picky\u201d or brash.<\/p>\n<p>The Silver Sky comes with the option of a rosewood or maple fretboard. The maple fretboard option comes with the original 635JM neck shape, while the rosewood fretboard option has been subtly modified in the shoulders to feel more \u201crounded\u201d in your hand. Both neck shapes were designed by researching vintage instruments and Mayer test-driving guitars on stage to find what felt right. The fretboard radius on both options is 7.25\u201d.<\/p>\n<p>Other high-quality specifications include a bone nut, a molded metal jack plate (curved to make plugging and unplugging a guitar cable hassle-free), retooled knobs, and PRS\u2019s double action truss rod (accessible from the front of the headstock for ease of use). PRS premium gig bag included.<\/p>\n<p><strong>Specs:<\/strong><\/p>\n<p style=\"padding-left: 40px;\">Alder Body, 25.5\u201d scale length, 22 fret maple neck, rosewood or maple fretboard, small bird inlays, PRS steel tremolo, 635JM treble, middle, and bass single-coil pickups, one volume &amp; two tone controls with a 5-way blade pickup switch, PRS<br \/>\nvintage-style locking tuners, nickel hardware, premium gig bag \u2022 Neck profile: 635JM-R (rosewood fretboard)<\/p>\n","protected":false},"excerpt":{"rendered":"<p>Die erste Wahl f\u00fcr Hr. Mayer, und nicht unbegr\u00fcndet. Wer auf der Suche nach einer erstklassigen Single Coil Gitarre ist, und nicht dutzende Vintage L\u00e4den abklappern will, der ist mit der Silver Sky absolut richtig. Best\u00fcckt mit dem Besten was auf dem Markt zu kriegen ist, \u00fcberzeugt diese Gitarre jeden auch noch so eingefleischten Strat-Type [&hellip;]<\/p>\n","protected":false},"featured_media":13066,"template":"","meta":{"_uag_custom_page_level_css":"","site-sidebar-layout":"default","site-content-layout":"","ast-site-content-layout":"default","site-content-style":"default","site-sidebar-style":"default","ast-global-header-display":"","ast-banner-title-visibility":"","ast-main-header-display":"","ast-hfb-above-header-display":"","ast-hfb-below-header-display":"","ast-hfb-mobile-header-display":"","site-post-title":"","ast-breadcrumbs-content":"","ast-featured-img":"","footer-sml-layout":"","ast-disable-related-posts":"","theme-transparent-header-meta":"default","adv-header-id-meta":"","stick-header-meta":"default","header-above-stick-meta":"","header-main-stick-meta":"","header-below-stick-meta":"","astra-migrate-meta-layouts":"set","ast-page-background-enabled":"default","ast-page-background-meta":{"desktop":{"background-color":"var(--ast-global-color-4)","background-image":"","background-repeat":"repeat","background-position":"center center","background-size":"auto","background-attachment":"scroll","background-type":"","background-media":"","overlay-type":"","overlay-color":"","overlay-opacity":"","overlay-gradient":""},"tablet":{"background-color":"","background-image":"","background-repeat":"repeat","background-position":"center center","background-size":"auto","background-attachment":"scroll","background-type":"","background-media":"","overlay-type":"","overlay-color":"","overlay-opacity":"","overlay-gradient":""},"mobile":{"background-color":"","background-image":"","background-repeat":"repeat","background-position":"center center","background-size":"auto","background-attachment":"scroll","background-type":"","background-media":"","overlay-type":"","overlay-color":"","overlay-opacity":"","overlay-gradient":""}},"ast-content-background-meta":{"desktop":{"background-color":"var(--ast-global-color-5)","background-image":"","background-repeat":"repeat","background-position":"center center","background-size":"auto","background-attachment":"scroll","background-type":"","background-media":"","overlay-type":"","overlay-color":"","overlay-opacity":"","overlay-gradient":""},"tablet":{"background-color":"var(--ast-global-color-5)","background-image":"","background-repeat":"repeat","background-position":"center center","background-size":"auto","background-attachment":"scroll","background-type":"","background-media":"","overlay-type":"","overlay-color":"","overlay-opacity":"","overlay-gradient":""},"mobile":{"background-color":"var(--ast-global-color-5)","background-image":"","background-repeat":"repeat","background-position":"center center","background-size":"auto","background-attachment":"scroll","background-type":"","background-media":"","overlay-type":"","overlay-color":"","overlay-opacity":"","overlay-gradient":""}}},"product_brand":[],"product_cat":[80,108,82],"product_tag":[],"class_list":{"0":"post-13062","1":"product","2":"type-product","3":"status-publish","4":"has-post-thumbnail","6":"product_cat-e-gitarre","7":"product_cat-unkategorisiert","8":"product_cat-prs","9":"product_shipping_class-laenge-ueber-100cm","10":"desktop-align-center","11":"tablet-align-left","12":"mobile-align-left","13":"ast-product-gallery-layout-horizontal-slider","14":"ast-product-tabs-layout-accordion","16":"first","17":"outofstock","18":"taxable","19":"shipping-taxable","20":"purchasable","21":"product-type-simple"},"uagb_featured_image_src":{"full":["https:\/\/www.kufsteinermusikhaus.com\/store\/wp-content\/uploads\/2024\/10\/PRS-JM-Silver-Sky-Venetian-Blue3Kufsteiner-Musikhaus.jpg",562,1000,false],"thumbnail":["https:\/\/www.kufsteinermusikhaus.com\/store\/wp-content\/uploads\/2024\/10\/PRS-JM-Silver-Sky-Venetian-Blue3Kufsteiner-Musikhaus-84x150.jpg",84,150,true],"medium":["https:\/\/www.kufsteinermusikhaus.com\/store\/wp-content\/uploads\/2024\/10\/PRS-JM-Silver-Sky-Venetian-Blue3Kufsteiner-Musikhaus-169x300.jpg",169,300,true],"medium_large":["https:\/\/www.kufsteinermusikhaus.com\/store\/wp-content\/uploads\/2024\/10\/PRS-JM-Silver-Sky-Venetian-Blue3Kufsteiner-Musikhaus.jpg",562,1000,false],"large":["https:\/\/www.kufsteinermusikhaus.com\/store\/wp-content\/uploads\/2024\/10\/PRS-JM-Silver-Sky-Venetian-Blue3Kufsteiner-Musikhaus.jpg",562,1000,false],"1536x1536":["https:\/\/www.kufsteinermusikhaus.com\/store\/wp-content\/uploads\/2024\/10\/PRS-JM-Silver-Sky-Venetian-Blue3Kufsteiner-Musikhaus.jpg",562,1000,false],"2048x2048":["https:\/\/www.kufsteinermusikhaus.com\/store\/wp-content\/uploads\/2024\/10\/PRS-JM-Silver-Sky-Venetian-Blue3Kufsteiner-Musikhaus.jpg",562,1000,false],"woocommerce_thumbnail":["https:\/\/www.kufsteinermusikhaus.com\/store\/wp-content\/uploads\/2024\/10\/PRS-JM-Silver-Sky-Venetian-Blue3Kufsteiner-Musikhaus-250x445.jpg",250,445,true],"woocommerce_single":["https:\/\/www.kufsteinermusikhaus.com\/store\/wp-content\/uploads\/2024\/10\/PRS-JM-Silver-Sky-Venetian-Blue3Kufsteiner-Musikhaus.jpg",562,1000,false],"woocommerce_gallery_thumbnail":["https:\/\/www.kufsteinermusikhaus.com\/store\/wp-content\/uploads\/2024\/10\/PRS-JM-Silver-Sky-Venetian-Blue3Kufsteiner-Musikhaus-100x100.jpg",100,100,true]},"uagb_author_info":{"display_name":"wordpressadmin","author_link":"https:\/\/www.kufsteinermusikhaus.com\/store\/author\/"},"uagb_comment_info":0,"uagb_excerpt":"Die erste Wahl f\u00fcr Hr. Mayer, und nicht unbegr\u00fcndet. Wer auf der Suche nach einer erstklassigen Single Coil Gitarre ist, und nicht dutzende Vintage L\u00e4den abklappern will, der ist mit der Silver Sky absolut richtig. Best\u00fcckt mit dem Besten was auf dem Markt zu kriegen ist, \u00fcberzeugt diese Gitarre jeden auch noch so eingefleischten Strat-Type&hellip;","_links":{"self":[{"href":"https:\/\/www.kufsteinermusikhaus.com\/store\/wp-json\/wp\/v2\/product\/13062","targetHints":{"allow":["GET"]}}],"collection":[{"href":"https:\/\/www.kufsteinermusikhaus.com\/store\/wp-json\/wp\/v2\/product"}],"about":[{"href":"https:\/\/www.kufsteinermusikhaus.com\/store\/wp-json\/wp\/v2\/types\/product"}],"wp:featuredmedia":[{"embeddable":true,"href":"https:\/\/www.kufsteinermusikhaus.com\/store\/wp-json\/wp\/v2\/media\/13066"}],"wp:attachment":[{"href":"https:\/\/www.kufsteinermusikhaus.com\/store\/wp-json\/wp\/v2\/media?parent=13062"}],"wp:term":[{"taxonomy":"product_brand","embeddable":true,"href":"https:\/\/www.kufsteinermusikhaus.com\/store\/wp-json\/wp\/v2\/product_brand?post=13062"},{"taxonomy":"product_cat","embeddable":true,"href":"https:\/\/www.kufsteinermusikhaus.com\/store\/wp-json\/wp\/v2\/product_cat?post=13062"},{"taxonomy":"product_tag","embeddable":true,"href":"https:\/\/www.kufsteinermusikhaus.com\/store\/wp-json\/wp\/v2\/product_tag?post=13062"}],"curies":[{"name":"wp","href":"https:\/\/api.w.org\/{rel}","templated":true}]}}