{"id":13121,"date":"2024-10-24T14:18:39","date_gmt":"2024-10-24T12:18:39","guid":{"rendered":"https:\/\/www.kufsteinermusikhaus.com\/store\/?post_type=product&#038;p=13121"},"modified":"2025-09-16T12:14:55","modified_gmt":"2025-09-16T10:14:55","slug":"prs-s2-vela-semi-hollow-satin","status":"publish","type":"product","link":"https:\/\/www.kufsteinermusikhaus.com\/store\/produkt\/prs-s2-vela-semi-hollow-satin\/","title":{"rendered":"PRS S2 Vela Semi Hollow Satin"},"content":{"rendered":"<p class=\"p1\"><span class=\"s1\">Simply Irresistible<\/span><\/p>\n<p class=\"p2\"><span class=\"s1\">Die S2 Vela Semi-Hollow Satin ist eine Vintage-inspirierte Gitarre mit viel Pers\u00f6nlichkeit und Klangtexturen. Die Vela verf\u00fcgt \u00fcber eine moderne Offset-Korpusform und der zus\u00e4tzliche Semi-Hollow-Korpus und das Satin-Nitro-Finish verleihen der Vela zus\u00e4tzliche Charakteristik und Resonanz mit einem wirklich s\u00fcchtig machenden Spielgef\u00fchl.<\/span><\/p>\n<p class=\"p2\"><span class=\"s1\">The S2 Vela Semi-Hollow Satin is a vintage-inspired guitar with loads of personality and tonal textures. The Vela boasts a contemporary offset body shape, and the addition of a semi-hollow body and satin nitro finish gives the Vela added attitude and resonance with a truly addictive feel.<\/span><\/p>\n<p class=\"p2\"><span class=\"s1\"><b>Specs:<\/b><\/span><\/p>\n<p class=\"p2\"><span class=\"s1\">Asymmetric bevel-cut mahogany semi-hollow body with single F-hole, 25\u201d scale ,length, 22 fret mahogany neck, rosewood fretboard, dot inlays, PRS plate style<\/span><\/p>\n<p class=\"p2\"><span class=\"s1\">bridge, PRS-Designed DS-01 treble and Type-D single-coil bass pickups, volume\u00a0&amp; push\/pull tone controls with 3-way toggle pickup switch, PRS low mass locking<\/span><\/p>\n<p class=\"p3\"><span class=\"s1\">tuners, nickel hardware, gig bag , Neck profile: Pattern Regular , Made in USA<\/span><\/p>\n<p class=\"p1\"><span class=\"s1\">Simply Irresistible<\/span><\/p>\n<p class=\"p2\"><span class=\"s1\">Die S2 Vela Semi-Hollow Satin ist eine Vintage-inspirierte Gitarre mit viel Pers\u00f6nlichkeit und Klangtexturen. Die Vela verf\u00fcgt \u00fcber eine moderne Offset-Korpusform und der zus\u00e4tzliche Semi-Hollow-Korpus und das Satin-Nitro-Finish verleihen der Vela zus\u00e4tzliche Charakteristik und Resonanz mit einem wirklich s\u00fcchtig machenden Spielgef\u00fchl.<\/span><\/p>\n<p class=\"p2\"><span class=\"s1\">The S2 Vela Semi-Hollow Satin is a vintage-inspired guitar with loads of personality and tonal textures. The Vela boasts a contemporary offset body shape, and the addition of a semi-hollow body and satin nitro finish gives the Vela added attitude and resonance with a truly addictive feel.<\/span><\/p>\n<p class=\"p2\"><span class=\"s1\"><b>Specs:<\/b><\/span><\/p>\n<p class=\"p2\"><span class=\"s1\">Asymmetric bevel-cut mahogany semi-hollow body with single F-hole, 25\u201d scale ,length, 22 fret mahogany neck, rosewood fretboard, dot inlays, PRS plate style<\/span><\/p>\n<p class=\"p2\"><span class=\"s1\">bridge, PRS-Designed DS-01 treble and Type-D single-coil bass pickups, volume\u00a0&amp; push\/pull tone controls with 3-way toggle pickup switch, PRS low mass locking<\/span><\/p>\n<p class=\"p3\"><span class=\"s1\">tuners, nickel hardware, gig bag , Neck profile: Pattern Regular , Made in USA<\/span><\/p>\n","protected":false},"excerpt":{"rendered":"<p>Simply Irresistible Die S2 Vela Semi-Hollow Satin ist eine Vintage-inspirierte Gitarre mit viel Pers\u00f6nlichkeit und Klangtexturen. Die Vela verf\u00fcgt \u00fcber eine moderne Offset-Korpusform und der zus\u00e4tzliche Semi-Hollow-Korpus und das Satin-Nitro-Finish verleihen der Vela zus\u00e4tzliche Charakteristik und Resonanz mit einem wirklich s\u00fcchtig machenden Spielgef\u00fchl. The S2 Vela Semi-Hollow Satin is a vintage-inspired guitar with loads of [&hellip;]<\/p>\n","protected":false},"featured_media":13049,"template":"","meta":{"_uag_custom_page_level_css":"","site-sidebar-layout":"default","site-content-layout":"","ast-site-content-layout":"default","site-content-style":"default","site-sidebar-style":"default","ast-global-header-display":"","ast-banner-title-visibility":"","ast-main-header-display":"","ast-hfb-above-header-display":"","ast-hfb-below-header-display":"","ast-hfb-mobile-header-display":"","site-post-title":"","ast-breadcrumbs-content":"","ast-featured-img":"","footer-sml-layout":"","ast-disable-related-posts":"","theme-transparent-header-meta":"default","adv-header-id-meta":"","stick-header-meta":"default","header-above-stick-meta":"","header-main-stick-meta":"","header-below-stick-meta":"","astra-migrate-meta-layouts":"set","ast-page-background-enabled":"default","ast-page-background-meta":{"desktop":{"background-color":"var(--ast-global-color-4)","background-image":"","background-repeat":"repeat","background-position":"center center","background-size":"auto","background-attachment":"scroll","background-type":"","background-media":"","overlay-type":"","overlay-color":"","overlay-opacity":"","overlay-gradient":""},"tablet":{"background-color":"","background-image":"","background-repeat":"repeat","background-position":"center center","background-size":"auto","background-attachment":"scroll","background-type":"","background-media":"","overlay-type":"","overlay-color":"","overlay-opacity":"","overlay-gradient":""},"mobile":{"background-color":"","background-image":"","background-repeat":"repeat","background-position":"center center","background-size":"auto","background-attachment":"scroll","background-type":"","background-media":"","overlay-type":"","overlay-color":"","overlay-opacity":"","overlay-gradient":""}},"ast-content-background-meta":{"desktop":{"background-color":"var(--ast-global-color-5)","background-image":"","background-repeat":"repeat","background-position":"center center","background-size":"auto","background-attachment":"scroll","background-type":"","background-media":"","overlay-type":"","overlay-color":"","overlay-opacity":"","overlay-gradient":""},"tablet":{"background-color":"var(--ast-global-color-5)","background-image":"","background-repeat":"repeat","background-position":"center center","background-size":"auto","background-attachment":"scroll","background-type":"","background-media":"","overlay-type":"","overlay-color":"","overlay-opacity":"","overlay-gradient":""},"mobile":{"background-color":"var(--ast-global-color-5)","background-image":"","background-repeat":"repeat","background-position":"center center","background-size":"auto","background-attachment":"scroll","background-type":"","background-media":"","overlay-type":"","overlay-color":"","overlay-opacity":"","overlay-gradient":""}}},"product_brand":[],"product_cat":[80,108,82],"product_tag":[],"class_list":{"0":"post-13121","1":"product","2":"type-product","3":"status-publish","4":"has-post-thumbnail","6":"product_cat-e-gitarre","7":"product_cat-unkategorisiert","8":"product_cat-prs","9":"product_shipping_class-laenge-ueber-100cm","10":"desktop-align-center","11":"tablet-align-left","12":"mobile-align-left","13":"ast-product-gallery-layout-horizontal-slider","14":"ast-product-tabs-layout-accordion","16":"first","17":"outofstock","18":"taxable","19":"shipping-taxable","20":"purchasable","21":"product-type-simple"},"uagb_featured_image_src":{"full":["https:\/\/www.kufsteinermusikhaus.com\/store\/wp-content\/uploads\/2024\/10\/PRS-S2-Vela-Semi-Hollow-Satin11000.jpg",562,1000,false],"thumbnail":["https:\/\/www.kufsteinermusikhaus.com\/store\/wp-content\/uploads\/2024\/10\/PRS-S2-Vela-Semi-Hollow-Satin11000-84x150.jpg",84,150,true],"medium":["https:\/\/www.kufsteinermusikhaus.com\/store\/wp-content\/uploads\/2024\/10\/PRS-S2-Vela-Semi-Hollow-Satin11000-169x300.jpg",169,300,true],"medium_large":["https:\/\/www.kufsteinermusikhaus.com\/store\/wp-content\/uploads\/2024\/10\/PRS-S2-Vela-Semi-Hollow-Satin11000.jpg",562,1000,false],"large":["https:\/\/www.kufsteinermusikhaus.com\/store\/wp-content\/uploads\/2024\/10\/PRS-S2-Vela-Semi-Hollow-Satin11000.jpg",562,1000,false],"1536x1536":["https:\/\/www.kufsteinermusikhaus.com\/store\/wp-content\/uploads\/2024\/10\/PRS-S2-Vela-Semi-Hollow-Satin11000.jpg",562,1000,false],"2048x2048":["https:\/\/www.kufsteinermusikhaus.com\/store\/wp-content\/uploads\/2024\/10\/PRS-S2-Vela-Semi-Hollow-Satin11000.jpg",562,1000,false],"woocommerce_thumbnail":["https:\/\/www.kufsteinermusikhaus.com\/store\/wp-content\/uploads\/2024\/10\/PRS-S2-Vela-Semi-Hollow-Satin11000-250x445.jpg",250,445,true],"woocommerce_single":["https:\/\/www.kufsteinermusikhaus.com\/store\/wp-content\/uploads\/2024\/10\/PRS-S2-Vela-Semi-Hollow-Satin11000.jpg",562,1000,false],"woocommerce_gallery_thumbnail":["https:\/\/www.kufsteinermusikhaus.com\/store\/wp-content\/uploads\/2024\/10\/PRS-S2-Vela-Semi-Hollow-Satin11000-100x100.jpg",100,100,true]},"uagb_author_info":{"display_name":"wordpressadmin","author_link":"https:\/\/www.kufsteinermusikhaus.com\/store\/author\/"},"uagb_comment_info":0,"uagb_excerpt":"Simply Irresistible Die S2 Vela Semi-Hollow Satin ist eine Vintage-inspirierte Gitarre mit viel Pers\u00f6nlichkeit und Klangtexturen. Die Vela verf\u00fcgt \u00fcber eine moderne Offset-Korpusform und der zus\u00e4tzliche Semi-Hollow-Korpus und das Satin-Nitro-Finish verleihen der Vela zus\u00e4tzliche Charakteristik und Resonanz mit einem wirklich s\u00fcchtig machenden Spielgef\u00fchl. The S2 Vela Semi-Hollow Satin is a vintage-inspired guitar with loads of&hellip;","_links":{"self":[{"href":"https:\/\/www.kufsteinermusikhaus.com\/store\/wp-json\/wp\/v2\/product\/13121","targetHints":{"allow":["GET"]}}],"collection":[{"href":"https:\/\/www.kufsteinermusikhaus.com\/store\/wp-json\/wp\/v2\/product"}],"about":[{"href":"https:\/\/www.kufsteinermusikhaus.com\/store\/wp-json\/wp\/v2\/types\/product"}],"wp:featuredmedia":[{"embeddable":true,"href":"https:\/\/www.kufsteinermusikhaus.com\/store\/wp-json\/wp\/v2\/media\/13049"}],"wp:attachment":[{"href":"https:\/\/www.kufsteinermusikhaus.com\/store\/wp-json\/wp\/v2\/media?parent=13121"}],"wp:term":[{"taxonomy":"product_brand","embeddable":true,"href":"https:\/\/www.kufsteinermusikhaus.com\/store\/wp-json\/wp\/v2\/product_brand?post=13121"},{"taxonomy":"product_cat","embeddable":true,"href":"https:\/\/www.kufsteinermusikhaus.com\/store\/wp-json\/wp\/v2\/product_cat?post=13121"},{"taxonomy":"product_tag","embeddable":true,"href":"https:\/\/www.kufsteinermusikhaus.com\/store\/wp-json\/wp\/v2\/product_tag?post=13121"}],"curies":[{"name":"wp","href":"https:\/\/api.w.org\/{rel}","templated":true}]}}