{"id":14027,"date":"2026-01-09T16:59:47","date_gmt":"2026-01-09T15:59:47","guid":{"rendered":"https:\/\/www.kufsteinermusikhaus.com\/store\/?post_type=product&#038;p=14027"},"modified":"2026-01-09T17:35:02","modified_gmt":"2026-01-09T16:35:02","slug":"duesenberg-fantom-s-serie-b-stock","status":"publish","type":"product","link":"https:\/\/www.kufsteinermusikhaus.com\/store\/produkt\/duesenberg-fantom-s-serie-b-stock\/","title":{"rendered":"Duesenberg Fantom S Serie B Stock"},"content":{"rendered":"<h4 data-block-key=\"8g7gm\"><b>Ein kraftvoller Mix aus Mahagoni, Ebenholz und High-Output Pickups. Die &#8220;Fantom Series A&#8221; ist der perfekte Begleiter f\u00fcr alle, die die B\u00fchne in eine &#8220;Wall of Sound&#8221; verwandeln wollen.<\/b><\/h4>\n<p data-block-key=\"6n0io\">F\u00fcr viele K\u00fcnstler der h\u00e4rteren Gangart war die Kombination aus Crunchbucker am Steg und Grand Vintage am Hals schon immer die Traumkombination. Dieses mal unterstreichen wir diese tonale Ausrichtung mit einem Griffbrett aus Ebenholz, das in Kombination mit dem Mahagonikorpus f\u00fcr schnelles Attack und definierte H\u00f6hen sorgt.<\/p>\n<p data-block-key=\"4a2om\">Der zus\u00e4tzliche Regler am Cutaway erm\u00f6glicht es Dir, die Lautst\u00e4rke des Hals Tonabnehmers unabh\u00e4ngig vom Steg Tonabnehmer zu regeln. Mit diesem Feature kannst du stets zwei unterschiedliche Verzerrgrade innerhalb des Instruments voreinstellen.<\/p>\n<p data-block-key=\"cg6co\">Die &#8220;Fantom Series A&#8221; ist haupts\u00e4chlich aus Mahagoni und Ebenholz gebaut, und positioniert sich damit klar als kraftvolle Rock-Maschine. Das atemberaubende neue &#8220;Matte Olive&#8221; Finish gl\u00e4nzt mit schwarzer Hardware. Die Ausf\u00fchrungen in Aged-White und Black dagegen werden mit goldener Hardware ausgestattet.<\/p>\n<p data-block-key=\"cg6co\"><span style=\"color: #ff0000;\">Hier handelt es sich um eine<em><strong> B Ware<\/strong><\/em> mit wie auf dem Foto markiert minimalen Einschluss.<\/span><\/p>\n<p data-block-key=\"cg6co\"><strong><span style=\"color: #000000;\">Specs:<\/span><\/strong><\/p>\n<ul>\n<li><strong>Neck Type:<\/strong> Set Neck, 1\u2011piece Mahogany<\/li>\n<li><strong>Neck Width:<\/strong> 42.5 mm \/ 1.67&#8243; (nut), 52 mm \/ 2.05&#8243; (12th fret)<\/li>\n<li><strong>Neck Thickness:<\/strong> 21 mm \/ 0.8&#8243; (1st fret), 23.5 mm \/ 0.93&#8243; (12th fret)<\/li>\n<li><strong>Neck Shape:<\/strong> Medium D<\/li>\n<li><strong>Fingerboard:<\/strong> Indian Rosewood with cream binding, 305 mm \/ 12&#8243; radius<\/li>\n<li><strong>Inlays:<\/strong> Duesenberg Wings<\/li>\n<li><strong>Frets:<\/strong> 22 Jumbo (2.8 x 1.0 mm)<\/li>\n<li><strong>Scale Length:<\/strong> 625 mm \/ 24.6&#8243;<\/li>\n<li><strong>Trussrod:<\/strong> Steel dual\u2011action<\/li>\n<li><strong>Headstock:<\/strong> Black<\/li>\n<li><strong>Body Type:<\/strong> Solid Mahogany with carved Maple Top<\/li>\n<li><strong>Special Tops:<\/strong> Tobacco Burst with Flamed Maple; Light Antique Burst with hand\u2011selected AAA Flamed Top<\/li>\n<li><strong>Body Dimensions:<\/strong> 44 x 32 cm \/ 17.3&#8243; x 12.6&#8243;<\/li>\n<li><strong>Body Height (sides):<\/strong> 4.5 cm \/ 1.8&#8243;<\/li>\n<li><strong>Pickguard:<\/strong> Black Custom<\/li>\n<li><strong>Binding:<\/strong> Multi\u2011layer binding on back and top<\/li>\n<li><strong>Finish:<\/strong> Poly finish<\/li>\n<li><strong>Tuners:<\/strong> Duesenberg Z\u2011Tuners<\/li>\n<li><strong>Bridge:<\/strong> Duesenberg Steel Saddle Bridge<\/li>\n<li><strong>Tailpiece:<\/strong> Duesenberg Aluminum Wrapper Tailpiece<\/li>\n<li><strong>Strap Pins:<\/strong> Duesenberg Standard (Straplock compatible)<\/li>\n<li><strong>Hardware Finish:<\/strong> Nickel<\/li>\n<li><strong>Strings:<\/strong> Duesenberg Custom 10\/50 (010\u2011013\u2011017\u2011028\u2011042\u2011050)<\/li>\n<li><strong>Neck Pickup:<\/strong> Duesenberg Grand Vintage Alnico II<\/li>\n<li><strong>Bridge Pickup:<\/strong> Duesenberg Grand Vintage Alnico II<\/li>\n<li><strong>Wiring:<\/strong> 1 Master Volume, 1 Master Tone, 1 Neck Preset Volume, 3\u2011Way Pickup Selector<\/li>\n<li><strong>Case:<\/strong> Duesenberg Custom Line Case (included)<\/li>\n<li><strong>Tools:<\/strong> All required allen keys (included)<\/li>\n<li><span style=\"color: #ff0000;\">\u201eAlle Produktfotos sind echte Originalaufnahmen \u2013 klar, ehrlich und genau das, was bei dir ankommt.\u201c<\/span><span style=\"color: #ff0000;\">\u201cAll product photos are real originals \u2014 clean, honest, and exactly what arrives at your door.\u201d<\/span><\/li>\n<\/ul>\n<p data-block-key=\"cg6co\">\n","protected":false},"excerpt":{"rendered":"<p>Ein kraftvoller Mix aus Mahagoni, Ebenholz und High-Output Pickups. Die &#8220;Fantom Series A&#8221; ist der perfekte Begleiter f\u00fcr alle, die die B\u00fchne in eine &#8220;Wall of Sound&#8221; verwandeln wollen. F\u00fcr viele K\u00fcnstler der h\u00e4rteren Gangart war die Kombination aus Crunchbucker am Steg und Grand Vintage am Hals schon immer die Traumkombination. Dieses mal unterstreichen wir [&hellip;]<\/p>\n","protected":false},"featured_media":14028,"template":"","meta":{"_uag_custom_page_level_css":"","site-sidebar-layout":"default","site-content-layout":"","ast-site-content-layout":"default","site-content-style":"default","site-sidebar-style":"default","ast-global-header-display":"","ast-banner-title-visibility":"","ast-main-header-display":"","ast-hfb-above-header-display":"","ast-hfb-below-header-display":"","ast-hfb-mobile-header-display":"","site-post-title":"","ast-breadcrumbs-content":"","ast-featured-img":"","footer-sml-layout":"","ast-disable-related-posts":"","theme-transparent-header-meta":"default","adv-header-id-meta":"","stick-header-meta":"default","header-above-stick-meta":"","header-main-stick-meta":"","header-below-stick-meta":"","astra-migrate-meta-layouts":"set","ast-page-background-enabled":"default","ast-page-background-meta":{"desktop":{"background-color":"var(--ast-global-color-4)","background-image":"","background-repeat":"repeat","background-position":"center center","background-size":"auto","background-attachment":"scroll","background-type":"","background-media":"","overlay-type":"","overlay-color":"","overlay-opacity":"","overlay-gradient":""},"tablet":{"background-color":"","background-image":"","background-repeat":"repeat","background-position":"center center","background-size":"auto","background-attachment":"scroll","background-type":"","background-media":"","overlay-type":"","overlay-color":"","overlay-opacity":"","overlay-gradient":""},"mobile":{"background-color":"","background-image":"","background-repeat":"repeat","background-position":"center center","background-size":"auto","background-attachment":"scroll","background-type":"","background-media":"","overlay-type":"","overlay-color":"","overlay-opacity":"","overlay-gradient":""}},"ast-content-background-meta":{"desktop":{"background-color":"var(--ast-global-color-5)","background-image":"","background-repeat":"repeat","background-position":"center center","background-size":"auto","background-attachment":"scroll","background-type":"","background-media":"","overlay-type":"","overlay-color":"","overlay-opacity":"","overlay-gradient":""},"tablet":{"background-color":"var(--ast-global-color-5)","background-image":"","background-repeat":"repeat","background-position":"center center","background-size":"auto","background-attachment":"scroll","background-type":"","background-media":"","overlay-type":"","overlay-color":"","overlay-opacity":"","overlay-gradient":""},"mobile":{"background-color":"var(--ast-global-color-5)","background-image":"","background-repeat":"repeat","background-position":"center center","background-size":"auto","background-attachment":"scroll","background-type":"","background-media":"","overlay-type":"","overlay-color":"","overlay-opacity":"","overlay-gradient":""}}},"product_brand":[],"product_cat":[81,80],"product_tag":[],"class_list":{"0":"post-14027","1":"product","2":"type-product","3":"status-publish","4":"has-post-thumbnail","6":"product_cat-duesenberg","7":"product_cat-e-gitarre","8":"product_shipping_class-laenge-ueber-100cm","9":"desktop-align-center","10":"tablet-align-left","11":"mobile-align-left","12":"ast-product-gallery-layout-horizontal-slider","13":"ast-product-tabs-layout-accordion","15":"first","16":"instock","17":"sale","18":"taxable","19":"shipping-taxable","20":"purchasable","21":"product-type-simple"},"uagb_featured_image_src":{"full":["https:\/\/www.kufsteinermusikhaus.com\/store\/wp-content\/uploads\/2026\/01\/Duesenberg-Fantom-SB8shop2.jpg",561,1000,false],"thumbnail":["https:\/\/www.kufsteinermusikhaus.com\/store\/wp-content\/uploads\/2026\/01\/Duesenberg-Fantom-SB8shop2-84x150.jpg",84,150,true],"medium":["https:\/\/www.kufsteinermusikhaus.com\/store\/wp-content\/uploads\/2026\/01\/Duesenberg-Fantom-SB8shop2-168x300.jpg",168,300,true],"medium_large":["https:\/\/www.kufsteinermusikhaus.com\/store\/wp-content\/uploads\/2026\/01\/Duesenberg-Fantom-SB8shop2.jpg",561,1000,false],"large":["https:\/\/www.kufsteinermusikhaus.com\/store\/wp-content\/uploads\/2026\/01\/Duesenberg-Fantom-SB8shop2.jpg",561,1000,false],"1536x1536":["https:\/\/www.kufsteinermusikhaus.com\/store\/wp-content\/uploads\/2026\/01\/Duesenberg-Fantom-SB8shop2.jpg",561,1000,false],"2048x2048":["https:\/\/www.kufsteinermusikhaus.com\/store\/wp-content\/uploads\/2026\/01\/Duesenberg-Fantom-SB8shop2.jpg",561,1000,false],"woocommerce_thumbnail":["https:\/\/www.kufsteinermusikhaus.com\/store\/wp-content\/uploads\/2026\/01\/Duesenberg-Fantom-SB8shop2-250x446.jpg",250,446,true],"woocommerce_single":["https:\/\/www.kufsteinermusikhaus.com\/store\/wp-content\/uploads\/2026\/01\/Duesenberg-Fantom-SB8shop2.jpg",561,1000,false],"woocommerce_gallery_thumbnail":["https:\/\/www.kufsteinermusikhaus.com\/store\/wp-content\/uploads\/2026\/01\/Duesenberg-Fantom-SB8shop2-100x100.jpg",100,100,true]},"uagb_author_info":{"display_name":"wordpressadmin","author_link":"https:\/\/www.kufsteinermusikhaus.com\/store\/author\/"},"uagb_comment_info":0,"uagb_excerpt":"Ein kraftvoller Mix aus Mahagoni, Ebenholz und High-Output Pickups. Die &#8220;Fantom Series A&#8221; ist der perfekte Begleiter f\u00fcr alle, die die B\u00fchne in eine &#8220;Wall of Sound&#8221; verwandeln wollen. F\u00fcr viele K\u00fcnstler der h\u00e4rteren Gangart war die Kombination aus Crunchbucker am Steg und Grand Vintage am Hals schon immer die Traumkombination. Dieses mal unterstreichen wir&hellip;","_links":{"self":[{"href":"https:\/\/www.kufsteinermusikhaus.com\/store\/wp-json\/wp\/v2\/product\/14027","targetHints":{"allow":["GET"]}}],"collection":[{"href":"https:\/\/www.kufsteinermusikhaus.com\/store\/wp-json\/wp\/v2\/product"}],"about":[{"href":"https:\/\/www.kufsteinermusikhaus.com\/store\/wp-json\/wp\/v2\/types\/product"}],"wp:featuredmedia":[{"embeddable":true,"href":"https:\/\/www.kufsteinermusikhaus.com\/store\/wp-json\/wp\/v2\/media\/14028"}],"wp:attachment":[{"href":"https:\/\/www.kufsteinermusikhaus.com\/store\/wp-json\/wp\/v2\/media?parent=14027"}],"wp:term":[{"taxonomy":"product_brand","embeddable":true,"href":"https:\/\/www.kufsteinermusikhaus.com\/store\/wp-json\/wp\/v2\/product_brand?post=14027"},{"taxonomy":"product_cat","embeddable":true,"href":"https:\/\/www.kufsteinermusikhaus.com\/store\/wp-json\/wp\/v2\/product_cat?post=14027"},{"taxonomy":"product_tag","embeddable":true,"href":"https:\/\/www.kufsteinermusikhaus.com\/store\/wp-json\/wp\/v2\/product_tag?post=14027"}],"curies":[{"name":"wp","href":"https:\/\/api.w.org\/{rel}","templated":true}]}}