{"id":14112,"date":"2026-03-02T20:38:16","date_gmt":"2026-03-02T19:38:16","guid":{"rendered":"https:\/\/www.kufsteinermusikhaus.com\/store\/?post_type=product&#038;p=14112"},"modified":"2026-03-02T20:43:25","modified_gmt":"2026-03-02T19:43:25","slug":"luxar-g37-max-black","status":"publish","type":"product","link":"https:\/\/www.kufsteinermusikhaus.com\/store\/produkt\/luxar-g37-max-black\/","title":{"rendered":"Luxars G37 Max Black"},"content":{"rendered":"<h3>Warum Luxars?<\/h3>\n<p>Die Marke <strong>Luxars<\/strong> k\u00f6nnen wir derzeit in Europa exklusiv in <strong>\u00d6sterreich<\/strong> zu einem besonders attraktiven Preis anbieten. Entscheidend f\u00fcr unsere Auswahl war die <strong>\u00fcberraschend hochwertige Ausstattung<\/strong> und die <strong>pr\u00e4zise Verarbeitung<\/strong>, die man sonst nur bei Instrumenten findet, die preislich weit dar\u00fcber liegen. Dadurch eignen sich diese Gitarren nicht nur f\u00fcr Einsteiger, sondern auch f\u00fcr fortgeschrittene Spieler, die ein zuverl\u00e4ssiges, gut klingendes und professionell verarbeitetes Instrument suchen.<\/p>\n<p>Specs:<\/p>\n<ul>\n<li>Traditional Double Cut<\/li>\n<li>Roasted Mahagoni\u2011Korpus<\/li>\n<li>Roasted Ahorn\u2011Hals<\/li>\n<li>Mensur: 648\u202fmm<\/li>\n<li>Roasted Ahorn\u2011Griffbrett<\/li>\n<li>Elektronik: 1\u00d7 Volume \/ 1\u00d7 Tone<\/li>\n<li>Pickup\u2011Best\u00fcckung: H\u2011H, Alnico\u202fV<\/li>\n<li>3\u2011Way\u2011Switch<\/li>\n<li>Tremolo<\/li>\n<li>Farbe: Black<\/li>\n<\/ul>\n","protected":false},"excerpt":{"rendered":"<p>Warum Luxars? Die Marke Luxars k\u00f6nnen wir derzeit in Europa exklusiv in \u00d6sterreich zu einem besonders attraktiven Preis anbieten. Entscheidend f\u00fcr unsere Auswahl war die \u00fcberraschend hochwertige Ausstattung und die pr\u00e4zise Verarbeitung, die man sonst nur bei Instrumenten findet, die preislich weit dar\u00fcber liegen. Dadurch eignen sich diese Gitarren nicht nur f\u00fcr Einsteiger, sondern auch [&hellip;]<\/p>\n","protected":false},"featured_media":14102,"template":"","meta":{"_uag_custom_page_level_css":"","site-sidebar-layout":"default","site-content-layout":"","ast-site-content-layout":"default","site-content-style":"default","site-sidebar-style":"default","ast-global-header-display":"","ast-banner-title-visibility":"","ast-main-header-display":"","ast-hfb-above-header-display":"","ast-hfb-below-header-display":"","ast-hfb-mobile-header-display":"","site-post-title":"","ast-breadcrumbs-content":"","ast-featured-img":"","footer-sml-layout":"","ast-disable-related-posts":"","theme-transparent-header-meta":"default","adv-header-id-meta":"","stick-header-meta":"default","header-above-stick-meta":"","header-main-stick-meta":"","header-below-stick-meta":"","astra-migrate-meta-layouts":"set","ast-page-background-enabled":"default","ast-page-background-meta":{"desktop":{"background-color":"var(--ast-global-color-4)","background-image":"","background-repeat":"repeat","background-position":"center center","background-size":"auto","background-attachment":"scroll","background-type":"","background-media":"","overlay-type":"","overlay-color":"","overlay-opacity":"","overlay-gradient":""},"tablet":{"background-color":"","background-image":"","background-repeat":"repeat","background-position":"center center","background-size":"auto","background-attachment":"scroll","background-type":"","background-media":"","overlay-type":"","overlay-color":"","overlay-opacity":"","overlay-gradient":""},"mobile":{"background-color":"","background-image":"","background-repeat":"repeat","background-position":"center center","background-size":"auto","background-attachment":"scroll","background-type":"","background-media":"","overlay-type":"","overlay-color":"","overlay-opacity":"","overlay-gradient":""}},"ast-content-background-meta":{"desktop":{"background-color":"var(--ast-global-color-5)","background-image":"","background-repeat":"repeat","background-position":"center center","background-size":"auto","background-attachment":"scroll","background-type":"","background-media":"","overlay-type":"","overlay-color":"","overlay-opacity":"","overlay-gradient":""},"tablet":{"background-color":"var(--ast-global-color-5)","background-image":"","background-repeat":"repeat","background-position":"center center","background-size":"auto","background-attachment":"scroll","background-type":"","background-media":"","overlay-type":"","overlay-color":"","overlay-opacity":"","overlay-gradient":""},"mobile":{"background-color":"var(--ast-global-color-5)","background-image":"","background-repeat":"repeat","background-position":"center center","background-size":"auto","background-attachment":"scroll","background-type":"","background-media":"","overlay-type":"","overlay-color":"","overlay-opacity":"","overlay-gradient":""}}},"product_brand":[],"product_cat":[300],"product_tag":[],"class_list":{"0":"post-14112","1":"product","2":"type-product","3":"status-publish","4":"has-post-thumbnail","6":"product_cat-luxars","7":"product_shipping_class-laenge-ueber-100cm","8":"desktop-align-center","9":"tablet-align-left","10":"mobile-align-left","11":"ast-product-gallery-layout-horizontal-slider","12":"ast-product-tabs-layout-accordion","14":"first","15":"instock","16":"taxable","17":"shipping-taxable","18":"purchasable","19":"product-type-simple"},"uagb_featured_image_src":{"full":["https:\/\/www.kufsteinermusikhaus.com\/store\/wp-content\/uploads\/2026\/03\/Luxar-G37-Max-Black6shop.jpg",561,1000,false],"thumbnail":["https:\/\/www.kufsteinermusikhaus.com\/store\/wp-content\/uploads\/2026\/03\/Luxar-G37-Max-Black6shop-84x150.jpg",84,150,true],"medium":["https:\/\/www.kufsteinermusikhaus.com\/store\/wp-content\/uploads\/2026\/03\/Luxar-G37-Max-Black6shop-168x300.jpg",168,300,true],"medium_large":["https:\/\/www.kufsteinermusikhaus.com\/store\/wp-content\/uploads\/2026\/03\/Luxar-G37-Max-Black6shop.jpg",561,1000,false],"large":["https:\/\/www.kufsteinermusikhaus.com\/store\/wp-content\/uploads\/2026\/03\/Luxar-G37-Max-Black6shop.jpg",561,1000,false],"1536x1536":["https:\/\/www.kufsteinermusikhaus.com\/store\/wp-content\/uploads\/2026\/03\/Luxar-G37-Max-Black6shop.jpg",561,1000,false],"2048x2048":["https:\/\/www.kufsteinermusikhaus.com\/store\/wp-content\/uploads\/2026\/03\/Luxar-G37-Max-Black6shop.jpg",561,1000,false],"woocommerce_thumbnail":["https:\/\/www.kufsteinermusikhaus.com\/store\/wp-content\/uploads\/2026\/03\/Luxar-G37-Max-Black6shop-250x446.jpg",250,446,true],"woocommerce_single":["https:\/\/www.kufsteinermusikhaus.com\/store\/wp-content\/uploads\/2026\/03\/Luxar-G37-Max-Black6shop.jpg",561,1000,false],"woocommerce_gallery_thumbnail":["https:\/\/www.kufsteinermusikhaus.com\/store\/wp-content\/uploads\/2026\/03\/Luxar-G37-Max-Black6shop-100x100.jpg",100,100,true]},"uagb_author_info":{"display_name":"wordpressadmin","author_link":"https:\/\/www.kufsteinermusikhaus.com\/store\/author\/"},"uagb_comment_info":0,"uagb_excerpt":"Warum Luxars? Die Marke Luxars k\u00f6nnen wir derzeit in Europa exklusiv in \u00d6sterreich zu einem besonders attraktiven Preis anbieten. Entscheidend f\u00fcr unsere Auswahl war die \u00fcberraschend hochwertige Ausstattung und die pr\u00e4zise Verarbeitung, die man sonst nur bei Instrumenten findet, die preislich weit dar\u00fcber liegen. Dadurch eignen sich diese Gitarren nicht nur f\u00fcr Einsteiger, sondern auch&hellip;","_links":{"self":[{"href":"https:\/\/www.kufsteinermusikhaus.com\/store\/wp-json\/wp\/v2\/product\/14112","targetHints":{"allow":["GET"]}}],"collection":[{"href":"https:\/\/www.kufsteinermusikhaus.com\/store\/wp-json\/wp\/v2\/product"}],"about":[{"href":"https:\/\/www.kufsteinermusikhaus.com\/store\/wp-json\/wp\/v2\/types\/product"}],"wp:featuredmedia":[{"embeddable":true,"href":"https:\/\/www.kufsteinermusikhaus.com\/store\/wp-json\/wp\/v2\/media\/14102"}],"wp:attachment":[{"href":"https:\/\/www.kufsteinermusikhaus.com\/store\/wp-json\/wp\/v2\/media?parent=14112"}],"wp:term":[{"taxonomy":"product_brand","embeddable":true,"href":"https:\/\/www.kufsteinermusikhaus.com\/store\/wp-json\/wp\/v2\/product_brand?post=14112"},{"taxonomy":"product_cat","embeddable":true,"href":"https:\/\/www.kufsteinermusikhaus.com\/store\/wp-json\/wp\/v2\/product_cat?post=14112"},{"taxonomy":"product_tag","embeddable":true,"href":"https:\/\/www.kufsteinermusikhaus.com\/store\/wp-json\/wp\/v2\/product_tag?post=14112"}],"curies":[{"name":"wp","href":"https:\/\/api.w.org\/{rel}","templated":true}]}}