{"id":14124,"date":"2026-03-08T18:13:00","date_gmt":"2026-03-08T17:13:00","guid":{"rendered":"https:\/\/www.kufsteinermusikhaus.com\/store\/?post_type=product&#038;p=14124"},"modified":"2026-03-08T18:26:51","modified_gmt":"2026-03-08T17:26:51","slug":"neural-quad-cortex-mini","status":"publish","type":"product","link":"https:\/\/www.kufsteinermusikhaus.com\/store\/produkt\/neural-quad-cortex-mini\/","title":{"rendered":"Neural Quad Cortex Mini"},"content":{"rendered":"<p>Quad Cortex mini liefert das vollst\u00e4ndige Quad\u2011Cortex\u2011Erlebnis in unserem bislang kompaktesten und benutzerfreundlichsten Format \u2013 ohne Kompromisse.<\/p>\n<p>Es bietet dieselbe Rechenleistung, Audioqualit\u00e4t, Neural\u2011Capture\u2011Technologie und den 7\u2011Zoll\u2011Touchscreen in einem Formfaktor, der m\u00fchelos in Pedalboards, moderne Rigs oder auf deinen Schreibtisch passt.<\/p>\n<p>Entwickelt f\u00fcr au\u00dfergew\u00f6hnliche Leistung in dieser Gr\u00f6\u00dfe und Preisklasse macht das Quad Cortex mini es leicht, erstklassige Sounds einzustellen, eine enorme Bandbreite an Amps, Effekten und Captures zu erkunden und Setups ohne kreative Grenzen zu bauen \u2013 egal, wo du spielst.<\/p>\n<p>Ob du zum ersten Mal in die Quad\u2011Cortex\u2011Welt einsteigst oder dich bereits zuhause f\u00fchlst: Quad Cortex mini nutzt dieselbe Plattform und denselben Workflow und erm\u00f6glicht schnelle, intuitive und inspirierende Soundgestaltung vom ersten Ton an.<\/p>\n<p class=\"sc-c0263a13-1 FSCpA\"><em>Quad Cortex mini delivers the full Quad Cortex experience in our most compact, usable format yet, without cutting corners.<\/em><\/p>\n<p class=\"sc-c0263a13-1 FSCpA\"><em>It brings the same processing power, audio quality, Neural Capture technology, and 7\u201d touchscreen in a footprint that fits effortlessly into pedalboards, modern rigs, or on your desktop.<\/em><\/p>\n<p class=\"sc-c0263a13-1 FSCpA\"><em>Built for exceptional performance at its size and price, Quad Cortex mini makes it easy to dial in world-class sounds, explore a vast range of amps, effects, and Captures, and build rigs without creative limits wherever you play.\u00a0<\/em><\/p>\n<p class=\"sc-c0263a13-1 FSCpA\"><em>Whether you\u2019re stepping into the Quad Cortex platform for the first time or already feel at home, Quad Cortex mini shares the same platform and workflow, making great sounds fast, intuitive, and deeply rewarding from the first note.<\/em><\/p>\n<div class=\"sc-7657cffb-0 iOgAoH\"><\/div>\n<p>Specs:<\/p>\n<ul>\n<li>Pedal\u2011Typ: Multi\u2011FX, Amp Modeling, Digital Amp Capture<\/li>\n<li>Touchscreen: 7&#8243;, Multitouch<\/li>\n<li>Betriebssystem: CorOS<\/li>\n<li>Capture\u2011Technologie: Neural Capture<\/li>\n<li>Ger\u00e4teverwaltung: Quad Control<\/li>\n<li>Plugin\u2011Kompatibilit\u00e4t: Ja (ab CorOS 3.0.0)<\/li>\n<li>WLAN: Ja<\/li>\n<\/ul>\n<p>Eing\u00e4nge:<\/p>\n<ul>\n<li><span style=\"font-size: 20px;\">1\u00d7 1\/4&#8243; TS<\/span><\/li>\n<li>1\u00d7 XLR\u20111\/4&#8243; Combo (Instrument\/Mic)<\/li>\n<li>Neural\u2011Capture\u2011Input<\/li>\n<li>1\u00d7 1\/4&#8243; TRS (FX Return Insert)<\/li>\n<li>Ausg\u00e4nge:<\/li>\n<li>2\u00d7 XLR\u20111\/4&#8243; Balanced Combo (Instrument\/Mic)<\/li>\n<li>2\u00d7 1\/4&#8243; TS<\/li>\n<li>1\u00d7 1\/4&#8243; TRS (FX Send Insert)<\/li>\n<li>MIDI I\/O: In, Out\/Thru \u00fcber 3.5 mm TRS\u2011F, USB\u2011C<\/li>\n<li>USB: 1\u00d7 USB\u2011C<\/li>\n<li>Kopfh\u00f6rer: 1\u00d7 1\/8&#8243;<\/li>\n<li>Weitere I\/O:<\/li>\n<li>1\u00d7 1\/4&#8243; TRS\u2011F (Expression 1)<\/li>\n<li>1\u00d7 1\/4&#8243; TRS (Capture Out)<\/li>\n<li>Farbe: Grau<\/li>\n<li>Software: Neural Cortex Cloud App, Cortex Control (Desktop\u2011Editor, kostenlos)<\/li>\n<li>Mac\u2011Anforderungen: macOS 11 oder neuer, iOS 11 oder neuer<\/li>\n<li>PC\u2011Anforderungen: Windows 10 oder neuer, Android 5 oder neuer<\/li>\n<li>Stromversorgung: 12 V DC Netzteil (inklusive)<\/li>\n<li>Breite: 228 mm<\/li>\n<li>Tiefe: 118 mm<\/li>\n<li>H\u00f6he: 65 mm<\/li>\n<li>Gewicht: 1,5 kg<\/li>\n<\/ul>\n","protected":false},"excerpt":{"rendered":"<p><strong>No compromises. Just smaller.<\/strong><\/p>\n","protected":false},"featured_media":14119,"template":"","meta":{"_uag_custom_page_level_css":"","site-sidebar-layout":"default","site-content-layout":"","ast-site-content-layout":"default","site-content-style":"default","site-sidebar-style":"default","ast-global-header-display":"","ast-banner-title-visibility":"","ast-main-header-display":"","ast-hfb-above-header-display":"","ast-hfb-below-header-display":"","ast-hfb-mobile-header-display":"","site-post-title":"","ast-breadcrumbs-content":"","ast-featured-img":"","footer-sml-layout":"","ast-disable-related-posts":"","theme-transparent-header-meta":"default","adv-header-id-meta":"","stick-header-meta":"default","header-above-stick-meta":"","header-main-stick-meta":"","header-below-stick-meta":"","astra-migrate-meta-layouts":"set","ast-page-background-enabled":"default","ast-page-background-meta":{"desktop":{"background-color":"var(--ast-global-color-4)","background-image":"","background-repeat":"repeat","background-position":"center center","background-size":"auto","background-attachment":"scroll","background-type":"","background-media":"","overlay-type":"","overlay-color":"","overlay-opacity":"","overlay-gradient":""},"tablet":{"background-color":"","background-image":"","background-repeat":"repeat","background-position":"center center","background-size":"auto","background-attachment":"scroll","background-type":"","background-media":"","overlay-type":"","overlay-color":"","overlay-opacity":"","overlay-gradient":""},"mobile":{"background-color":"","background-image":"","background-repeat":"repeat","background-position":"center center","background-size":"auto","background-attachment":"scroll","background-type":"","background-media":"","overlay-type":"","overlay-color":"","overlay-opacity":"","overlay-gradient":""}},"ast-content-background-meta":{"desktop":{"background-color":"var(--ast-global-color-5)","background-image":"","background-repeat":"repeat","background-position":"center center","background-size":"auto","background-attachment":"scroll","background-type":"","background-media":"","overlay-type":"","overlay-color":"","overlay-opacity":"","overlay-gradient":""},"tablet":{"background-color":"var(--ast-global-color-5)","background-image":"","background-repeat":"repeat","background-position":"center center","background-size":"auto","background-attachment":"scroll","background-type":"","background-media":"","overlay-type":"","overlay-color":"","overlay-opacity":"","overlay-gradient":""},"mobile":{"background-color":"var(--ast-global-color-5)","background-image":"","background-repeat":"repeat","background-position":"center center","background-size":"auto","background-attachment":"scroll","background-type":"","background-media":"","overlay-type":"","overlay-color":"","overlay-opacity":"","overlay-gradient":""}}},"product_brand":[],"product_cat":[257,273,284],"product_tag":[],"class_list":{"0":"post-14124","1":"product","2":"type-product","3":"status-publish","4":"has-post-thumbnail","6":"product_cat-effektpedale","7":"product_cat-multieffekte-modeller","8":"product_cat-neural","9":"product_shipping_class-laenge-bis-50cm","10":"desktop-align-center","11":"tablet-align-left","12":"mobile-align-left","13":"ast-product-gallery-layout-horizontal-slider","14":"ast-product-tabs-layout-accordion","16":"first","17":"onbackorder","18":"taxable","19":"shipping-taxable","20":"purchasable","21":"product-type-simple"},"uagb_featured_image_src":{"full":["https:\/\/www.kufsteinermusikhaus.com\/store\/wp-content\/uploads\/2026\/03\/QC-Minishop.jpg",1000,1000,false],"thumbnail":["https:\/\/www.kufsteinermusikhaus.com\/store\/wp-content\/uploads\/2026\/03\/QC-Minishop-150x150.jpg",150,150,true],"medium":["https:\/\/www.kufsteinermusikhaus.com\/store\/wp-content\/uploads\/2026\/03\/QC-Minishop-300x300.jpg",300,300,true],"medium_large":["https:\/\/www.kufsteinermusikhaus.com\/store\/wp-content\/uploads\/2026\/03\/QC-Minishop.jpg",1000,1000,false],"large":["https:\/\/www.kufsteinermusikhaus.com\/store\/wp-content\/uploads\/2026\/03\/QC-Minishop.jpg",1000,1000,false],"1536x1536":["https:\/\/www.kufsteinermusikhaus.com\/store\/wp-content\/uploads\/2026\/03\/QC-Minishop.jpg",1000,1000,false],"2048x2048":["https:\/\/www.kufsteinermusikhaus.com\/store\/wp-content\/uploads\/2026\/03\/QC-Minishop.jpg",1000,1000,false],"woocommerce_thumbnail":["https:\/\/www.kufsteinermusikhaus.com\/store\/wp-content\/uploads\/2026\/03\/QC-Minishop-250x250.jpg",250,250,true],"woocommerce_single":["https:\/\/www.kufsteinermusikhaus.com\/store\/wp-content\/uploads\/2026\/03\/QC-Minishop.jpg",1000,1000,false],"woocommerce_gallery_thumbnail":["https:\/\/www.kufsteinermusikhaus.com\/store\/wp-content\/uploads\/2026\/03\/QC-Minishop-100x100.jpg",100,100,true]},"uagb_author_info":{"display_name":"wordpressadmin","author_link":"https:\/\/www.kufsteinermusikhaus.com\/store\/author\/"},"uagb_comment_info":0,"uagb_excerpt":"No compromises. Just smaller.","_links":{"self":[{"href":"https:\/\/www.kufsteinermusikhaus.com\/store\/wp-json\/wp\/v2\/product\/14124","targetHints":{"allow":["GET"]}}],"collection":[{"href":"https:\/\/www.kufsteinermusikhaus.com\/store\/wp-json\/wp\/v2\/product"}],"about":[{"href":"https:\/\/www.kufsteinermusikhaus.com\/store\/wp-json\/wp\/v2\/types\/product"}],"wp:featuredmedia":[{"embeddable":true,"href":"https:\/\/www.kufsteinermusikhaus.com\/store\/wp-json\/wp\/v2\/media\/14119"}],"wp:attachment":[{"href":"https:\/\/www.kufsteinermusikhaus.com\/store\/wp-json\/wp\/v2\/media?parent=14124"}],"wp:term":[{"taxonomy":"product_brand","embeddable":true,"href":"https:\/\/www.kufsteinermusikhaus.com\/store\/wp-json\/wp\/v2\/product_brand?post=14124"},{"taxonomy":"product_cat","embeddable":true,"href":"https:\/\/www.kufsteinermusikhaus.com\/store\/wp-json\/wp\/v2\/product_cat?post=14124"},{"taxonomy":"product_tag","embeddable":true,"href":"https:\/\/www.kufsteinermusikhaus.com\/store\/wp-json\/wp\/v2\/product_tag?post=14124"}],"curies":[{"name":"wp","href":"https:\/\/api.w.org\/{rel}","templated":true}]}}