{"id":4627,"date":"2015-08-15T08:56:38","date_gmt":"2015-08-15T08:56:38","guid":{"rendered":"http:\/\/www.kufsteinermusikhaus.com\/store\/?post_type=product&#038;p=4627"},"modified":"2021-11-29T12:17:48","modified_gmt":"2021-11-29T11:17:48","slug":"korg-lp-380-rosewood","status":"publish","type":"product","link":"https:\/\/www.kufsteinermusikhaus.com\/store\/produkt\/korg-lp-380-rosewood\/","title":{"rendered":"KORG LP 380 (Rosewood)"},"content":{"rendered":"<div class=\"headline\">KORG LP_380 (Rosewood)<\/div>\n<p class=\"contentText\"><span style=\"font-size: medium;\">Das LP-380 liefert superbe Pianokl\u00e4nge in einem eleganten, schlanken Geh\u00e4use, das sich auch bei geschlossenem Deckel stilvoll in jedes Ambiente integriert. Das leistungsf\u00e4hige Lautsprechersystem plus KORGs Premium-RH3-Tastatur mit gewichteter Hammermechanik garantieren eine realistische Soundreproduktion und expressive Performance. <\/span><\/p>\n<ul>\n<li><span style=\"font-size: medium;\">Qualit\u00e4tsprodukt, von erfahrenen Instrumentenbauern in Kyoto \/ Japan produziert. <\/span><\/li>\n<li><span style=\"font-size: medium;\"><span style=\"font-size: medium;\">Detailreiche, dynamische Akustikpianokl\u00e4nge f\u00fcr hohen Spielgenuss (mit Saitenresonanz) <\/span><\/span><\/li>\n<li><span style=\"font-size: medium;\"><span style=\"font-size: medium;\"><span style=\"font-size: medium;\">Authentische vintage E-Pianosounds <\/span><\/span><\/span><\/li>\n<li><span style=\"font-size: medium;\"><span style=\"font-size: medium;\"><span style=\"font-size: medium;\"><span style=\"font-size: medium;\">30 ausgesuchte Kl\u00e4nge aus vielen Bereichen <\/span><\/span><\/span><\/span><\/li>\n<li><span style=\"font-size: medium;\"><span style=\"font-size: medium;\"><span style=\"font-size: medium;\"><span style=\"font-size: medium;\">Leistungsstarke Verst\u00e4rkersektion\u00a0 mit 2 x 22 Watt <\/span><\/span><\/span><\/span><\/li>\n<li><span style=\"font-size: medium;\"><span style=\"font-size: medium;\"><span style=\"font-size: medium;\"><span style=\"font-size: medium;\">Stilvolles, elegantes und schlankes Design <\/span><\/span><\/span><\/span><\/li>\n<li><span style=\"font-size: medium;\"><span style=\"font-size: medium;\"><span style=\"font-size: medium;\"><span style=\"font-size: medium;\">Tastaturabdeckung mit Klemmschutz <\/span><\/span><\/span><\/span><\/li>\n<li><span style=\"font-size: medium;\"><span style=\"font-size: medium;\"><span style=\"font-size: medium;\"><span style=\"font-size: medium;\">88iger Tastatur mit nat\u00fcrlich gewichteter Hammermechanik (RH3) <\/span><\/span><\/span><\/span><\/li>\n<li><span style=\"font-size: medium;\"><span style=\"font-size: medium;\"><span style=\"font-size: medium;\"><span style=\"font-size: medium;\">Layer- und Partnermodus <\/span><\/span><\/span><\/span><\/li>\n<li><span style=\"font-size: medium;\"><span style=\"font-size: medium;\"><span style=\"font-size: medium;\"><span style=\"font-size: medium;\">3 Pedale (mit Half Damper Unterst\u00fctzung)<\/span><\/span><\/span><\/span><\/li>\n<\/ul>\n<p>&nbsp;<\/p>\n","protected":false},"excerpt":{"rendered":"<p>Das LP-380 liefert superbe Pianokl\u00e4nge in einem eleganten, schlanken Geh\u00e4use.<\/p>\n","protected":false},"featured_media":4628,"template":"","meta":{"_uag_custom_page_level_css":"","site-sidebar-layout":"default","site-content-layout":"","ast-site-content-layout":"default","site-content-style":"default","site-sidebar-style":"default","ast-global-header-display":"","ast-banner-title-visibility":"","ast-main-header-display":"","ast-hfb-above-header-display":"","ast-hfb-below-header-display":"","ast-hfb-mobile-header-display":"","site-post-title":"","ast-breadcrumbs-content":"","ast-featured-img":"","footer-sml-layout":"","ast-disable-related-posts":"","theme-transparent-header-meta":"","adv-header-id-meta":"","stick-header-meta":"","header-above-stick-meta":"","header-main-stick-meta":"","header-below-stick-meta":"","astra-migrate-meta-layouts":"default","ast-page-background-enabled":"default","ast-page-background-meta":{"desktop":{"background-color":"var(--ast-global-color-4)","background-image":"","background-repeat":"repeat","background-position":"center center","background-size":"auto","background-attachment":"scroll","background-type":"","background-media":"","overlay-type":"","overlay-color":"","overlay-opacity":"","overlay-gradient":""},"tablet":{"background-color":"","background-image":"","background-repeat":"repeat","background-position":"center center","background-size":"auto","background-attachment":"scroll","background-type":"","background-media":"","overlay-type":"","overlay-color":"","overlay-opacity":"","overlay-gradient":""},"mobile":{"background-color":"","background-image":"","background-repeat":"repeat","background-position":"center center","background-size":"auto","background-attachment":"scroll","background-type":"","background-media":"","overlay-type":"","overlay-color":"","overlay-opacity":"","overlay-gradient":""}},"ast-content-background-meta":{"desktop":{"background-color":"var(--ast-global-color-5)","background-image":"","background-repeat":"repeat","background-position":"center center","background-size":"auto","background-attachment":"scroll","background-type":"","background-media":"","overlay-type":"","overlay-color":"","overlay-opacity":"","overlay-gradient":""},"tablet":{"background-color":"var(--ast-global-color-5)","background-image":"","background-repeat":"repeat","background-position":"center center","background-size":"auto","background-attachment":"scroll","background-type":"","background-media":"","overlay-type":"","overlay-color":"","overlay-opacity":"","overlay-gradient":""},"mobile":{"background-color":"var(--ast-global-color-5)","background-image":"","background-repeat":"repeat","background-position":"center center","background-size":"auto","background-attachment":"scroll","background-type":"","background-media":"","overlay-type":"","overlay-color":"","overlay-opacity":"","overlay-gradient":""}}},"product_brand":[],"product_cat":[70],"product_tag":[],"class_list":{"0":"post-4627","1":"product","2":"type-product","3":"status-publish","4":"has-post-thumbnail","6":"product_cat-digital-pianos","7":"desktop-align-center","8":"tablet-align-left","9":"mobile-align-left","10":"ast-product-gallery-layout-horizontal-slider","11":"ast-product-gallery-with-no-image","12":"ast-product-tabs-layout-accordion","14":"first","15":"outofstock","16":"taxable","17":"shipping-taxable","18":"purchasable","19":"product-type-simple"},"uagb_featured_image_src":{"full":["https:\/\/www.kufsteinermusikhaus.com\/store\/wp-content\/uploads\/2015\/08\/Korg-LP380RE.jpg",458,400,false],"thumbnail":["https:\/\/www.kufsteinermusikhaus.com\/store\/wp-content\/uploads\/2015\/08\/Korg-LP380RE-150x150.jpg",150,150,true],"medium":["https:\/\/www.kufsteinermusikhaus.com\/store\/wp-content\/uploads\/2015\/08\/Korg-LP380RE-300x262.jpg",300,262,true],"medium_large":["https:\/\/www.kufsteinermusikhaus.com\/store\/wp-content\/uploads\/2015\/08\/Korg-LP380RE.jpg",458,400,false],"large":["https:\/\/www.kufsteinermusikhaus.com\/store\/wp-content\/uploads\/2015\/08\/Korg-LP380RE.jpg",458,400,false],"1536x1536":["https:\/\/www.kufsteinermusikhaus.com\/store\/wp-content\/uploads\/2015\/08\/Korg-LP380RE.jpg",458,400,false],"2048x2048":["https:\/\/www.kufsteinermusikhaus.com\/store\/wp-content\/uploads\/2015\/08\/Korg-LP380RE.jpg",458,400,false],"woocommerce_thumbnail":["https:\/\/www.kufsteinermusikhaus.com\/store\/wp-content\/uploads\/2015\/08\/Korg-LP380RE-250x218.jpg",250,218,true],"woocommerce_single":["https:\/\/www.kufsteinermusikhaus.com\/store\/wp-content\/uploads\/2015\/08\/Korg-LP380RE.jpg",458,400,false],"woocommerce_gallery_thumbnail":["https:\/\/www.kufsteinermusikhaus.com\/store\/wp-content\/uploads\/2015\/08\/Korg-LP380RE-100x100.jpg",100,100,true]},"uagb_author_info":{"display_name":"wordpressadmin","author_link":"https:\/\/www.kufsteinermusikhaus.com\/store\/author\/"},"uagb_comment_info":0,"uagb_excerpt":"Das LP-380 liefert superbe Pianokl\u00e4nge in einem eleganten, schlanken Geh\u00e4use.","_links":{"self":[{"href":"https:\/\/www.kufsteinermusikhaus.com\/store\/wp-json\/wp\/v2\/product\/4627","targetHints":{"allow":["GET"]}}],"collection":[{"href":"https:\/\/www.kufsteinermusikhaus.com\/store\/wp-json\/wp\/v2\/product"}],"about":[{"href":"https:\/\/www.kufsteinermusikhaus.com\/store\/wp-json\/wp\/v2\/types\/product"}],"wp:featuredmedia":[{"embeddable":true,"href":"https:\/\/www.kufsteinermusikhaus.com\/store\/wp-json\/wp\/v2\/media\/4628"}],"wp:attachment":[{"href":"https:\/\/www.kufsteinermusikhaus.com\/store\/wp-json\/wp\/v2\/media?parent=4627"}],"wp:term":[{"taxonomy":"product_brand","embeddable":true,"href":"https:\/\/www.kufsteinermusikhaus.com\/store\/wp-json\/wp\/v2\/product_brand?post=4627"},{"taxonomy":"product_cat","embeddable":true,"href":"https:\/\/www.kufsteinermusikhaus.com\/store\/wp-json\/wp\/v2\/product_cat?post=4627"},{"taxonomy":"product_tag","embeddable":true,"href":"https:\/\/www.kufsteinermusikhaus.com\/store\/wp-json\/wp\/v2\/product_tag?post=4627"}],"curies":[{"name":"wp","href":"https:\/\/api.w.org\/{rel}","templated":true}]}}