{"id":5923,"date":"2016-05-24T09:26:34","date_gmt":"2016-05-24T09:26:34","guid":{"rendered":"http:\/\/www.kufsteinermusikhaus.com\/store\/produkt\/duesenberg-starplayer-tv-black\/"},"modified":"2021-05-11T13:47:39","modified_gmt":"2021-05-11T12:47:39","slug":"duesenberg-starplayer-tv-black","status":"publish","type":"product","link":"https:\/\/www.kufsteinermusikhaus.com\/store\/produkt\/duesenberg-starplayer-tv-black\/","title":{"rendered":"Duesenberg Starplayer TV Black"},"content":{"rendered":"<h3 style=\"text-align: left;\"><strong>Duesenberg Starplayer TV Black inkl. Custom Line Case<\/strong><\/h3>\n<p>The Starplayer TV is a semi hollow, dual pickup, 22 fret electric guitar, featuring arched top and back, bent sides and a 647mm scale.<\/p>\n<p>The distinctive arched spruce top and elegant flamed maple arched back has elevated the TV to one of the finest guitars in the world. Even being such a versatile instrument, it always retains its discreet character and enriches every type or style of music with its distinct Duesenberg sound. It will remind you of the time when Rock &amp; Roll was still young.<\/p>\n<p>For the cutting leads and heavy riffs, we took our own classically wound Grand Vintage Humbucker and paired it with our open Domino P90 Singlecoil for airy chords and creamy licks. The middle position of both pickups features a special wiring, which splits certain low end frequencies out of the humbucker signal, resulting in an open and extremely versatile addition to your pallet of sounds.<br \/>\nIf you decide for the Starplayer TV+ variation, you get an additional Piezo Pickup which can be blended with the original signal from your magnetic pickups to achieve an even wider range of tone.<br \/>\nThe Rebound charity edition sets you up with rhythm focused Duesenberg Little Toaster Pickups.<\/p>\n<p>All our instruments are fitted with our own hardware, which you will only find on a Duesenberg. We design it with attention to even the smallest details to create truly unique instruments from tuner buttons to jack plates.<\/p>\n<p>All our fretboards are carefully pleked and finished by hand for optimum playability and the smooth feel they are famous for.<br \/>\nAdditionally, our Diamond Deluxe Tremola proved to be one of the best of its kind, providing buttery operation and outstanding tuning stability.<\/p>\n<p>The Starplayer TV is available in a variety of different, durable PUR or acrylic finishes from standard colours like high-gloss Black or Vintage White, to more extreme approaches like our crocodile tolex Outlaw model or the Mother-of-Pearl mosaic series.<\/p>\n<p>Our Starplayer TV semi-hollow guitars are played by many of the top players around the world, and have become one of the staples within the music industry.<\/p>\n<p>We would be happy to make yours.<\/p>\n","protected":false},"excerpt":{"rendered":"<p>Ich bin die Starplayer TV<br \/>\nIch bin klassisch und trotzdem auf dem neusten Stand.<br \/>\nIch wurde entworfen, um Ohren, Augen und Herzen zu begeistern.<br \/>\nIch will die dreckigen Clubs<br \/>\nund die schillernden B\u00fchnen dieser Welt sehen.<br \/>\nZuverl\u00e4ssig, h\u00f6flich, auf alles vorbereitet<br \/>\nund f\u00fcr ein ganzes Leben gebaut.<\/p>\n","protected":false},"featured_media":5938,"template":"","meta":{"_uag_custom_page_level_css":"","site-sidebar-layout":"default","site-content-layout":"","ast-site-content-layout":"default","site-content-style":"default","site-sidebar-style":"default","ast-global-header-display":"","ast-banner-title-visibility":"","ast-main-header-display":"","ast-hfb-above-header-display":"","ast-hfb-below-header-display":"","ast-hfb-mobile-header-display":"","site-post-title":"","ast-breadcrumbs-content":"","ast-featured-img":"","footer-sml-layout":"","ast-disable-related-posts":"","theme-transparent-header-meta":"","adv-header-id-meta":"","stick-header-meta":"","header-above-stick-meta":"","header-main-stick-meta":"","header-below-stick-meta":"","astra-migrate-meta-layouts":"default","ast-page-background-enabled":"default","ast-page-background-meta":{"desktop":{"background-color":"var(--ast-global-color-4)","background-image":"","background-repeat":"repeat","background-position":"center center","background-size":"auto","background-attachment":"scroll","background-type":"","background-media":"","overlay-type":"","overlay-color":"","overlay-opacity":"","overlay-gradient":""},"tablet":{"background-color":"","background-image":"","background-repeat":"repeat","background-position":"center center","background-size":"auto","background-attachment":"scroll","background-type":"","background-media":"","overlay-type":"","overlay-color":"","overlay-opacity":"","overlay-gradient":""},"mobile":{"background-color":"","background-image":"","background-repeat":"repeat","background-position":"center center","background-size":"auto","background-attachment":"scroll","background-type":"","background-media":"","overlay-type":"","overlay-color":"","overlay-opacity":"","overlay-gradient":""}},"ast-content-background-meta":{"desktop":{"background-color":"var(--ast-global-color-5)","background-image":"","background-repeat":"repeat","background-position":"center center","background-size":"auto","background-attachment":"scroll","background-type":"","background-media":"","overlay-type":"","overlay-color":"","overlay-opacity":"","overlay-gradient":""},"tablet":{"background-color":"var(--ast-global-color-5)","background-image":"","background-repeat":"repeat","background-position":"center center","background-size":"auto","background-attachment":"scroll","background-type":"","background-media":"","overlay-type":"","overlay-color":"","overlay-opacity":"","overlay-gradient":""},"mobile":{"background-color":"var(--ast-global-color-5)","background-image":"","background-repeat":"repeat","background-position":"center center","background-size":"auto","background-attachment":"scroll","background-type":"","background-media":"","overlay-type":"","overlay-color":"","overlay-opacity":"","overlay-gradient":""}}},"product_brand":[],"product_cat":[81,80],"product_tag":[],"class_list":{"0":"post-5923","1":"product","2":"type-product","3":"status-publish","4":"has-post-thumbnail","6":"product_cat-duesenberg","7":"product_cat-e-gitarre","8":"product_shipping_class-laenge-ueber-100cm","9":"desktop-align-center","10":"tablet-align-left","11":"mobile-align-left","12":"ast-product-gallery-layout-horizontal-slider","13":"ast-product-tabs-layout-accordion","15":"first","16":"outofstock","17":"taxable","18":"shipping-taxable","19":"purchasable","20":"product-type-simple"},"uagb_featured_image_src":{"full":["https:\/\/www.kufsteinermusikhaus.com\/store\/wp-content\/uploads\/2016\/05\/Duesenb.jpg",680,1024,false],"thumbnail":["https:\/\/www.kufsteinermusikhaus.com\/store\/wp-content\/uploads\/2016\/05\/Duesenb-150x150.jpg",150,150,true],"medium":["https:\/\/www.kufsteinermusikhaus.com\/store\/wp-content\/uploads\/2016\/05\/Duesenb-199x300.jpg",199,300,true],"medium_large":["https:\/\/www.kufsteinermusikhaus.com\/store\/wp-content\/uploads\/2016\/05\/Duesenb.jpg",680,1024,false],"large":["https:\/\/www.kufsteinermusikhaus.com\/store\/wp-content\/uploads\/2016\/05\/Duesenb-680x1024.jpg",680,1024,true],"1536x1536":["https:\/\/www.kufsteinermusikhaus.com\/store\/wp-content\/uploads\/2016\/05\/Duesenb.jpg",680,1024,false],"2048x2048":["https:\/\/www.kufsteinermusikhaus.com\/store\/wp-content\/uploads\/2016\/05\/Duesenb.jpg",680,1024,false],"woocommerce_thumbnail":["https:\/\/www.kufsteinermusikhaus.com\/store\/wp-content\/uploads\/2016\/05\/Duesenb-250x376.jpg",250,376,true],"woocommerce_single":["https:\/\/www.kufsteinermusikhaus.com\/store\/wp-content\/uploads\/2016\/05\/Duesenb.jpg",680,1024,false],"woocommerce_gallery_thumbnail":["https:\/\/www.kufsteinermusikhaus.com\/store\/wp-content\/uploads\/2016\/05\/Duesenb-100x100.jpg",100,100,true]},"uagb_author_info":{"display_name":"wordpressadmin","author_link":"https:\/\/www.kufsteinermusikhaus.com\/store\/author\/"},"uagb_comment_info":0,"uagb_excerpt":"Ich bin die Starplayer TV Ich bin klassisch und trotzdem auf dem neusten Stand. Ich wurde entworfen, um Ohren, Augen und Herzen zu begeistern. Ich will die dreckigen Clubs und die schillernden B\u00fchnen dieser Welt sehen. Zuverl\u00e4ssig, h\u00f6flich, auf alles vorbereitet und f\u00fcr ein ganzes Leben gebaut.","_links":{"self":[{"href":"https:\/\/www.kufsteinermusikhaus.com\/store\/wp-json\/wp\/v2\/product\/5923","targetHints":{"allow":["GET"]}}],"collection":[{"href":"https:\/\/www.kufsteinermusikhaus.com\/store\/wp-json\/wp\/v2\/product"}],"about":[{"href":"https:\/\/www.kufsteinermusikhaus.com\/store\/wp-json\/wp\/v2\/types\/product"}],"wp:featuredmedia":[{"embeddable":true,"href":"https:\/\/www.kufsteinermusikhaus.com\/store\/wp-json\/wp\/v2\/media\/5938"}],"wp:attachment":[{"href":"https:\/\/www.kufsteinermusikhaus.com\/store\/wp-json\/wp\/v2\/media?parent=5923"}],"wp:term":[{"taxonomy":"product_brand","embeddable":true,"href":"https:\/\/www.kufsteinermusikhaus.com\/store\/wp-json\/wp\/v2\/product_brand?post=5923"},{"taxonomy":"product_cat","embeddable":true,"href":"https:\/\/www.kufsteinermusikhaus.com\/store\/wp-json\/wp\/v2\/product_cat?post=5923"},{"taxonomy":"product_tag","embeddable":true,"href":"https:\/\/www.kufsteinermusikhaus.com\/store\/wp-json\/wp\/v2\/product_tag?post=5923"}],"curies":[{"name":"wp","href":"https:\/\/api.w.org\/{rel}","templated":true}]}}