{"id":7416,"date":"2019-04-17T12:33:12","date_gmt":"2019-04-17T12:33:12","guid":{"rendered":"https:\/\/www.kufsteinermusikhaus.com\/store\/?post_type=product&#038;p=7416"},"modified":"2023-08-13T11:25:23","modified_gmt":"2023-08-13T10:25:23","slug":"duesenberg-starplayer-tv-trans-orange","status":"publish","type":"product","link":"https:\/\/www.kufsteinermusikhaus.com\/store\/produkt\/duesenberg-starplayer-tv-trans-orange\/","title":{"rendered":"Duesenberg Starplayer TV Trans Orange"},"content":{"rendered":"<h3><strong>Duesenberg Starplayer TV Trans Orange mit schwarzem PG<\/strong><\/h3>\n<p>The Starplayer TV is a semi hollow, dual pickup, 22 fret electric guitar, featuring arched top and back, bent sides and a 647mm scale.<\/p>\n<p>The distinctive arched spruce top and elegant flamed maple arched back has elevated the TV to one of the finest guitars in the world. Even being such a versatile instrument, it always retains its discreet character and enriches every type or style of music with its distinct Duesenberg sound. It will remind you of the time when Rock &amp; Roll was still young.<\/p>\n<p>For the cutting leads and heavy riffs, we took our own classically wound Grand Vintage Humbucker and paired it with our open Domino P90 Singlecoil for airy chords and creamy licks. The middle position of both pickups features a special wiring, which splits certain low end frequencies out of the humbucker signal, resulting in an open and extremely versatile addition to your pallet of sounds.<br \/>\nIf you decide for the Starplayer TV+ variation, you get an additional Piezo Pickup which can be blended with the original signal from your magnetic pickups to achieve an even wider range of tone.<br \/>\nThe Rebound charity edition sets you up with rhythm focused Duesenberg Little Toaster Pickups.<\/p>\n<p>All our instruments are fitted with our own hardware, which you will only find on a Duesenberg. We design it with attention to even the smallest details to create truly unique instruments from tuner buttons to jack plates.<\/p>\n<p>All our fretboards are carefully pleked and finished by hand for optimum playability and the smooth feel they are famous for.<br \/>\nAdditionally, our Diamond Deluxe Tremola proved to be one of the best of its kind, providing buttery operation and outstanding tuning stability.<\/p>\n<p>The Starplayer TV is available in a variety of different, durable PUR or acrylic finishes from standard colours like high-gloss Black or Vintage White, to more extreme approaches like our crocodile tolex Outlaw model or the Mother-of-Pearl mosaic series.<\/p>\n<p>Our Starplayer TV semi-hollow guitars are played by many of the top players around the world, and have become one of the staples within the music industry.<\/p>\n<p>We would be happy to make yours.<\/p>\n<p>Specifications:<\/p>\n<p>Neck<br \/>\nNeck Joint: Set-in<br \/>\nWood: 1-piece maple<br \/>\nWidth: 42,5 mm \/ 1.67\u2033 (nut), 52 mm \/ 2.05\u2033 (12th fret)<br \/>\nThickness: 21 mm \/ 0.8\u2033 (1st fret), 24 mm \/ 0.95\u2033 (12th fret)<br \/>\nShape: D<br \/>\nFingerboard: Indian rosewood, radius 30,5 mm \/ 12\u2033<br \/>\nInlays: Pearloid dots<br \/>\nFrets: 22 jumbo 2,8 x 1,0 mm<br \/>\nScale length: 648 mm \/ 25.5\u2033<br \/>\nTrussrod: Steel dual-action<br \/>\nHeadstock: Black veneer<\/p>\n<p>Body<br \/>\nType: Semi-hollow with sustain block, bent sides, f-hole<br \/>\nTop: Laminated spruce<br \/>\nBack, sides: Laminated flamed maple<br \/>\nSize: 46 x 34 cm \/ 18.11\u2033 x 13.38\u2033<br \/>\nHeight (sides): 4.5 cm \/ 1.8\u2033<br \/>\nBinding: Cream<br \/>\nPickguard: Gold-sparkle (different materials on some special models)<br \/>\nFinish: PUR lacquer (polyester used on sparkle, pearl and pearloid tops). Back and sides trans- black, except for special models.<\/p>\n<p>Hardware<br \/>\nTuners: Duesenberg Z-Tuners, \u201cArt Diego\u201d buttons<br \/>\nBridge: Duesenberg steel saddle bridge<br \/>\nTailpiece: Aluminum stop tailpiece (non-trem models only)<br \/>\nTremolo: Duesenberg Deluxe Tremola (trem models only)<br \/>\nStrap pins: Duesenberg standard (Straplock compatible)<br \/>\nHardware finish: Nickel<br \/>\nStrings: Duesenberg DSA10 (010-013-017-028-042-050)<br \/>\nElectrics Pickup (neck): Duesenberg Domino P-90<br \/>\nPickup (middle): \u2013<br \/>\nPickup (bridge): Duesenberg Grand Vintage Humbucker<br \/>\nWiring: 1 volume, 1 tone, 3-way pickup selector<\/p>\n<p>Special Models<\/p>\n<p>Outlaw: Skai-leather on top and headstock, nickel pickguard<br \/>\nGold-Top: Cream pickguard and cream pickup rings<br \/>\nPearl models: Pearl mosaic on top and headstock, nickel pickguard<br \/>\nClassic: All over light-orange finish, 5-layer binding, black &amp; gold pickguard, saturn-shape fingerboard inlays<br \/>\nTV+: Piezo bridge, multi-tone-pot<br \/>\nRebound: Duesenberg Little Toaster pickups, black &amp; gold pickguard, 3-crowns headstock inlay<\/p>\n<p>Accessories<\/p>\n<p>Case: Custom Line case (included)<br \/>\nTools: All required allen keys (included)<\/p>\n<p>&nbsp;<\/p>\n","protected":false},"excerpt":{"rendered":"<p>Wieder mal ein aussergew\u00f6hnliches Gusto St\u00fcckerl. Dieses Mal in Trans Orange.<\/p>\n<p>Ich bin die Starplayer TV<br \/>\nIch bin klassisch und trotzdem auf dem neusten Stand.<br \/>\nIch wurde entworfen, um Ohren, Augen und Herzen zu begeistern.<br \/>\nIch will die dreckigen Clubs<br \/>\nund die schillernden B\u00fchnen dieser Welt sehen.<\/p>\n[embed]https:\/\/www.youtube.com\/watch?v=wNE-Sm4MR7o&#038;t=520s[\/embed]\n<p>Zuverl\u00e4ssig, h\u00f6flich, auf alles vorbereitet<br \/>\nund f\u00fcr ein ganzes Leben gebaut.<\/p>\n","protected":false},"featured_media":7422,"template":"","meta":{"_uag_custom_page_level_css":"","site-sidebar-layout":"default","site-content-layout":"","ast-site-content-layout":"default","site-content-style":"default","site-sidebar-style":"default","ast-global-header-display":"","ast-banner-title-visibility":"","ast-main-header-display":"","ast-hfb-above-header-display":"","ast-hfb-below-header-display":"","ast-hfb-mobile-header-display":"","site-post-title":"","ast-breadcrumbs-content":"","ast-featured-img":"","footer-sml-layout":"","ast-disable-related-posts":"","theme-transparent-header-meta":"","adv-header-id-meta":"","stick-header-meta":"","header-above-stick-meta":"","header-main-stick-meta":"","header-below-stick-meta":"","astra-migrate-meta-layouts":"default","ast-page-background-enabled":"default","ast-page-background-meta":{"desktop":{"background-color":"var(--ast-global-color-4)","background-image":"","background-repeat":"repeat","background-position":"center center","background-size":"auto","background-attachment":"scroll","background-type":"","background-media":"","overlay-type":"","overlay-color":"","overlay-opacity":"","overlay-gradient":""},"tablet":{"background-color":"","background-image":"","background-repeat":"repeat","background-position":"center center","background-size":"auto","background-attachment":"scroll","background-type":"","background-media":"","overlay-type":"","overlay-color":"","overlay-opacity":"","overlay-gradient":""},"mobile":{"background-color":"","background-image":"","background-repeat":"repeat","background-position":"center center","background-size":"auto","background-attachment":"scroll","background-type":"","background-media":"","overlay-type":"","overlay-color":"","overlay-opacity":"","overlay-gradient":""}},"ast-content-background-meta":{"desktop":{"background-color":"var(--ast-global-color-5)","background-image":"","background-repeat":"repeat","background-position":"center center","background-size":"auto","background-attachment":"scroll","background-type":"","background-media":"","overlay-type":"","overlay-color":"","overlay-opacity":"","overlay-gradient":""},"tablet":{"background-color":"var(--ast-global-color-5)","background-image":"","background-repeat":"repeat","background-position":"center center","background-size":"auto","background-attachment":"scroll","background-type":"","background-media":"","overlay-type":"","overlay-color":"","overlay-opacity":"","overlay-gradient":""},"mobile":{"background-color":"var(--ast-global-color-5)","background-image":"","background-repeat":"repeat","background-position":"center center","background-size":"auto","background-attachment":"scroll","background-type":"","background-media":"","overlay-type":"","overlay-color":"","overlay-opacity":"","overlay-gradient":""}}},"product_brand":[],"product_cat":[81,80],"product_tag":[],"class_list":{"0":"post-7416","1":"product","2":"type-product","3":"status-publish","4":"has-post-thumbnail","6":"product_cat-duesenberg","7":"product_cat-e-gitarre","8":"desktop-align-center","9":"tablet-align-left","10":"mobile-align-left","11":"ast-product-gallery-layout-horizontal-slider","12":"ast-product-tabs-layout-accordion","14":"first","15":"outofstock","16":"sold-individually","17":"taxable","18":"shipping-taxable","19":"purchasable","20":"product-type-simple"},"uagb_featured_image_src":{"full":["https:\/\/www.kufsteinermusikhaus.com\/store\/wp-content\/uploads\/2019\/04\/Dusenb-SPTV-Orange_20190417_135004-2.jpg",576,1024,false],"thumbnail":["https:\/\/www.kufsteinermusikhaus.com\/store\/wp-content\/uploads\/2019\/04\/Dusenb-SPTV-Orange_20190417_135004-2-84x150.jpg",84,150,true],"medium":["https:\/\/www.kufsteinermusikhaus.com\/store\/wp-content\/uploads\/2019\/04\/Dusenb-SPTV-Orange_20190417_135004-2-169x300.jpg",169,300,true],"medium_large":["https:\/\/www.kufsteinermusikhaus.com\/store\/wp-content\/uploads\/2019\/04\/Dusenb-SPTV-Orange_20190417_135004-2.jpg",576,1024,false],"large":["https:\/\/www.kufsteinermusikhaus.com\/store\/wp-content\/uploads\/2019\/04\/Dusenb-SPTV-Orange_20190417_135004-2-576x1024.jpg",576,1024,true],"1536x1536":["https:\/\/www.kufsteinermusikhaus.com\/store\/wp-content\/uploads\/2019\/04\/Dusenb-SPTV-Orange_20190417_135004-2.jpg",576,1024,false],"2048x2048":["https:\/\/www.kufsteinermusikhaus.com\/store\/wp-content\/uploads\/2019\/04\/Dusenb-SPTV-Orange_20190417_135004-2.jpg",576,1024,false],"woocommerce_thumbnail":["https:\/\/www.kufsteinermusikhaus.com\/store\/wp-content\/uploads\/2019\/04\/Dusenb-SPTV-Orange_20190417_135004-2-250x444.jpg",250,444,true],"woocommerce_single":["https:\/\/www.kufsteinermusikhaus.com\/store\/wp-content\/uploads\/2019\/04\/Dusenb-SPTV-Orange_20190417_135004-2.jpg",576,1024,false],"woocommerce_gallery_thumbnail":["https:\/\/www.kufsteinermusikhaus.com\/store\/wp-content\/uploads\/2019\/04\/Dusenb-SPTV-Orange_20190417_135004-2-100x100.jpg",100,100,true]},"uagb_author_info":{"display_name":"wordpressadmin","author_link":"https:\/\/www.kufsteinermusikhaus.com\/store\/author\/"},"uagb_comment_info":0,"uagb_excerpt":"Wieder mal ein aussergew\u00f6hnliches Gusto St\u00fcckerl. Dieses Mal in Trans Orange. Ich bin die Starplayer TV Ich bin klassisch und trotzdem auf dem neusten Stand. Ich wurde entworfen, um Ohren, Augen und Herzen zu begeistern. Ich will die dreckigen Clubs und die schillernden B\u00fchnen dieser Welt sehen. [embed]https:\/\/www.youtube.com\/watch?v=wNE-Sm4MR7o&t=520s[\/embed] Zuverl\u00e4ssig, h\u00f6flich, auf alles vorbereitet und f\u00fcr&hellip;","_links":{"self":[{"href":"https:\/\/www.kufsteinermusikhaus.com\/store\/wp-json\/wp\/v2\/product\/7416","targetHints":{"allow":["GET"]}}],"collection":[{"href":"https:\/\/www.kufsteinermusikhaus.com\/store\/wp-json\/wp\/v2\/product"}],"about":[{"href":"https:\/\/www.kufsteinermusikhaus.com\/store\/wp-json\/wp\/v2\/types\/product"}],"wp:featuredmedia":[{"embeddable":true,"href":"https:\/\/www.kufsteinermusikhaus.com\/store\/wp-json\/wp\/v2\/media\/7422"}],"wp:attachment":[{"href":"https:\/\/www.kufsteinermusikhaus.com\/store\/wp-json\/wp\/v2\/media?parent=7416"}],"wp:term":[{"taxonomy":"product_brand","embeddable":true,"href":"https:\/\/www.kufsteinermusikhaus.com\/store\/wp-json\/wp\/v2\/product_brand?post=7416"},{"taxonomy":"product_cat","embeddable":true,"href":"https:\/\/www.kufsteinermusikhaus.com\/store\/wp-json\/wp\/v2\/product_cat?post=7416"},{"taxonomy":"product_tag","embeddable":true,"href":"https:\/\/www.kufsteinermusikhaus.com\/store\/wp-json\/wp\/v2\/product_tag?post=7416"}],"curies":[{"name":"wp","href":"https:\/\/api.w.org\/{rel}","templated":true}]}}