{"id":8573,"date":"2020-05-20T14:26:40","date_gmt":"2020-05-20T14:26:40","guid":{"rendered":"https:\/\/www.kufsteinermusikhaus.com\/store\/?post_type=product&#038;p=8573"},"modified":"2020-05-22T09:41:42","modified_gmt":"2020-05-22T09:41:42","slug":"lewitt-mtp-940-cm-2","status":"publish","type":"product","link":"https:\/\/www.kufsteinermusikhaus.com\/store\/produkt\/lewitt-mtp-940-cm-2\/","title":{"rendered":"Lewitt MTP 940 CM"},"content":{"rendered":"<p>Echte Studioperformance auf der B\u00fchne -dieses Gro\u00dfmembrankondensatormikrofon erlaubt es deine Stimme detailreich und authentisch abzubilden. Jede Klangquelle klingt ungemein nat\u00fcrlich und klar, ungewollte R\u00fcckkopplungen, Pop-, Atem-und Griffger\u00e4usche werden dabei auf ein Minimum reduziert. Das MTP 940 CM bietet einen hohen Dynamikumfang und sehr geringes Eigenrauschen -Ideal f\u00fcr den Studioeinsatz. Drei schaltbare Richtcharakteristiken erlauben es, die vielf\u00e4ltigsten Klangquellen aufzunehmen; Gesang, Akustikinstrumente -im Grunde alles, was mit einem Studiomikrofon aufgenommen werden kann. Die dreistufige Tiefenabschw\u00e4chung reduziert den Nahbesprechungseffekt, w\u00e4hrend die dreistufige Vord\u00e4mpfung es erlaubt, selbst h\u00f6chsten Schalldruck sauber verarbeitbar zu machen. Die praktische LED-Anzeige macht das Ablesen der eingestellten Parameter selbst in dunkler Umgebung m\u00f6glich. Sein extrem robustes Geh\u00e4use lassen dieses Mikrofon selbst auf den h\u00e4rtesten Touren niemals schwach aussehen. Das MTP 940 CM ist f\u00fcr alle Klangenthusiasten, deren Wunsch es immer schon war, hochqualitativen Studioklang auf die B\u00fchne zu bringen, oder das B\u00fchnengef\u00fchl ins Studio zu holen.<\/p>\n","protected":false},"excerpt":{"rendered":"<p>Das MTP 940 CM vereint die Eigenschaften eines Gro\u00dfmembrankondensatormikrofons und eines professionellen B\u00fchnenmikrofons in einem robusten Geh\u00e4use.<\/p>\n","protected":false},"featured_media":8574,"template":"","meta":{"_uag_custom_page_level_css":"","site-sidebar-layout":"default","site-content-layout":"","ast-site-content-layout":"default","site-content-style":"default","site-sidebar-style":"default","ast-global-header-display":"","ast-banner-title-visibility":"","ast-main-header-display":"","ast-hfb-above-header-display":"","ast-hfb-below-header-display":"","ast-hfb-mobile-header-display":"","site-post-title":"","ast-breadcrumbs-content":"","ast-featured-img":"","footer-sml-layout":"","ast-disable-related-posts":"","theme-transparent-header-meta":"","adv-header-id-meta":"","stick-header-meta":"","header-above-stick-meta":"","header-main-stick-meta":"","header-below-stick-meta":"","astra-migrate-meta-layouts":"default","ast-page-background-enabled":"default","ast-page-background-meta":{"desktop":{"background-color":"var(--ast-global-color-4)","background-image":"","background-repeat":"repeat","background-position":"center center","background-size":"auto","background-attachment":"scroll","background-type":"","background-media":"","overlay-type":"","overlay-color":"","overlay-opacity":"","overlay-gradient":""},"tablet":{"background-color":"","background-image":"","background-repeat":"repeat","background-position":"center center","background-size":"auto","background-attachment":"scroll","background-type":"","background-media":"","overlay-type":"","overlay-color":"","overlay-opacity":"","overlay-gradient":""},"mobile":{"background-color":"","background-image":"","background-repeat":"repeat","background-position":"center center","background-size":"auto","background-attachment":"scroll","background-type":"","background-media":"","overlay-type":"","overlay-color":"","overlay-opacity":"","overlay-gradient":""}},"ast-content-background-meta":{"desktop":{"background-color":"var(--ast-global-color-5)","background-image":"","background-repeat":"repeat","background-position":"center center","background-size":"auto","background-attachment":"scroll","background-type":"","background-media":"","overlay-type":"","overlay-color":"","overlay-opacity":"","overlay-gradient":""},"tablet":{"background-color":"var(--ast-global-color-5)","background-image":"","background-repeat":"repeat","background-position":"center center","background-size":"auto","background-attachment":"scroll","background-type":"","background-media":"","overlay-type":"","overlay-color":"","overlay-opacity":"","overlay-gradient":""},"mobile":{"background-color":"var(--ast-global-color-5)","background-image":"","background-repeat":"repeat","background-position":"center center","background-size":"auto","background-attachment":"scroll","background-type":"","background-media":"","overlay-type":"","overlay-color":"","overlay-opacity":"","overlay-gradient":""}}},"product_brand":[],"product_cat":[108,131,130],"product_tag":[],"class_list":{"0":"post-8573","1":"product","2":"type-product","3":"status-publish","4":"has-post-thumbnail","6":"product_cat-unkategorisiert","7":"product_cat-levit","8":"product_cat-mikrofone-kopfhoerer","9":"desktop-align-center","10":"tablet-align-left","11":"mobile-align-left","12":"ast-product-gallery-layout-horizontal-slider","13":"ast-product-tabs-layout-accordion","15":"first","16":"instock","17":"taxable","18":"shipping-taxable","19":"purchasable","20":"product-type-simple"},"uagb_featured_image_src":{"full":["https:\/\/www.kufsteinermusikhaus.com\/store\/wp-content\/uploads\/2020\/05\/lewitMTP-940-CMA-1.jpg",535,800,false],"thumbnail":["https:\/\/www.kufsteinermusikhaus.com\/store\/wp-content\/uploads\/2020\/05\/lewitMTP-940-CMA-1-100x150.jpg",100,150,true],"medium":["https:\/\/www.kufsteinermusikhaus.com\/store\/wp-content\/uploads\/2020\/05\/lewitMTP-940-CMA-1-201x300.jpg",201,300,true],"medium_large":["https:\/\/www.kufsteinermusikhaus.com\/store\/wp-content\/uploads\/2020\/05\/lewitMTP-940-CMA-1.jpg",535,800,false],"large":["https:\/\/www.kufsteinermusikhaus.com\/store\/wp-content\/uploads\/2020\/05\/lewitMTP-940-CMA-1.jpg",535,800,false],"1536x1536":["https:\/\/www.kufsteinermusikhaus.com\/store\/wp-content\/uploads\/2020\/05\/lewitMTP-940-CMA-1.jpg",535,800,false],"2048x2048":["https:\/\/www.kufsteinermusikhaus.com\/store\/wp-content\/uploads\/2020\/05\/lewitMTP-940-CMA-1.jpg",535,800,false],"woocommerce_thumbnail":["https:\/\/www.kufsteinermusikhaus.com\/store\/wp-content\/uploads\/2020\/05\/lewitMTP-940-CMA-1-250x374.jpg",250,374,true],"woocommerce_single":["https:\/\/www.kufsteinermusikhaus.com\/store\/wp-content\/uploads\/2020\/05\/lewitMTP-940-CMA-1.jpg",535,800,false],"woocommerce_gallery_thumbnail":["https:\/\/www.kufsteinermusikhaus.com\/store\/wp-content\/uploads\/2020\/05\/lewitMTP-940-CMA-1-100x100.jpg",100,100,true]},"uagb_author_info":{"display_name":"wordpressadmin","author_link":"https:\/\/www.kufsteinermusikhaus.com\/store\/author\/"},"uagb_comment_info":0,"uagb_excerpt":"Das MTP 940 CM vereint die Eigenschaften eines Gro\u00dfmembrankondensatormikrofons und eines professionellen B\u00fchnenmikrofons in einem robusten Geh\u00e4use.","_links":{"self":[{"href":"https:\/\/www.kufsteinermusikhaus.com\/store\/wp-json\/wp\/v2\/product\/8573","targetHints":{"allow":["GET"]}}],"collection":[{"href":"https:\/\/www.kufsteinermusikhaus.com\/store\/wp-json\/wp\/v2\/product"}],"about":[{"href":"https:\/\/www.kufsteinermusikhaus.com\/store\/wp-json\/wp\/v2\/types\/product"}],"wp:featuredmedia":[{"embeddable":true,"href":"https:\/\/www.kufsteinermusikhaus.com\/store\/wp-json\/wp\/v2\/media\/8574"}],"wp:attachment":[{"href":"https:\/\/www.kufsteinermusikhaus.com\/store\/wp-json\/wp\/v2\/media?parent=8573"}],"wp:term":[{"taxonomy":"product_brand","embeddable":true,"href":"https:\/\/www.kufsteinermusikhaus.com\/store\/wp-json\/wp\/v2\/product_brand?post=8573"},{"taxonomy":"product_cat","embeddable":true,"href":"https:\/\/www.kufsteinermusikhaus.com\/store\/wp-json\/wp\/v2\/product_cat?post=8573"},{"taxonomy":"product_tag","embeddable":true,"href":"https:\/\/www.kufsteinermusikhaus.com\/store\/wp-json\/wp\/v2\/product_tag?post=8573"}],"curies":[{"name":"wp","href":"https:\/\/api.w.org\/{rel}","templated":true}]}}