{"id":8738,"date":"2020-08-06T14:55:16","date_gmt":"2020-08-06T14:55:16","guid":{"rendered":"https:\/\/www.kufsteinermusikhaus.com\/store\/?post_type=product&#038;p=8738"},"modified":"2025-11-02T15:06:07","modified_gmt":"2025-11-02T14:06:07","slug":"cajon-omeya-master","status":"publish","type":"product","link":"https:\/\/www.kufsteinermusikhaus.com\/store\/produkt\/cajon-omeya-master\/","title":{"rendered":"Cajon Omeya Master"},"content":{"rendered":"<p>CHASSIS:<br \/>\nKomplett in Monoblock-Bauweise. Aus massiver amerikanischer Eiche (16 mm) gefertigt, Zusammensetzung mit &#8220;Finger-Joint&#8221;-System. Innerer Rahmen aus amerikanischer Eiche. Formale Konfiguration: Line-Array-typisch &#8211; interne Strukturen mit Knotenpunkt-Schnitten und D\u00e4mpfung nicht gew\u00fcnschter Frequenzen. Integrierter Komfort-Sitz (12 mm), in 1st-Class Leder gefertigt. Auf &#8220;Silikonspikes&#8221; mit kleinsten Kontaktfl\u00e4chen (Entkoppelung vom Boden).<br \/>\nSCHLAGFL\u00c4CHE:<br \/>\nExklusiv hergestellt von J.Leiva Percussion. Aus 100% aeronautischer Carbonfaser mit 4K-Zertifizierung (high modulus). Mehrlagige Schicht mit gerichteter Oberfl\u00e4chen-Spannung. Unver\u00e4nderliche Sound- und Qualit\u00e4ts-Eigenschaften. Lebenslange Garantie.<br \/>\nSTIMM-SYSTEM:<br \/>\nVierfach-D.T.S. (=Direkt-Stimm-System). 8 parallele Gitarrensaiten, vertikal positioniert, von aussen am Cajon stimmbar, ohne Hilfswerkzeuge.<br \/>\nABMESSUNGEN: 49 cm hoch, 32 cm breit (vorne), 28 cm breit (hinten), 36 cm tief<\/p>\n","protected":false},"excerpt":{"rendered":"<p>Wir k\u00f6nnen hier den besten Cajon, den wir je hergestellt haben vorstellen. Mit den besten Materialien, Techniken und Forschungsergebnissen entwickelt.<\/p>\n","protected":false},"featured_media":8739,"template":"","meta":{"_uag_custom_page_level_css":"","site-sidebar-layout":"default","site-content-layout":"","ast-site-content-layout":"default","site-content-style":"default","site-sidebar-style":"default","ast-global-header-display":"","ast-banner-title-visibility":"","ast-main-header-display":"","ast-hfb-above-header-display":"","ast-hfb-below-header-display":"","ast-hfb-mobile-header-display":"","site-post-title":"","ast-breadcrumbs-content":"","ast-featured-img":"","footer-sml-layout":"","ast-disable-related-posts":"","theme-transparent-header-meta":"","adv-header-id-meta":"","stick-header-meta":"","header-above-stick-meta":"","header-main-stick-meta":"","header-below-stick-meta":"","astra-migrate-meta-layouts":"default","ast-page-background-enabled":"default","ast-page-background-meta":{"desktop":{"background-color":"var(--ast-global-color-4)","background-image":"","background-repeat":"repeat","background-position":"center center","background-size":"auto","background-attachment":"scroll","background-type":"","background-media":"","overlay-type":"","overlay-color":"","overlay-opacity":"","overlay-gradient":""},"tablet":{"background-color":"","background-image":"","background-repeat":"repeat","background-position":"center center","background-size":"auto","background-attachment":"scroll","background-type":"","background-media":"","overlay-type":"","overlay-color":"","overlay-opacity":"","overlay-gradient":""},"mobile":{"background-color":"","background-image":"","background-repeat":"repeat","background-position":"center center","background-size":"auto","background-attachment":"scroll","background-type":"","background-media":"","overlay-type":"","overlay-color":"","overlay-opacity":"","overlay-gradient":""}},"ast-content-background-meta":{"desktop":{"background-color":"var(--ast-global-color-5)","background-image":"","background-repeat":"repeat","background-position":"center center","background-size":"auto","background-attachment":"scroll","background-type":"","background-media":"","overlay-type":"","overlay-color":"","overlay-opacity":"","overlay-gradient":""},"tablet":{"background-color":"var(--ast-global-color-5)","background-image":"","background-repeat":"repeat","background-position":"center center","background-size":"auto","background-attachment":"scroll","background-type":"","background-media":"","overlay-type":"","overlay-color":"","overlay-opacity":"","overlay-gradient":""},"mobile":{"background-color":"var(--ast-global-color-5)","background-image":"","background-repeat":"repeat","background-position":"center center","background-size":"auto","background-attachment":"scroll","background-type":"","background-media":"","overlay-type":"","overlay-color":"","overlay-opacity":"","overlay-gradient":""}}},"product_brand":[],"product_cat":[132],"product_tag":[],"class_list":{"0":"post-8738","1":"product","2":"type-product","3":"status-publish","4":"has-post-thumbnail","6":"product_cat-cachon","7":"product_shipping_class-laenge-bis-100cm","8":"desktop-align-center","9":"tablet-align-left","10":"mobile-align-left","11":"ast-product-gallery-layout-horizontal-slider","12":"ast-product-tabs-layout-accordion","14":"first","15":"instock","16":"sold-individually","17":"taxable","18":"shipping-taxable","19":"purchasable","20":"product-type-simple"},"uagb_featured_image_src":{"full":["https:\/\/www.kufsteinermusikhaus.com\/store\/wp-content\/uploads\/2020\/08\/medina-ecoMaster-Birch-frontal.png",639,800,false],"thumbnail":["https:\/\/www.kufsteinermusikhaus.com\/store\/wp-content\/uploads\/2020\/08\/medina-ecoMaster-Birch-frontal-120x150.png",120,150,true],"medium":["https:\/\/www.kufsteinermusikhaus.com\/store\/wp-content\/uploads\/2020\/08\/medina-ecoMaster-Birch-frontal-240x300.png",240,300,true],"medium_large":["https:\/\/www.kufsteinermusikhaus.com\/store\/wp-content\/uploads\/2020\/08\/medina-ecoMaster-Birch-frontal.png",639,800,false],"large":["https:\/\/www.kufsteinermusikhaus.com\/store\/wp-content\/uploads\/2020\/08\/medina-ecoMaster-Birch-frontal.png",639,800,false],"1536x1536":["https:\/\/www.kufsteinermusikhaus.com\/store\/wp-content\/uploads\/2020\/08\/medina-ecoMaster-Birch-frontal.png",639,800,false],"2048x2048":["https:\/\/www.kufsteinermusikhaus.com\/store\/wp-content\/uploads\/2020\/08\/medina-ecoMaster-Birch-frontal.png",639,800,false],"woocommerce_thumbnail":["https:\/\/www.kufsteinermusikhaus.com\/store\/wp-content\/uploads\/2020\/08\/medina-ecoMaster-Birch-frontal-250x313.png",250,313,true],"woocommerce_single":["https:\/\/www.kufsteinermusikhaus.com\/store\/wp-content\/uploads\/2020\/08\/medina-ecoMaster-Birch-frontal.png",639,800,false],"woocommerce_gallery_thumbnail":["https:\/\/www.kufsteinermusikhaus.com\/store\/wp-content\/uploads\/2020\/08\/medina-ecoMaster-Birch-frontal-100x100.png",100,100,true]},"uagb_author_info":{"display_name":"wordpressadmin","author_link":"https:\/\/www.kufsteinermusikhaus.com\/store\/author\/"},"uagb_comment_info":0,"uagb_excerpt":"Wir k\u00f6nnen hier den besten Cajon, den wir je hergestellt haben vorstellen. Mit den besten Materialien, Techniken und Forschungsergebnissen entwickelt.","_links":{"self":[{"href":"https:\/\/www.kufsteinermusikhaus.com\/store\/wp-json\/wp\/v2\/product\/8738","targetHints":{"allow":["GET"]}}],"collection":[{"href":"https:\/\/www.kufsteinermusikhaus.com\/store\/wp-json\/wp\/v2\/product"}],"about":[{"href":"https:\/\/www.kufsteinermusikhaus.com\/store\/wp-json\/wp\/v2\/types\/product"}],"wp:featuredmedia":[{"embeddable":true,"href":"https:\/\/www.kufsteinermusikhaus.com\/store\/wp-json\/wp\/v2\/media\/8739"}],"wp:attachment":[{"href":"https:\/\/www.kufsteinermusikhaus.com\/store\/wp-json\/wp\/v2\/media?parent=8738"}],"wp:term":[{"taxonomy":"product_brand","embeddable":true,"href":"https:\/\/www.kufsteinermusikhaus.com\/store\/wp-json\/wp\/v2\/product_brand?post=8738"},{"taxonomy":"product_cat","embeddable":true,"href":"https:\/\/www.kufsteinermusikhaus.com\/store\/wp-json\/wp\/v2\/product_cat?post=8738"},{"taxonomy":"product_tag","embeddable":true,"href":"https:\/\/www.kufsteinermusikhaus.com\/store\/wp-json\/wp\/v2\/product_tag?post=8738"}],"curies":[{"name":"wp","href":"https:\/\/api.w.org\/{rel}","templated":true}]}}