{"id":9155,"date":"2021-01-05T10:08:51","date_gmt":"2021-01-05T10:08:51","guid":{"rendered":"https:\/\/www.kufsteinermusikhaus.com\/store\/?post_type=product&#038;p=9155"},"modified":"2021-01-05T10:36:38","modified_gmt":"2021-01-05T10:36:38","slug":"blacksmith-nickel-round-wound","status":"publish","type":"product","link":"https:\/\/www.kufsteinermusikhaus.com\/store\/produkt\/blacksmith-nickel-round-wound\/","title":{"rendered":"Blacksmith Nickel Round Wound"},"content":{"rendered":"<p>Bei uns relativ unbekannte Saitenmarke geh\u00f6rt aber schon seit 1984 zum Standard f\u00fcr viele der renommiertesten Hersteller. Nach ausgiebigen Test sind wir absolut \u00fcberzeugt das diese Marke in Zukunft den Saitenmarkt positiv beleben wird. Blacksmith braucht keinen Vergleich mit den renommierten\u00a0Herstellern zu scheuen.<\/p>\n<p>Besonders positiv fielen uns die <strong>Nano-Carbon Shield\u00a0<\/strong>beschichteten Saiten auf die\u00a0eine nicht sp\u00fcrbare Beschichtung ausweisen aber \u00e4usserst langlebig sind.<\/p>\n<p>Details zu den Saiten\u00a0<a href=\"http:\/\/www.blacksmithstrings.com\">http:\/\/www.blacksmithstrings.com<\/a><\/p>\n<p>Infos des Herstellers :<\/p>\n<p>BlackSmith has been trusted with producing the world\u2019s highest quality fret wire since 1984.<br \/>\nOur prestigious clients include industry leaders such as Gibson, Fender, Ibanez, Yamaha, Larrivee, Godin, Jackson, Charvel, ESP, Schecter, Samick, Cort, and many more!\u00a0 After many successful years in the fret wire business, we decided to take the same precision manufacturing concepts to create a line of high quality, but affordable, electric guitar, acoustic guitar, and electric bass strings.<\/p>\n<p>Gibson is a registered trademark of Gibson Brands, Inc., Fender is a registered trademark of FMIC, Ibanez is a registered trademark of Hoshino Gakki, Yamaha is a registered trademark of Yamaha Corp., Larrivee is a registered trademark of Jean Larrivee Guitars Ltd., Samick is a registered trademark of Samick Musical Instrument Co., Ltd., ESP is a registered trademark of ESP Company, Ltd., Cort is a registered trademark of Cort Guitars, Schecter is a registered trademark of Schecter Guitar Research, Godin is a registered trademark of Godin.<\/p>\n","protected":false},"excerpt":{"rendered":"<p>Bei uns relativ unbekannte Saitenmarke geh\u00f6rt aber schon seit 1984 zum Standard f\u00fcr viele der renommiertesten Hersteller. Nach ausgiebigen Test sind wir absolut \u00fcberzeugt das diese Marke in Zukunft den Saitenmarkt positiv beleben wird. Blacksmith braucht keinen Vergleich mit den renommierten\u00a0Herstellern zu scheuen. Besonders positiv fielen uns die Nano-Carbon Shield\u00a0beschichteten Saiten auf die\u00a0eine nicht sp\u00fcrbare [&hellip;]<\/p>\n","protected":false},"featured_media":9170,"template":"","meta":{"_uag_custom_page_level_css":"","site-sidebar-layout":"default","site-content-layout":"","ast-site-content-layout":"default","site-content-style":"default","site-sidebar-style":"default","ast-global-header-display":"","ast-banner-title-visibility":"","ast-main-header-display":"","ast-hfb-above-header-display":"","ast-hfb-below-header-display":"","ast-hfb-mobile-header-display":"","site-post-title":"","ast-breadcrumbs-content":"","ast-featured-img":"","footer-sml-layout":"","ast-disable-related-posts":"","theme-transparent-header-meta":"","adv-header-id-meta":"","stick-header-meta":"","header-above-stick-meta":"","header-main-stick-meta":"","header-below-stick-meta":"","astra-migrate-meta-layouts":"default","ast-page-background-enabled":"default","ast-page-background-meta":{"desktop":{"background-color":"var(--ast-global-color-4)","background-image":"","background-repeat":"repeat","background-position":"center center","background-size":"auto","background-attachment":"scroll","background-type":"","background-media":"","overlay-type":"","overlay-color":"","overlay-opacity":"","overlay-gradient":""},"tablet":{"background-color":"","background-image":"","background-repeat":"repeat","background-position":"center center","background-size":"auto","background-attachment":"scroll","background-type":"","background-media":"","overlay-type":"","overlay-color":"","overlay-opacity":"","overlay-gradient":""},"mobile":{"background-color":"","background-image":"","background-repeat":"repeat","background-position":"center center","background-size":"auto","background-attachment":"scroll","background-type":"","background-media":"","overlay-type":"","overlay-color":"","overlay-opacity":"","overlay-gradient":""}},"ast-content-background-meta":{"desktop":{"background-color":"var(--ast-global-color-5)","background-image":"","background-repeat":"repeat","background-position":"center center","background-size":"auto","background-attachment":"scroll","background-type":"","background-media":"","overlay-type":"","overlay-color":"","overlay-opacity":"","overlay-gradient":""},"tablet":{"background-color":"var(--ast-global-color-5)","background-image":"","background-repeat":"repeat","background-position":"center center","background-size":"auto","background-attachment":"scroll","background-type":"","background-media":"","overlay-type":"","overlay-color":"","overlay-opacity":"","overlay-gradient":""},"mobile":{"background-color":"var(--ast-global-color-5)","background-image":"","background-repeat":"repeat","background-position":"center center","background-size":"auto","background-attachment":"scroll","background-type":"","background-media":"","overlay-type":"","overlay-color":"","overlay-opacity":"","overlay-gradient":""}}},"product_brand":[],"product_cat":[108,155],"product_tag":[],"class_list":{"0":"post-9155","1":"product","2":"type-product","3":"status-publish","4":"has-post-thumbnail","6":"product_cat-unkategorisiert","7":"product_cat-saiten-e-gitarre","8":"product_shipping_class-laenge-bis-50cm","9":"pa_saitenstaerke-10-46","10":"pa_saitenstaerke-10-52","11":"pa_saitenstaerke-10-56","12":"pa_saitenstaerke-11-49","13":"pa_saitenstaerke-12-56","14":"pa_saitenstaerke-9-42","15":"pa_saitenstaerke-9-46","16":"desktop-align-center","17":"tablet-align-left","18":"mobile-align-left","19":"ast-product-gallery-layout-horizontal-slider","20":"ast-product-single-variable","21":"ast-product-tabs-layout-accordion","23":"first","24":"instock","25":"taxable","26":"shipping-taxable","27":"purchasable","28":"product-type-variable"},"uagb_featured_image_src":{"full":["https:\/\/www.kufsteinermusikhaus.com\/store\/wp-content\/uploads\/2021\/01\/BSblacksmith-nickel-10-46.jpg",500,500,false],"thumbnail":["https:\/\/www.kufsteinermusikhaus.com\/store\/wp-content\/uploads\/2021\/01\/BSblacksmith-nickel-10-46-150x150.jpg",150,150,true],"medium":["https:\/\/www.kufsteinermusikhaus.com\/store\/wp-content\/uploads\/2021\/01\/BSblacksmith-nickel-10-46-300x300.jpg",300,300,true],"medium_large":["https:\/\/www.kufsteinermusikhaus.com\/store\/wp-content\/uploads\/2021\/01\/BSblacksmith-nickel-10-46.jpg",500,500,false],"large":["https:\/\/www.kufsteinermusikhaus.com\/store\/wp-content\/uploads\/2021\/01\/BSblacksmith-nickel-10-46.jpg",500,500,false],"1536x1536":["https:\/\/www.kufsteinermusikhaus.com\/store\/wp-content\/uploads\/2021\/01\/BSblacksmith-nickel-10-46.jpg",500,500,false],"2048x2048":["https:\/\/www.kufsteinermusikhaus.com\/store\/wp-content\/uploads\/2021\/01\/BSblacksmith-nickel-10-46.jpg",500,500,false],"woocommerce_thumbnail":["https:\/\/www.kufsteinermusikhaus.com\/store\/wp-content\/uploads\/2021\/01\/BSblacksmith-nickel-10-46-250x250.jpg",250,250,true],"woocommerce_single":["https:\/\/www.kufsteinermusikhaus.com\/store\/wp-content\/uploads\/2021\/01\/BSblacksmith-nickel-10-46.jpg",500,500,false],"woocommerce_gallery_thumbnail":["https:\/\/www.kufsteinermusikhaus.com\/store\/wp-content\/uploads\/2021\/01\/BSblacksmith-nickel-10-46-100x100.jpg",100,100,true]},"uagb_author_info":{"display_name":"wordpressadmin","author_link":"https:\/\/www.kufsteinermusikhaus.com\/store\/author\/"},"uagb_comment_info":0,"uagb_excerpt":"Bei uns relativ unbekannte Saitenmarke geh\u00f6rt aber schon seit 1984 zum Standard f\u00fcr viele der renommiertesten Hersteller. Nach ausgiebigen Test sind wir absolut \u00fcberzeugt das diese Marke in Zukunft den Saitenmarkt positiv beleben wird. Blacksmith braucht keinen Vergleich mit den renommierten\u00a0Herstellern zu scheuen. Besonders positiv fielen uns die Nano-Carbon Shield\u00a0beschichteten Saiten auf die\u00a0eine nicht sp\u00fcrbare&hellip;","_links":{"self":[{"href":"https:\/\/www.kufsteinermusikhaus.com\/store\/wp-json\/wp\/v2\/product\/9155","targetHints":{"allow":["GET"]}}],"collection":[{"href":"https:\/\/www.kufsteinermusikhaus.com\/store\/wp-json\/wp\/v2\/product"}],"about":[{"href":"https:\/\/www.kufsteinermusikhaus.com\/store\/wp-json\/wp\/v2\/types\/product"}],"wp:featuredmedia":[{"embeddable":true,"href":"https:\/\/www.kufsteinermusikhaus.com\/store\/wp-json\/wp\/v2\/media\/9170"}],"wp:attachment":[{"href":"https:\/\/www.kufsteinermusikhaus.com\/store\/wp-json\/wp\/v2\/media?parent=9155"}],"wp:term":[{"taxonomy":"product_brand","embeddable":true,"href":"https:\/\/www.kufsteinermusikhaus.com\/store\/wp-json\/wp\/v2\/product_brand?post=9155"},{"taxonomy":"product_cat","embeddable":true,"href":"https:\/\/www.kufsteinermusikhaus.com\/store\/wp-json\/wp\/v2\/product_cat?post=9155"},{"taxonomy":"product_tag","embeddable":true,"href":"https:\/\/www.kufsteinermusikhaus.com\/store\/wp-json\/wp\/v2\/product_tag?post=9155"}],"curies":[{"name":"wp","href":"https:\/\/api.w.org\/{rel}","templated":true}]}}